{"id":780709,"date":"2026-01-20T04:17:40","date_gmt":"2026-01-20T01:17:40","guid":{"rendered":"https:\/\/roveyayinevi.com.tr\/index.php\/urun\/agac-koy\/"},"modified":"2026-04-15T03:44:49","modified_gmt":"2026-04-15T00:44:49","slug":"agac-koy","status":"publish","type":"product","link":"https:\/\/roveyayinevi.com.tr\/index.php\/urun\/agac-koy\/","title":{"rendered":"A\u011fa\u00e7 K\u00f6y"},"content":{"rendered":"<p>Muhte\u015fem dedektifler Peggy ve Stu\u2019ya siz de kat\u0131l\u0131n,  \u0130K\u0130 zor olay\u0131 \u00e7\u00f6zmelerine yard\u0131n edin!   O da ne?  M\u00fczisyenin trompeti kendi kendine ayaklan\u0131p ka\u00e7t\u0131!  Peki ya kasaba halk\u0131n\u0131n birden di\u015f a\u011fr\u0131s\u0131  \u00e7ekmelerine ne demeli?  \u00d6\u011frenmek i\u00e7in hemen ke\u015ffe \u00e7\u0131k\u0131n!  <\/p>\n","protected":false},"excerpt":{"rendered":"<p>Muhte\u015fem dedektifler Peggy ve Stu\u2019ya siz de kat\u0131l\u0131n, \u0130K\u0130 zor olay\u0131 \u00e7\u00f6zmelerine yard\u0131n edin! O da ne? M\u00fczisyenin trompeti kendi kendine ayaklan\u0131p ka\u00e7t\u0131! Peki ya kasaba<span class=\"excerpt-hellip\"> [\u2026]<\/span><\/p>\n","protected":false},"featured_media":0,"template":"","meta":{"_monsterinsights_skip_tracking":false,"_monsterinsights_sitenote_active":false,"_monsterinsights_sitenote_note":"","_monsterinsights_sitenote_category":0},"product_brand":[],"product_cat":[12274,12523],"product_tag":[],"class_list":{"0":"post-780709","1":"product","2":"type-product","3":"status-publish","5":"product_cat-cocuk-ve-genclik-kitaplari","6":"product_cat-masallar","7":"pa_cilt-ciltsiz","8":"pa_tur-kitap","9":"pa_yayinevi-buyulu-fener-yayinlari","10":"pa_yazar-steve-roberts-joel-stewart","12":"first","13":"instock","14":"sale","15":"shipping-taxable","16":"purchasable","17":"product-type-simple"},"_links":{"self":[{"href":"https:\/\/roveyayinevi.com.tr\/index.php\/wp-json\/wp\/v2\/product\/780709","targetHints":{"allow":["GET"]}}],"collection":[{"href":"https:\/\/roveyayinevi.com.tr\/index.php\/wp-json\/wp\/v2\/product"}],"about":[{"href":"https:\/\/roveyayinevi.com.tr\/index.php\/wp-json\/wp\/v2\/types\/product"}],"wp:attachment":[{"href":"https:\/\/roveyayinevi.com.tr\/index.php\/wp-json\/wp\/v2\/media?parent=780709"}],"wp:term":[{"taxonomy":"product_brand","embeddable":true,"href":"https:\/\/roveyayinevi.com.tr\/index.php\/wp-json\/wp\/v2\/product_brand?post=780709"},{"taxonomy":"product_cat","embeddable":true,"href":"https:\/\/roveyayinevi.com.tr\/index.php\/wp-json\/wp\/v2\/product_cat?post=780709"},{"taxonomy":"product_tag","embeddable":true,"href":"https:\/\/roveyayinevi.com.tr\/index.php\/wp-json\/wp\/v2\/product_tag?post=780709"}],"curies":[{"name":"wp","href":"https:\/\/api.w.org\/{rel}","templated":true}]}}