{"id":780703,"date":"2026-01-20T04:17:22","date_gmt":"2026-01-20T01:17:22","guid":{"rendered":"https:\/\/roveyayinevi.com.tr\/index.php\/urun\/arapcayi-sevdiren-kitap-1-renkli\/"},"modified":"2026-04-15T03:44:47","modified_gmt":"2026-04-15T00:44:47","slug":"arapcayi-sevdiren-kitap-1-renkli","status":"publish","type":"product","link":"https:\/\/roveyayinevi.com.tr\/index.php\/urun\/arapcayi-sevdiren-kitap-1-renkli\/","title":{"rendered":"Arap\u00e7ay\u0131 Sevdiren Kitap 1 (Renkli)"},"content":{"rendered":"<p>Bu eser, Arap\u00e7a \u00f6\u011frenmek isteyenlere kendi kendine ve sa\u011flam bir temele dayal\u0131 bi\u00e7imde Arap\u00e7a \u00f6\u011frenme imk\u00e2n\u0131 sunmay\u0131 ama\u00e7lamaktad\u0131r. Kitapta, Arap\u00e7a \u00f6\u011freniminde \u201colmazsa olmaz\u201d olarak kabul edilen en temel dilbilgisi konular\u0131 sade ve sistemli bir \u015fekilde ele al\u0131nm\u0131\u015ft\u0131r. Arap\u00e7a \u00f6\u011frenme s\u00fcrecine ad\u0131m atan herkesin bu temel bilgileri kavramas\u0131, dil becerilerini ileri d\u00fczeylere ta\u015f\u0131yabilmesi i\u00e7in zorunludur.Eserdeki konu s\u0131ralamas\u0131, uzun y\u0131llara dayanan Arap\u00e7a \u00f6\u011fretim tecr\u00fcbeleri ve uygulamalardan s\u00fcz\u00fclerek olu\u015fturulmu\u015ftur. Arap\u00e7a \u00f6\u011frenmek isteyenlere tavsiyemiz, bu konular\u0131 s\u0131ras\u0131yla takip etmeleri ve her birini tam olarak kavramadan bir sonrakine ge\u00e7memeleridir. \u00c7\u00fcnk\u00fc g\u00fc\u00e7l\u00fc bir dil bilgisi, ancak sa\u011flam bir temel \u00fczerine in\u015fa edilebilir.Bu kitab\u0131n, Arap\u00e7aya duydu\u011funuz ilgiyi sevgiye, sevginizi de kal\u0131c\u0131 bir \u00f6\u011frenme tutkusuna d\u00f6n\u00fc\u015ft\u00fcrmesi dile\u011fiyle\u2026<\/p>\n","protected":false},"excerpt":{"rendered":"<p>Bu eser, Arap\u00e7a \u00f6\u011frenmek isteyenlere kendi kendine ve sa\u011flam bir temele dayal\u0131 bi\u00e7imde Arap\u00e7a \u00f6\u011frenme imk\u00e2n\u0131 sunmay\u0131 ama\u00e7lamaktad\u0131r. Kitapta, Arap\u00e7a \u00f6\u011freniminde \u201colmazsa olmaz\u201d olarak kabul edilen<span class=\"excerpt-hellip\"> [\u2026]<\/span><\/p>\n","protected":false},"featured_media":0,"template":"","meta":{"_monsterinsights_skip_tracking":false,"_monsterinsights_sitenote_active":false,"_monsterinsights_sitenote_note":"","_monsterinsights_sitenote_category":0},"product_brand":[],"product_cat":[31856,14597,12566],"product_tag":[],"class_list":{"0":"post-780703","1":"product","2":"type-product","3":"status-publish","5":"product_cat-arapca","6":"product_cat-dil-ogrenimi","7":"product_cat-egitim","8":"pa_cilt-ciltsiz","9":"pa_tur-kitap","10":"pa_yayinevi-alfa-yayinlari","11":"pa_yazar-fadime-kavak","12":"pa_yazar-huseyin-gunday","13":"pa_yazar-sener-sahin","15":"first","16":"instock","17":"sale","18":"shipping-taxable","19":"purchasable","20":"product-type-simple"},"_links":{"self":[{"href":"https:\/\/roveyayinevi.com.tr\/index.php\/wp-json\/wp\/v2\/product\/780703","targetHints":{"allow":["GET"]}}],"collection":[{"href":"https:\/\/roveyayinevi.com.tr\/index.php\/wp-json\/wp\/v2\/product"}],"about":[{"href":"https:\/\/roveyayinevi.com.tr\/index.php\/wp-json\/wp\/v2\/types\/product"}],"wp:attachment":[{"href":"https:\/\/roveyayinevi.com.tr\/index.php\/wp-json\/wp\/v2\/media?parent=780703"}],"wp:term":[{"taxonomy":"product_brand","embeddable":true,"href":"https:\/\/roveyayinevi.com.tr\/index.php\/wp-json\/wp\/v2\/product_brand?post=780703"},{"taxonomy":"product_cat","embeddable":true,"href":"https:\/\/roveyayinevi.com.tr\/index.php\/wp-json\/wp\/v2\/product_cat?post=780703"},{"taxonomy":"product_tag","embeddable":true,"href":"https:\/\/roveyayinevi.com.tr\/index.php\/wp-json\/wp\/v2\/product_tag?post=780703"}],"curies":[{"name":"wp","href":"https:\/\/api.w.org\/{rel}","templated":true}]}}