{"id":780702,"date":"2026-01-20T04:17:19","date_gmt":"2026-01-20T01:17:19","guid":{"rendered":"https:\/\/roveyayinevi.com.tr\/index.php\/urun\/arapcayi-sevdiren-kitap-2-renkli\/"},"modified":"2026-04-15T03:44:47","modified_gmt":"2026-04-15T00:44:47","slug":"arapcayi-sevdiren-kitap-2-renkli","status":"publish","type":"product","link":"https:\/\/roveyayinevi.com.tr\/index.php\/urun\/arapcayi-sevdiren-kitap-2-renkli\/","title":{"rendered":"Arap\u00e7ay\u0131 Sevdiren Kitap 2 (Renkli)"},"content":{"rendered":"<p>Arap\u00e7a \u00f6\u011frenmek isteyenlere kendi kendine etkili bir \u015fekilde \u00f6\u011frenme imk\u00e2n\u0131 sunan bu eser, daha \u00f6nce yay\u0131mlanan Arap\u00e7ay\u0131 Sevdiren Kitap 1\u2019in devam\u0131 niteli\u011findedir. Bu nedenle Arap\u00e7ay\u0131 Sevdiren Kitap 2\u2019nin sundu\u011fu kazan\u0131mlardan tam anlam\u0131yla yararlanabilmek i\u00e7in, \u00f6ncelikle ilk kitab\u0131n iyice \u00f6z\u00fcmsenmesi gerekmektedir.Arap\u00e7ay\u0131 Sevdiren Kitap 2, \u00f6nceki kitapta temelleri at\u0131lan dil bilgisini peki\u015ftirerek, \u00f6zg\u00fcn konu i\u015fleyi\u015fi, zengin al\u0131\u015ft\u0131rma i\u00e7eri\u011fi ve sistematik \u00f6\u011fretim yakla\u015f\u0131m\u0131yla \u00f6\u011frencinin dil becerilerini \u00fcst d\u00fczeye ta\u015f\u0131may\u0131 hedeflemektedir.Uzun y\u0131llar boyunca edinilen Arap\u00e7a \u00f6\u011fretim tecr\u00fcbelerine ve uygulamalara dayanan eser, \u00f6zg\u00fcn konu ba\u015fl\u0131klar\u0131 ve y\u00f6ntemleriyle farkl\u0131l\u0131k arz etmektedir. Konular\u0131n s\u0131ras\u0131yla takip edilmesi ve derinlemesine kavranmas\u0131, kal\u0131c\u0131 \u00f6\u011frenme a\u00e7\u0131s\u0131ndan belirleyici bir rol oynamaktad\u0131r.Arap\u00e7a \u00f6\u011frenme yolculu\u011funuzun bu eserle yeni bir a\u015famaya ta\u015f\u0131nmas\u0131 dile\u011fiyle\u2026<\/p>\n","protected":false},"excerpt":{"rendered":"<p>Arap\u00e7a \u00f6\u011frenmek isteyenlere kendi kendine etkili bir \u015fekilde \u00f6\u011frenme imk\u00e2n\u0131 sunan bu eser, daha \u00f6nce yay\u0131mlanan Arap\u00e7ay\u0131 Sevdiren Kitap 1\u2019in devam\u0131 niteli\u011findedir. Bu nedenle Arap\u00e7ay\u0131 Sevdiren<span class=\"excerpt-hellip\"> [\u2026]<\/span><\/p>\n","protected":false},"featured_media":0,"template":"","meta":{"_monsterinsights_skip_tracking":false,"_monsterinsights_sitenote_active":false,"_monsterinsights_sitenote_note":"","_monsterinsights_sitenote_category":0},"product_brand":[],"product_cat":[31856,14597,12566],"product_tag":[],"class_list":{"0":"post-780702","1":"product","2":"type-product","3":"status-publish","5":"product_cat-arapca","6":"product_cat-dil-ogrenimi","7":"product_cat-egitim","8":"pa_cilt-ciltsiz","9":"pa_tur-kitap","10":"pa_yayinevi-alfa-yayinlari","11":"pa_yazar-fadime-kavak","12":"pa_yazar-huseyin-gunday","13":"pa_yazar-sener-sahin","15":"first","16":"instock","17":"sale","18":"shipping-taxable","19":"purchasable","20":"product-type-simple"},"_links":{"self":[{"href":"https:\/\/roveyayinevi.com.tr\/index.php\/wp-json\/wp\/v2\/product\/780702","targetHints":{"allow":["GET"]}}],"collection":[{"href":"https:\/\/roveyayinevi.com.tr\/index.php\/wp-json\/wp\/v2\/product"}],"about":[{"href":"https:\/\/roveyayinevi.com.tr\/index.php\/wp-json\/wp\/v2\/types\/product"}],"wp:attachment":[{"href":"https:\/\/roveyayinevi.com.tr\/index.php\/wp-json\/wp\/v2\/media?parent=780702"}],"wp:term":[{"taxonomy":"product_brand","embeddable":true,"href":"https:\/\/roveyayinevi.com.tr\/index.php\/wp-json\/wp\/v2\/product_brand?post=780702"},{"taxonomy":"product_cat","embeddable":true,"href":"https:\/\/roveyayinevi.com.tr\/index.php\/wp-json\/wp\/v2\/product_cat?post=780702"},{"taxonomy":"product_tag","embeddable":true,"href":"https:\/\/roveyayinevi.com.tr\/index.php\/wp-json\/wp\/v2\/product_tag?post=780702"}],"curies":[{"name":"wp","href":"https:\/\/api.w.org\/{rel}","templated":true}]}}