{"id":780697,"date":"2026-01-20T04:17:05","date_gmt":"2026-01-20T01:17:05","guid":{"rendered":"https:\/\/roveyayinevi.com.tr\/index.php\/urun\/defnenin-hikayesi\/"},"modified":"2026-04-08T03:41:35","modified_gmt":"2026-04-08T00:41:35","slug":"defnenin-hikayesi","status":"publish","type":"product","link":"https:\/\/roveyayinevi.com.tr\/index.php\/urun\/defnenin-hikayesi\/","title":{"rendered":"Defne\u2019nin Hikayesi"},"content":{"rendered":"<p>\u201cKendimize hen\u00fcz ula\u015fmadan Nas\u0131l var\u0131r\u0131z ait oldu\u011fumuz yere.\u201d   Hollanda\u2019da renklerin i\u00e7inde ya\u015fayan bir resim \u00f6\u011fretmeni olan Defne, y\u0131llar sonra Begonvil Kasabas\u0131\u2019na, \u00e7ocuklu\u011funun topraklar\u0131na d\u00f6nd\u00fc\u011f\u00fcnde, sadece bir at\u00f6lyeye de\u011fil, ge\u00e7mi\u015fine ve kalbinin en sessiz k\u00f6\u015felerine de d\u00f6nmeye ba\u015flar.   Feraye Han\u0131m\u2019\u0131n \u00e7i\u00e7eklerle i\u00e7 i\u00e7e, sanatla yo\u011frulmu\u015f k\u00fc\u00e7\u00fck at\u00f6lyesi, y\u0131llar sonra Defne\u2019yi tekrar kucaklarken; \u00f6zlenen an\u0131lar, g\u00f6z ard\u0131 edilen hayaller ve hi\u00e7 sorulmayan sorular birer birer g\u00fcn y\u00fcz\u00fcne \u00e7\u0131kar. Bir yanda \u00e7ocukluk an\u0131lar\u0131n\u0131n s\u0131cakl\u0131\u011f\u0131, kasaban\u0131n samimi sokaklar\u0131 ve k\u0131r \u00e7i\u00e7ekleri\u2026 Di\u011fer yanda beklenmedik kar\u015f\u0131la\u015fmalar, yar\u0131m kalm\u0131\u015f melodiler ve \u00e7ok uzaklardan gelen bir belgesel kameras\u0131n\u0131n arad\u0131\u011f\u0131 \u201chakiki bir hayat.\u201d   Defne\u2019nin i\u00e7 sesiyle \u015fekillenen bu sanatsal roman; okurunu bir kad\u0131n\u0131n kendi ya\u015fam\u0131ndaki eksik renkleri kilometrelerce \u00f6tede buldu\u011fu, ilham dolu bir yolculukla bulu\u015fturuyor.<\/p>\n","protected":false},"excerpt":{"rendered":"<p>\u201cKendimize hen\u00fcz ula\u015fmadan Nas\u0131l var\u0131r\u0131z ait oldu\u011fumuz yere.\u201d Hollanda\u2019da renklerin i\u00e7inde ya\u015fayan bir resim \u00f6\u011fretmeni olan Defne, y\u0131llar sonra Begonvil Kasabas\u0131\u2019na, \u00e7ocuklu\u011funun topraklar\u0131na d\u00f6nd\u00fc\u011f\u00fcnde, sadece bir<span class=\"excerpt-hellip\"> [\u2026]<\/span><\/p>\n","protected":false},"featured_media":0,"template":"","meta":{"_monsterinsights_skip_tracking":false,"_monsterinsights_sitenote_active":false,"_monsterinsights_sitenote_note":"","_monsterinsights_sitenote_category":0},"product_brand":[],"product_cat":[12291,12711],"product_tag":[],"class_list":{"0":"post-780697","1":"product","2":"type-product","3":"status-publish","5":"product_cat-edebiyat","6":"product_cat-roman-oyku","7":"pa_cilt-ciltsiz","8":"pa_tur-kitap","9":"pa_yayinevi-luna-yayinlari","10":"pa_yazar-aysu-akgun","12":"first","13":"instock","14":"sale","15":"shipping-taxable","16":"purchasable","17":"product-type-simple"},"_links":{"self":[{"href":"https:\/\/roveyayinevi.com.tr\/index.php\/wp-json\/wp\/v2\/product\/780697","targetHints":{"allow":["GET"]}}],"collection":[{"href":"https:\/\/roveyayinevi.com.tr\/index.php\/wp-json\/wp\/v2\/product"}],"about":[{"href":"https:\/\/roveyayinevi.com.tr\/index.php\/wp-json\/wp\/v2\/types\/product"}],"wp:attachment":[{"href":"https:\/\/roveyayinevi.com.tr\/index.php\/wp-json\/wp\/v2\/media?parent=780697"}],"wp:term":[{"taxonomy":"product_brand","embeddable":true,"href":"https:\/\/roveyayinevi.com.tr\/index.php\/wp-json\/wp\/v2\/product_brand?post=780697"},{"taxonomy":"product_cat","embeddable":true,"href":"https:\/\/roveyayinevi.com.tr\/index.php\/wp-json\/wp\/v2\/product_cat?post=780697"},{"taxonomy":"product_tag","embeddable":true,"href":"https:\/\/roveyayinevi.com.tr\/index.php\/wp-json\/wp\/v2\/product_tag?post=780697"}],"curies":[{"name":"wp","href":"https:\/\/api.w.org\/{rel}","templated":true}]}}