{"id":780693,"date":"2026-01-20T04:16:55","date_gmt":"2026-01-20T01:16:55","guid":{"rendered":"https:\/\/roveyayinevi.com.tr\/index.php\/urun\/dolunay-dedektifleri-serisi-6-kitap-kutulu-set\/"},"modified":"2026-04-15T03:44:43","modified_gmt":"2026-04-15T00:44:43","slug":"dolunay-dedektifleri-serisi-6-kitap-kutulu-set","status":"publish","type":"product","link":"https:\/\/roveyayinevi.com.tr\/index.php\/urun\/dolunay-dedektifleri-serisi-6-kitap-kutulu-set\/","title":{"rendered":"Dolunay Dedektifleri Serisi (6 Kitap Kutulu Set)"},"content":{"rendered":"<p>Bu sette Mavisel Yener\u2019in \u00e7ok sevilen Dolunay Dedektifleri serisinin alt\u0131 kitab\u0131n\u0131 birlikte kutulu olarak sunuyoruz. Set i\u00e7indeki kitaplar: Dolunay Dedektifleri 1 &#8211; \u0130z Pe\u015finde Dolunay Dedektifleri 2 &#8211; Deh\u015fet Mektuplar\u0131 Dolunay Dedektifleri 3 &#8211; Mumya D\u00fckkan\u0131 Dolunay Dedektifleri 4 &#8211; \u00d6l\u00fcler Orman\u0131 Dolunay Dedektifleri 5 &#8211; Korkun\u00e7 Satran\u00e7 Dolunay Dedektifleri 6 &#8211; Yarasa Yar\u0131\u015flar\u0131   Onlar, be\u015f kafadar arkada\u015f. Birce, Ece, O\u011fuz, Bilgecan ve Ada\u2026 Heyecanl\u0131, enerjik, ak\u0131ll\u0131 ve merakl\u0131. Dolunay onlar\u0131n ya\u015fam\u0131na, ola\u011fan\u00fcst\u00fc bir ser\u00fcvenle girdi. Birbiri pe\u015fis\u0131ra \u00f6yle gizemli olaylar\u0131 \u00e7\u00f6zd\u00fcler ki \u015fimdi d\u00fcnyan\u0131n \u00fcnl\u00fc dedektifleri \u015fa\u015fk\u0131nl\u0131k i\u00e7inde onlar\u0131 izliyor. Sizler de onlarla birlikte, her kitapta ayr\u0131 bir gizemin pe\u015finde heyecanl\u0131 ser\u00fcvenlere e\u015flik edeceksiniz. <\/p>\n","protected":false},"excerpt":{"rendered":"<p>Bu sette Mavisel Yener\u2019in \u00e7ok sevilen Dolunay Dedektifleri serisinin alt\u0131 kitab\u0131n\u0131 birlikte kutulu olarak sunuyoruz. Set i\u00e7indeki kitaplar: Dolunay Dedektifleri 1 &#8211; \u0130z Pe\u015finde Dolunay Dedektifleri<span class=\"excerpt-hellip\"> [\u2026]<\/span><\/p>\n","protected":false},"featured_media":0,"template":"","meta":{"_monsterinsights_skip_tracking":false,"_monsterinsights_sitenote_active":false,"_monsterinsights_sitenote_note":"","_monsterinsights_sitenote_category":0},"product_brand":[],"product_cat":[12274],"product_tag":[],"class_list":{"0":"post-780693","1":"product","2":"type-product","3":"status-publish","5":"product_cat-cocuk-ve-genclik-kitaplari","6":"pa_cilt-ciltsiz","7":"pa_tur-kitap","8":"pa_yayinevi-bilgi-yayinevi","9":"pa_yazar-mavisel-yener","11":"first","12":"instock","13":"sale","14":"shipping-taxable","15":"purchasable","16":"product-type-simple"},"_links":{"self":[{"href":"https:\/\/roveyayinevi.com.tr\/index.php\/wp-json\/wp\/v2\/product\/780693","targetHints":{"allow":["GET"]}}],"collection":[{"href":"https:\/\/roveyayinevi.com.tr\/index.php\/wp-json\/wp\/v2\/product"}],"about":[{"href":"https:\/\/roveyayinevi.com.tr\/index.php\/wp-json\/wp\/v2\/types\/product"}],"wp:attachment":[{"href":"https:\/\/roveyayinevi.com.tr\/index.php\/wp-json\/wp\/v2\/media?parent=780693"}],"wp:term":[{"taxonomy":"product_brand","embeddable":true,"href":"https:\/\/roveyayinevi.com.tr\/index.php\/wp-json\/wp\/v2\/product_brand?post=780693"},{"taxonomy":"product_cat","embeddable":true,"href":"https:\/\/roveyayinevi.com.tr\/index.php\/wp-json\/wp\/v2\/product_cat?post=780693"},{"taxonomy":"product_tag","embeddable":true,"href":"https:\/\/roveyayinevi.com.tr\/index.php\/wp-json\/wp\/v2\/product_tag?post=780693"}],"curies":[{"name":"wp","href":"https:\/\/api.w.org\/{rel}","templated":true}]}}