{"id":780691,"date":"2026-01-20T04:16:50","date_gmt":"2026-01-20T01:16:50","guid":{"rendered":"https:\/\/roveyayinevi.com.tr\/index.php\/urun\/farkli-yonleriyle-hiristiyanlik-inanc-ve-akimlar\/"},"modified":"2026-04-15T03:44:42","modified_gmt":"2026-04-15T00:44:42","slug":"farkli-yonleriyle-hiristiyanlik-inanc-ve-akimlar","status":"publish","type":"product","link":"https:\/\/roveyayinevi.com.tr\/index.php\/urun\/farkli-yonleriyle-hiristiyanlik-inanc-ve-akimlar\/","title":{"rendered":"Farkl\u0131 Y\u00f6nleriyle H\u0131ristiyanl\u0131k \u0130nan\u00e7 Ve Ak\u0131mlar"},"content":{"rendered":"<p>H\u0131ristiyanl\u0131k, tarihsel geli\u015fimi boyunca kanonik-heretik gerilimleri, k\u00fclt\u00fcrel d\u00f6n\u00fc\u015f\u00fcmler ve teolojik tart\u0131\u015fmalar i\u00e7inden bi\u00e7imlenen dinamik bir gelenek olarak ortaya \u00e7\u0131km\u0131\u015ft\u0131r. Yahudi k\u00f6kenli bir hareket olarak ba\u015flay\u0131p k\u0131sa s\u00fcrede Gentile d\u00fcnyas\u0131na yay\u0131lan bu inan\u00e7 sistemi, zamanla farkl\u0131 yorumlar\u0131n ve mezheplerin do\u011fu\u015funa sahne olmu\u015ftur. Elinizdeki \u00e7al\u0131\u015fma, bu \u00e7ok katmanl\u0131 s\u00fcreci geni\u015f bir yelpazede ele almakta; Ortodoks gelene\u011fin kutsal kitap anlay\u0131\u015f\u0131ndan, modern d\u00f6nemde kendisini H\u0131ristiyanl\u0131\u011f\u0131n hakiki ikamesi olarak konumland\u0131ran Mormon Kilisesi&#8217;ne kadar uzanan bir inceleme sunmaktad\u0131r.  Eser, H\u0131ristiyanl\u0131\u011f\u0131n \u0130slam&#8217;la kar\u015f\u0131la\u015fmas\u0131n\u0131n ard\u0131ndan ortaya \u00e7\u0131kan reddiye literat\u00fcr\u00fcn\u00fc de tarihsel ba\u011flam\u0131na oturtarak, \u00f6zellikle \u0130bn Teymiyye&#8217;nin sistematik ele\u015ftirilerini de\u011ferlendirmektedir. Reform d\u00f6nemine ge\u00e7ildi\u011finde ise Erasmus ve Martin Luther&#8217;in Sola Gratia \u00f6\u011fretisinin kurtulu\u015f doktrini a\u00e7\u0131s\u0131ndan ta\u015f\u0131d\u0131\u011f\u0131 \u00f6neme dikkat \u00e7ekilmektedir. \u0130lk d\u00f6nem H\u0131ristiyanl\u0131\u011f\u0131n\u0131n belirleyici ak\u0131mlar\u0131ndan biri olan Gnostisizm \u00e7er\u00e7evesinde Basilides&#8217;in ahlak anlay\u0131\u015f\u0131na de\u011finildikten sonra, &#8220;g\u00fcnah ile kurtulu\u015f&#8221; doktriniyle tan\u0131nan Frankistler hareketi ele al\u0131narak dini d\u00fc\u015f\u00fcncenin u\u00e7 yorum bi\u00e7imleri tart\u0131\u015f\u0131lm\u0131\u015ft\u0131r.  Farkl\u0131 H\u0131ristiyanl\u0131k tasavvurlar\u0131n\u0131 tarihsel, teolojik ve d\u00fc\u015f\u00fcnsel boyutlar\u0131yla g\u00f6r\u00fcn\u00fcr k\u0131lmay\u0131 ama\u00e7layan bu kitap, hem uzmanlara hem de alanla  ilgilenen okuyuculara yeni perspektifler sunmay\u0131 hedeflemektedir. <\/p>\n","protected":false},"excerpt":{"rendered":"<p>H\u0131ristiyanl\u0131k, tarihsel geli\u015fimi boyunca kanonik-heretik gerilimleri, k\u00fclt\u00fcrel d\u00f6n\u00fc\u015f\u00fcmler ve teolojik tart\u0131\u015fmalar i\u00e7inden bi\u00e7imlenen dinamik bir gelenek olarak ortaya \u00e7\u0131km\u0131\u015ft\u0131r. Yahudi k\u00f6kenli bir hareket olarak ba\u015flay\u0131p k\u0131sa<span class=\"excerpt-hellip\"> [\u2026]<\/span><\/p>\n","protected":false},"featured_media":0,"template":"","meta":{"_monsterinsights_skip_tracking":false,"_monsterinsights_sitenote_active":false,"_monsterinsights_sitenote_note":"","_monsterinsights_sitenote_category":0},"product_brand":[],"product_cat":[12718,12807],"product_tag":[],"class_list":{"0":"post-780691","1":"product","2":"type-product","3":"status-publish","5":"product_cat-din","6":"product_cat-hristiyanlik","7":"pa_cilt-ciltsiz","8":"pa_tur-kitap","9":"pa_yayinevi-soncag-akademik-kitaplar","10":"pa_yazar-kolektif","12":"first","13":"instock","14":"sale","15":"shipping-taxable","16":"purchasable","17":"product-type-simple"},"_links":{"self":[{"href":"https:\/\/roveyayinevi.com.tr\/index.php\/wp-json\/wp\/v2\/product\/780691","targetHints":{"allow":["GET"]}}],"collection":[{"href":"https:\/\/roveyayinevi.com.tr\/index.php\/wp-json\/wp\/v2\/product"}],"about":[{"href":"https:\/\/roveyayinevi.com.tr\/index.php\/wp-json\/wp\/v2\/types\/product"}],"wp:attachment":[{"href":"https:\/\/roveyayinevi.com.tr\/index.php\/wp-json\/wp\/v2\/media?parent=780691"}],"wp:term":[{"taxonomy":"product_brand","embeddable":true,"href":"https:\/\/roveyayinevi.com.tr\/index.php\/wp-json\/wp\/v2\/product_brand?post=780691"},{"taxonomy":"product_cat","embeddable":true,"href":"https:\/\/roveyayinevi.com.tr\/index.php\/wp-json\/wp\/v2\/product_cat?post=780691"},{"taxonomy":"product_tag","embeddable":true,"href":"https:\/\/roveyayinevi.com.tr\/index.php\/wp-json\/wp\/v2\/product_tag?post=780691"}],"curies":[{"name":"wp","href":"https:\/\/api.w.org\/{rel}","templated":true}]}}