{"id":780690,"date":"2026-01-20T04:16:46","date_gmt":"2026-01-20T01:16:46","guid":{"rendered":"https:\/\/roveyayinevi.com.tr\/index.php\/urun\/mogollarin-tarihi-goc-ve-yerlesim\/"},"modified":"2026-04-15T03:44:40","modified_gmt":"2026-04-15T00:44:40","slug":"mogollarin-tarihi-goc-ve-yerlesim","status":"publish","type":"product","link":"https:\/\/roveyayinevi.com.tr\/index.php\/urun\/mogollarin-tarihi-goc-ve-yerlesim\/","title":{"rendered":"Mo\u011follar\u0131n Tarihi G\u00f6\u00e7 ve Yerle\u015fim"},"content":{"rendered":"<p>T\u00fcrklerle en eski kom\u015fuluk ili\u015fkisine sahip olan Mo\u011follar, tarih sahnesinde k\u00f6kl\u00fc varl\u0131\u011f\u0131n\u0131 g\u00fcn\u00fcm\u00fcze kadar koruyabilmi\u015f halklardan biridir. Orta Asya\u2019da kurulan b\u00fcy\u00fck devletlerin i\u00e7inde her iki millet birlikte yer alm\u0131\u015flard\u0131r. Bozk\u0131r\u0131n geni\u015f alanlar\u0131nda ayakta kalabilmenin en do\u011fru yolu boylar halinde ya\u015famakt\u0131r. Benzer sosyal hayat y\u00fczy\u0131llarca devam etmi\u015ftir. 13 y\u00fczy\u0131l ba\u015f\u0131nda Cengiz Han\u2019\u0131n liderli\u011finde ba\u015flayan Mo\u011fol y\u00fckseli\u015fi, T\u00fcrk k\u00f6kenli boylar\u0131 da yan\u0131na alarak d\u00fcnyan\u0131n en geni\u015f imparatorlu\u011funa ula\u015ft\u0131. Art\u0131k Asya ve Avrupa\u2019n\u0131n yar\u0131s\u0131ndan fazlas\u0131 Cengiz Han\u2019\u0131n o\u011ful ve torunlar\u0131n\u0131n h\u00e2kimiyeti alt\u0131na girmi\u015fti. En do\u011fuda Tuluy\u2019dan ba\u015flayarak, \u00c7in\u2019de Kubilay Han, Do\u011fu Avrupa\u2019da Batu Han, T\u00fcrkistan\u2019da \u00c7a\u011fatay, Mo\u011folistan\u2019da b\u00fcy\u00fck han \u00d6gedey geni\u015f \u00fclkeyi kendi aralar\u0131nda payla\u015farak y\u00f6nettiler. B\u00fcy\u00fck hanl\u0131k Tuluy\u2019un o\u011fullar\u0131na ge\u00e7ince yeni bir idari yap\u0131lanmaya gidildi.       Nitekim Kubilay hanl\u0131\u011f\u0131n merkezini \u00c7in\u2019e ta\u015f\u0131d\u0131. Cengiz Han\u2019\u0131n o\u011ful ve torunlar\u0131 ald\u0131klar\u0131 miras\u0131 Avrasya co\u011frafyas\u0131nda s\u00fcrd\u00fcrd\u00fcler. Do\u011fudaki hanl\u0131k, g\u00fcc\u00fcn\u00fc kaybedince oradaki Mo\u011follar, \u00fclkelerine d\u00f6nd\u00fcler. Di\u011fer b\u00f6lgelerdeki hanl\u0131klar zaman i\u00e7inde T\u00fcrk ve \u0130slam k\u00fclt\u00fcr\u00fcn\u00fcn etkisi alt\u0131na girdiler. Mo\u011folistan\u2019da kalanlar ise yeni devletler kurarak kendi kaderlerini belirlediler. Kalmuklar bir d\u00f6nem b\u00fct\u00fcn Orta Asya\u2019y\u0131 alt\u00fcst ettilerse de sonunda yenilgiye u\u011frad\u0131lar. Tibet\u2019ten yay\u0131lan Budizm\u2019in Lamaizm kolu 1580\u2019lerde Mo\u011folistan ve Sibirya\u2019ya h\u00e2kim oldu. Mo\u011follar, 20 y\u00fczy\u0131l\u0131n ilk \u00e7eyre\u011finde ba\u011f\u0131ms\u0131zl\u0131klar\u0131n\u0131 kazanarak devlet geleneklerinin s\u00fcreklili\u011fini kan\u0131tlad\u0131lar. 1991 sonras\u0131nda ise demokrasiye ge\u00e7erek modern d\u00fcnyada yerlerini ald\u0131lar. Baabar\u2019\u0131n uzun y\u0131llar s\u00fcren emek sonucu haz\u0131rlad\u0131\u011f\u0131 bu kitap, ba\u015flang\u0131c\u0131ndan itibaren Mo\u011follar\u0131n tarihine \u0131\u015f\u0131k tutmaktad\u0131r. T\u00fcrk\u00e7eye de terc\u00fcme edilerek yay\u0131mlanmas\u0131 Mo\u011follar\u0131n daha iyi tan\u0131nmas\u0131na katk\u0131 sa\u011flayacakt\u0131r. \u2012Prof. Dr. Ahmet Ta\u015fa\u011f\u0131l <\/p>\n","protected":false},"excerpt":{"rendered":"<p>T\u00fcrklerle en eski kom\u015fuluk ili\u015fkisine sahip olan Mo\u011follar, tarih sahnesinde k\u00f6kl\u00fc varl\u0131\u011f\u0131n\u0131 g\u00fcn\u00fcm\u00fcze kadar koruyabilmi\u015f halklardan biridir. Orta Asya\u2019da kurulan b\u00fcy\u00fck devletlerin i\u00e7inde her iki millet<span class=\"excerpt-hellip\"> [\u2026]<\/span><\/p>\n","protected":false},"featured_media":0,"template":"","meta":{"_monsterinsights_skip_tracking":false,"_monsterinsights_sitenote_active":false,"_monsterinsights_sitenote_note":"","_monsterinsights_sitenote_category":0},"product_brand":[],"product_cat":[12304],"product_tag":[],"class_list":{"0":"post-780690","1":"product","2":"type-product","3":"status-publish","5":"product_cat-tarih","6":"pa_cilt-ciltsiz","7":"pa_tur-kitap","8":"pa_yayinevi-bilge-kultur-sanat","9":"pa_yazar-baabar","11":"first","12":"instock","13":"sale","14":"shipping-taxable","15":"purchasable","16":"product-type-simple"},"_links":{"self":[{"href":"https:\/\/roveyayinevi.com.tr\/index.php\/wp-json\/wp\/v2\/product\/780690","targetHints":{"allow":["GET"]}}],"collection":[{"href":"https:\/\/roveyayinevi.com.tr\/index.php\/wp-json\/wp\/v2\/product"}],"about":[{"href":"https:\/\/roveyayinevi.com.tr\/index.php\/wp-json\/wp\/v2\/types\/product"}],"wp:attachment":[{"href":"https:\/\/roveyayinevi.com.tr\/index.php\/wp-json\/wp\/v2\/media?parent=780690"}],"wp:term":[{"taxonomy":"product_brand","embeddable":true,"href":"https:\/\/roveyayinevi.com.tr\/index.php\/wp-json\/wp\/v2\/product_brand?post=780690"},{"taxonomy":"product_cat","embeddable":true,"href":"https:\/\/roveyayinevi.com.tr\/index.php\/wp-json\/wp\/v2\/product_cat?post=780690"},{"taxonomy":"product_tag","embeddable":true,"href":"https:\/\/roveyayinevi.com.tr\/index.php\/wp-json\/wp\/v2\/product_tag?post=780690"}],"curies":[{"name":"wp","href":"https:\/\/api.w.org\/{rel}","templated":true}]}}