{"id":780688,"date":"2026-01-20T04:16:42","date_gmt":"2026-01-20T01:16:42","guid":{"rendered":"https:\/\/roveyayinevi.com.tr\/index.php\/urun\/barisa-son-veren-baris-2\/"},"modified":"2026-04-13T03:40:35","modified_gmt":"2026-04-13T00:40:35","slug":"barisa-son-veren-baris-2","status":"publish","type":"product","link":"https:\/\/roveyayinevi.com.tr\/index.php\/urun\/barisa-son-veren-baris-2\/","title":{"rendered":"Bar\u0131\u015fa Son Veren Bar\u0131\u015f"},"content":{"rendered":"<p>BARI\u015eA SON VEREN BARI\u015e DAVID FROMKIN&#8221;H\u00e2l\u00e2 Ortado\u011fu&#8217;yu anlamak i\u00e7in alt\u0131 temel kitaptan biri.&#8221; The EconomistOrtado\u011fu; b\u00fcy\u00fck olaylar\u0131n sahnesi. M\u0131s\u0131r\u2019dan Afganistan\u2019a, \u0130ran\u2019dan Umman Denizi\u2019ne yay\u0131lan bu alan, do\u011fumuna tan\u0131kl\u0131k etti\u011fi dinlerin, de\u011fi\u015fik milliyetlerin ve farkl\u0131 ideolojilerin \u00e7at\u0131\u015fmas\u0131 i\u00e7in bile yeterince geni\u015f de\u011filken, en ba\u015fta ba\u011fr\u0131ndaki petrol nedeniyle y\u00fcz y\u0131ld\u0131r b\u00fcy\u00fck devletlerin de \u00e7eki\u015fti\u011fi co\u011frafya durumunda.ABD\u2019nin Afganistan ve Irak\u2019a m\u00fcdahalesi, Suriye i\u00e7 sava\u015f\u0131, Filistin&#8217;in bitmek bilmeyen ba\u011f\u0131ms\u0131zl\u0131k m\u00fccadelesi gibi nedenlerle s\u00fcrekli tekrar \u0131s\u0131nan b\u00f6lgedeki olaylar\u0131n seyri; ABD ve b\u00f6lgede \u00e7\u0131kar\u0131 bulunan di\u011fer g\u00fc\u00e7ler i\u00e7in bile bir muamma. Sava\u015f r\u00fczgar\u0131n\u0131n kald\u0131rd\u0131\u011f\u0131 tozun g\u00f6r\u00fc\u015f\u00fc s\u0131n\u0131rlad\u0131\u011f\u0131 bu d\u00f6nemde olaylar\u0131 ve nedenleri anlamak i\u00e7in belki de biraz gerilere gitmek gerekiyor.Bar\u0131\u015fa Son Veren Bar\u0131\u015f, Birinci Sava\u015f ve sonraki ilk y\u0131llarda (1914-1922) d\u00fcnyadaki g\u00fc\u00e7 dengelerinin panoramas\u0131n\u0131 olu\u015ftururken, \u00f6zellikle de gizemli Do\u011fu\u2019da b\u00fcy\u00fck devletlerin y\u00f6neticilerinin masa ba\u015f\u0131nda bug\u00fcnk\u00fc Ortado\u011fu\u2019nun haritas\u0131n\u0131 nas\u0131l yeniden \u015fekillendirdi\u011fini anlat\u0131yor. A\u00e7\u0131lan en yeni ar\u015fivlerle geli\u015ftirilen bu \u00e7al\u0131\u015fma bu d\u00f6nemi ve b\u00f6lgeyi inceleyen en kapsaml\u0131 \u00e7al\u0131\u015fma olma niteli\u011fini ta\u015f\u0131yor.Anlat\u0131lan b\u00fcy\u00fck olaylar\u0131 b\u00fcy\u00fck tarihi ki\u015filikleri de kar\u015f\u0131m\u0131zda buluyoruz: Lloyd George, Winston Churchill, Woodrow Wilson, Kitchener, Lenin, Stalin, Mussolini ve Atat\u00fcrk\u2019\u00fc olaylar\u0131n i\u00e7indeki yerlerinde okurken Arabistanl\u0131 Lawrence\u2019\u0131n ger\u00e7ekte kim oldu\u011funu ve kendisine atfedilen i\u015flerin ne kadar\u0131n\u0131 ger\u00e7ekle\u015ftirdi\u011fini \u00f6\u011freniyoruz.Kitap, insanl\u0131k tarihinin en yo\u011fun d\u00f6nemlerinden birini g\u00f6zlerimizin \u00f6n\u00fcne sererken, Ortado\u011fu\u2019da bug\u00fcn olanlar\u0131 anlamak i\u00e7in gerekli tarihsel arg\u00fcmanlar\u0131 da veriyor.<\/p>\n","protected":false},"excerpt":{"rendered":"<p>BARI\u015eA SON VEREN BARI\u015e DAVID FROMKIN&#8221;H\u00e2l\u00e2 Ortado\u011fu&#8217;yu anlamak i\u00e7in alt\u0131 temel kitaptan biri.&#8221; The EconomistOrtado\u011fu; b\u00fcy\u00fck olaylar\u0131n sahnesi. M\u0131s\u0131r\u2019dan Afganistan\u2019a, \u0130ran\u2019dan Umman Denizi\u2019ne yay\u0131lan bu alan,<span class=\"excerpt-hellip\"> [\u2026]<\/span><\/p>\n","protected":false},"featured_media":0,"template":"","meta":{"_monsterinsights_skip_tracking":false,"_monsterinsights_sitenote_active":false,"_monsterinsights_sitenote_note":"","_monsterinsights_sitenote_category":0},"product_brand":[],"product_cat":[12304,14128],"product_tag":[],"class_list":{"0":"post-780688","1":"product","2":"type-product","3":"status-publish","5":"product_cat-tarih","6":"product_cat-yakin-tarih","7":"pa_cilt-ciltsiz","8":"pa_tur-kitap","9":"pa_yayinevi-diplomat","10":"pa_yazar-david-fromkin","12":"first","13":"instock","14":"sale","15":"shipping-taxable","16":"purchasable","17":"product-type-simple"},"_links":{"self":[{"href":"https:\/\/roveyayinevi.com.tr\/index.php\/wp-json\/wp\/v2\/product\/780688","targetHints":{"allow":["GET"]}}],"collection":[{"href":"https:\/\/roveyayinevi.com.tr\/index.php\/wp-json\/wp\/v2\/product"}],"about":[{"href":"https:\/\/roveyayinevi.com.tr\/index.php\/wp-json\/wp\/v2\/types\/product"}],"wp:attachment":[{"href":"https:\/\/roveyayinevi.com.tr\/index.php\/wp-json\/wp\/v2\/media?parent=780688"}],"wp:term":[{"taxonomy":"product_brand","embeddable":true,"href":"https:\/\/roveyayinevi.com.tr\/index.php\/wp-json\/wp\/v2\/product_brand?post=780688"},{"taxonomy":"product_cat","embeddable":true,"href":"https:\/\/roveyayinevi.com.tr\/index.php\/wp-json\/wp\/v2\/product_cat?post=780688"},{"taxonomy":"product_tag","embeddable":true,"href":"https:\/\/roveyayinevi.com.tr\/index.php\/wp-json\/wp\/v2\/product_tag?post=780688"}],"curies":[{"name":"wp","href":"https:\/\/api.w.org\/{rel}","templated":true}]}}