{"id":780686,"date":"2026-01-20T04:16:22","date_gmt":"2026-01-20T01:16:22","guid":{"rendered":"https:\/\/roveyayinevi.com.tr\/index.php\/urun\/2026-nesin-cocuk-takvimi-ressamin-dunyasi\/"},"modified":"2026-04-15T03:44:40","modified_gmt":"2026-04-15T00:44:40","slug":"2026-nesin-cocuk-takvimi-ressamin-dunyasi","status":"publish","type":"product","link":"https:\/\/roveyayinevi.com.tr\/index.php\/urun\/2026-nesin-cocuk-takvimi-ressamin-dunyasi\/","title":{"rendered":"2026  Nesin \u00c7ocuk Takvimi  Ressam\u0131n D\u00fcnyas\u0131"},"content":{"rendered":"<p>2026\u2019da sizi \u201cRessam\u0131n D\u00fcnyas\u0131\u201dna davet ediyoruz. Her ay farkl\u0131 bir ressam\u0131n d\u00fcnyas\u0131na konuk olacak, ya\u015fam \u00f6yk\u00fclerine \u015fahit olacaks\u0131n\u0131z. Takvimdeki resimler, ge\u00e7mi\u015fin b\u00fcy\u00fck sanat\u00e7\u0131lar\u0131ndan ilham al\u0131narak yapay zek\u00e2 arac\u0131l\u0131\u011f\u0131yla haz\u0131rland\u0131. Takvimimizin sonunda bir etkinlik sayfas\u0131 yer al\u0131yor ve i\u00e7inizdeki ressam\u0131 i\u015f ba\u015f\u0131na \u00e7a\u011f\u0131r\u0131yor. Ayr\u0131ca 12 ay i\u00e7in se\u00e7ti\u011fimiz 12 kitab\u0131n tan\u0131t\u0131mlar\u0131n\u0131 da son sayfalarda bulabilirsiniz. \u00d6zel g\u00fcnleri ve baz\u0131 do\u011fa olaylar\u0131n\u0131 takvimimizin kutucuklar\u0131na yazd\u0131k. Resm\u00ee tatilleri turuncu rakamlarla belirttik. Sizin i\u00e7in \u00f6zel ve \u00f6nemli olan g\u00fcnleri (do\u011fum g\u00fcn\u00fc ve s\u0131navlar gibi) i\u015faretlemenize yetecek kadar da yer b\u0131rakt\u0131k elbette. \u00d6zellikler:Boyut: 30 x 40 cm 32 i\u00e7 sayfa Spiral cilt \u00d6zel g\u00fcnler, do\u011fa olaylar\u0131\u00c7ocuklar\u0131n kendi notlar\u0131n\u0131 ekleyebilece\u011fi bo\u015f alanlar <\/p>\n","protected":false},"excerpt":{"rendered":"<p>2026\u2019da sizi \u201cRessam\u0131n D\u00fcnyas\u0131\u201dna davet ediyoruz. Her ay farkl\u0131 bir ressam\u0131n d\u00fcnyas\u0131na konuk olacak, ya\u015fam \u00f6yk\u00fclerine \u015fahit olacaks\u0131n\u0131z. Takvimdeki resimler, ge\u00e7mi\u015fin b\u00fcy\u00fck sanat\u00e7\u0131lar\u0131ndan ilham al\u0131narak yapay<span class=\"excerpt-hellip\"> [\u2026]<\/span><\/p>\n","protected":false},"featured_media":0,"template":"","meta":{"_monsterinsights_skip_tracking":false,"_monsterinsights_sitenote_active":false,"_monsterinsights_sitenote_note":"","_monsterinsights_sitenote_category":0},"product_brand":[],"product_cat":[28265,15563],"product_tag":[],"class_list":{"0":"post-780686","1":"product","2":"type-product","3":"status-publish","5":"product_cat-diger-hobi","6":"product_cat-hobi","7":"pa_cilt-ciltsiz","8":"pa_tur-kitap","9":"pa_yayinevi-nesin-yayinlari","10":"pa_yazar-kolektif","12":"first","13":"instock","14":"sale","15":"shipping-taxable","16":"purchasable","17":"product-type-simple"},"_links":{"self":[{"href":"https:\/\/roveyayinevi.com.tr\/index.php\/wp-json\/wp\/v2\/product\/780686","targetHints":{"allow":["GET"]}}],"collection":[{"href":"https:\/\/roveyayinevi.com.tr\/index.php\/wp-json\/wp\/v2\/product"}],"about":[{"href":"https:\/\/roveyayinevi.com.tr\/index.php\/wp-json\/wp\/v2\/types\/product"}],"wp:attachment":[{"href":"https:\/\/roveyayinevi.com.tr\/index.php\/wp-json\/wp\/v2\/media?parent=780686"}],"wp:term":[{"taxonomy":"product_brand","embeddable":true,"href":"https:\/\/roveyayinevi.com.tr\/index.php\/wp-json\/wp\/v2\/product_brand?post=780686"},{"taxonomy":"product_cat","embeddable":true,"href":"https:\/\/roveyayinevi.com.tr\/index.php\/wp-json\/wp\/v2\/product_cat?post=780686"},{"taxonomy":"product_tag","embeddable":true,"href":"https:\/\/roveyayinevi.com.tr\/index.php\/wp-json\/wp\/v2\/product_tag?post=780686"}],"curies":[{"name":"wp","href":"https:\/\/api.w.org\/{rel}","templated":true}]}}