{"id":780685,"date":"2026-01-20T04:16:20","date_gmt":"2026-01-20T01:16:20","guid":{"rendered":"https:\/\/roveyayinevi.com.tr\/index.php\/urun\/2026-nesin-masa-takvimi-ressamin-dunyasi\/"},"modified":"2026-04-15T03:44:40","modified_gmt":"2026-04-15T00:44:40","slug":"2026-nesin-masa-takvimi-ressamin-dunyasi","status":"publish","type":"product","link":"https:\/\/roveyayinevi.com.tr\/index.php\/urun\/2026-nesin-masa-takvimi-ressamin-dunyasi\/","title":{"rendered":"2026 Nesin Masa Takvimi &#8211; Ressam\u0131n D\u00fcnyas\u0131"},"content":{"rendered":"<p>Masan\u0131zda Sade ve \u0130lham Veren Bir E\u015flik\u00e7i\u201cRessam\u0131n D\u00fcnyas\u0131\u201dn\u0131 masan\u0131za konuk etmeye ne dersiniz? 2026 Nesin Masa Takvimi, g\u00fcnl\u00fck planlamay\u0131 kolayla\u015ft\u0131ran d\u00fczeni ve her ay se\u00e7ilen ressamlar\u0131n tarzlar\u0131ndan esinlenilmi\u015f k\u00fc\u00e7\u00fck ill\u00fcstrasyonlar\u0131yla \u00e7al\u0131\u015fma alan\u0131n\u0131za renk ve s\u0131cakl\u0131k kat\u0131yor. Hem i\u015flevsel hem de estetik bir kullan\u0131m sunan bu takvim, y\u0131l boyunca sanatla i\u00e7 i\u00e7e olman\u0131z\u0131 sa\u011fl\u0131yor.\u00d6zellikler:Boyut: 18 x 13 cm\u00dc\u00e7gen masa takvimi formuDayan\u0131kl\u0131 ku\u015fe taslamal\u0131 cilt<\/p>\n","protected":false},"excerpt":{"rendered":"<p>Masan\u0131zda Sade ve \u0130lham Veren Bir E\u015flik\u00e7i\u201cRessam\u0131n D\u00fcnyas\u0131\u201dn\u0131 masan\u0131za konuk etmeye ne dersiniz? 2026 Nesin Masa Takvimi, g\u00fcnl\u00fck planlamay\u0131 kolayla\u015ft\u0131ran d\u00fczeni ve her ay se\u00e7ilen ressamlar\u0131n<span class=\"excerpt-hellip\"> [\u2026]<\/span><\/p>\n","protected":false},"featured_media":0,"template":"","meta":{"_monsterinsights_skip_tracking":false,"_monsterinsights_sitenote_active":false,"_monsterinsights_sitenote_note":"","_monsterinsights_sitenote_category":0},"product_brand":[],"product_cat":[28265,15563],"product_tag":[],"class_list":{"0":"post-780685","1":"product","2":"type-product","3":"status-publish","5":"product_cat-diger-hobi","6":"product_cat-hobi","7":"pa_cilt-ciltsiz","8":"pa_tur-kitap","9":"pa_yayinevi-nesin-yayinlari","10":"pa_yazar-kolektif","12":"first","13":"instock","14":"sale","15":"shipping-taxable","16":"purchasable","17":"product-type-simple"},"_links":{"self":[{"href":"https:\/\/roveyayinevi.com.tr\/index.php\/wp-json\/wp\/v2\/product\/780685","targetHints":{"allow":["GET"]}}],"collection":[{"href":"https:\/\/roveyayinevi.com.tr\/index.php\/wp-json\/wp\/v2\/product"}],"about":[{"href":"https:\/\/roveyayinevi.com.tr\/index.php\/wp-json\/wp\/v2\/types\/product"}],"wp:attachment":[{"href":"https:\/\/roveyayinevi.com.tr\/index.php\/wp-json\/wp\/v2\/media?parent=780685"}],"wp:term":[{"taxonomy":"product_brand","embeddable":true,"href":"https:\/\/roveyayinevi.com.tr\/index.php\/wp-json\/wp\/v2\/product_brand?post=780685"},{"taxonomy":"product_cat","embeddable":true,"href":"https:\/\/roveyayinevi.com.tr\/index.php\/wp-json\/wp\/v2\/product_cat?post=780685"},{"taxonomy":"product_tag","embeddable":true,"href":"https:\/\/roveyayinevi.com.tr\/index.php\/wp-json\/wp\/v2\/product_tag?post=780685"}],"curies":[{"name":"wp","href":"https:\/\/api.w.org\/{rel}","templated":true}]}}