{"id":780684,"date":"2026-01-20T04:16:19","date_gmt":"2026-01-20T01:16:19","guid":{"rendered":"https:\/\/roveyayinevi.com.tr\/index.php\/urun\/2026-nesin-vakfi-duvar-takvimi\/"},"modified":"2026-04-15T03:44:40","modified_gmt":"2026-04-15T00:44:40","slug":"2026-nesin-vakfi-duvar-takvimi","status":"publish","type":"product","link":"https:\/\/roveyayinevi.com.tr\/index.php\/urun\/2026-nesin-vakfi-duvar-takvimi\/","title":{"rendered":"2026 Nesin Vakf\u0131 Duvar Takvimi"},"content":{"rendered":"<p>Geleneksel Destek, Sade Tasar\u0131m -Duvar Takvimi2026 takvimimiz, g\u00fcn\u00fc ve haftay\u0131 hat\u0131rlatman\u0131n yan\u0131 s\u0131ra y\u0131l\u0131n ka\u00e7\u0131nc\u0131 g\u00fcn\u00fcnde oldu\u011funuzu, g\u00fcn do\u011fumu\u2013g\u00fcn bat\u0131m\u0131 saatlerini ve ay\u0131n evrelerini de g\u00f6steriyor. Dini g\u00fcnleri takip edebilmeniz i\u00e7in Hicri takvimi; g\u00fcne\u015f d\u00f6ng\u00fcs\u00fcne dayanan Rumi takvimi ve Anadolu\u2019nun unutulmaya y\u00fcz tutmu\u015f ay adlar\u0131yla haz\u0131rlanan halk takvimi de yapraklarda yer al\u0131yor. Her g\u00fcn Aziz Nesin\u2019in s\u00f6zleri, \u015fiirleri, ya\u015fam\u00f6yk\u00fcs\u00fcnden o g\u00fcne ait an\u0131lar ve \u201carkas\u0131 yar\u0131n\u201d \u015feklinde sunulan \u00f6yk\u00fcleri sizlere e\u015flik ediyor.<\/p>\n","protected":false},"excerpt":{"rendered":"<p>Geleneksel Destek, Sade Tasar\u0131m -Duvar Takvimi2026 takvimimiz, g\u00fcn\u00fc ve haftay\u0131 hat\u0131rlatman\u0131n yan\u0131 s\u0131ra y\u0131l\u0131n ka\u00e7\u0131nc\u0131 g\u00fcn\u00fcnde oldu\u011funuzu, g\u00fcn do\u011fumu\u2013g\u00fcn bat\u0131m\u0131 saatlerini ve ay\u0131n evrelerini de g\u00f6steriyor.<span class=\"excerpt-hellip\"> [\u2026]<\/span><\/p>\n","protected":false},"featured_media":0,"template":"","meta":{"_monsterinsights_skip_tracking":false,"_monsterinsights_sitenote_active":false,"_monsterinsights_sitenote_note":"","_monsterinsights_sitenote_category":0},"product_brand":[],"product_cat":[28265,15563],"product_tag":[],"class_list":{"0":"post-780684","1":"product","2":"type-product","3":"status-publish","5":"product_cat-diger-hobi","6":"product_cat-hobi","7":"pa_tur-kitap","8":"pa_yayinevi-nesin-yayinlari","9":"pa_yazar-kolektif","11":"first","12":"instock","13":"sale","14":"shipping-taxable","15":"purchasable","16":"product-type-simple"},"_links":{"self":[{"href":"https:\/\/roveyayinevi.com.tr\/index.php\/wp-json\/wp\/v2\/product\/780684","targetHints":{"allow":["GET"]}}],"collection":[{"href":"https:\/\/roveyayinevi.com.tr\/index.php\/wp-json\/wp\/v2\/product"}],"about":[{"href":"https:\/\/roveyayinevi.com.tr\/index.php\/wp-json\/wp\/v2\/types\/product"}],"wp:attachment":[{"href":"https:\/\/roveyayinevi.com.tr\/index.php\/wp-json\/wp\/v2\/media?parent=780684"}],"wp:term":[{"taxonomy":"product_brand","embeddable":true,"href":"https:\/\/roveyayinevi.com.tr\/index.php\/wp-json\/wp\/v2\/product_brand?post=780684"},{"taxonomy":"product_cat","embeddable":true,"href":"https:\/\/roveyayinevi.com.tr\/index.php\/wp-json\/wp\/v2\/product_cat?post=780684"},{"taxonomy":"product_tag","embeddable":true,"href":"https:\/\/roveyayinevi.com.tr\/index.php\/wp-json\/wp\/v2\/product_tag?post=780684"}],"curies":[{"name":"wp","href":"https:\/\/api.w.org\/{rel}","templated":true}]}}