{"id":780682,"date":"2026-01-20T04:16:12","date_gmt":"2026-01-20T01:16:12","guid":{"rendered":"https:\/\/roveyayinevi.com.tr\/index.php\/urun\/bu-kadar-da-cok-sevilmez-ki-geceler\/"},"modified":"2026-04-15T03:44:38","modified_gmt":"2026-04-15T00:44:38","slug":"bu-kadar-da-cok-sevilmez-ki-geceler","status":"publish","type":"product","link":"https:\/\/roveyayinevi.com.tr\/index.php\/urun\/bu-kadar-da-cok-sevilmez-ki-geceler\/","title":{"rendered":"Bu Kadar da \u00c7ok Sevilmez ki Geceler"},"content":{"rendered":"<p>Ben zaman\u0131 unuttum gecelerin karanl\u0131\u011f\u0131nda bu gece ka\u00e7\u0131nc\u0131 do\u011fu\u015fu Ay\u2019\u0131n? Y\u00fcre\u011fimden kayan hangi y\u0131ld\u0131z? Unuttum d\u00f6nd\u00fc\u011f\u00fcn\u00fc D\u00fcnya\u2019n\u0131n. Sevgiyi ararken gece karanl\u0131klar\u0131nda \u00e7akan her \u015fim\u015fek ya da do\u011fan her y\u0131ld\u0131z d\u00fc\u015flerim oldu. \u0130\u015fte o geceler var ya o geceler\/onlar\u0131 anlatamad\u0131m ama her an\u0131n\u0131 doyas\u0131ya ya\u015fad\u0131m. Ben zaman\u0131 unuttum gecelerin karanl\u0131\u011f\u0131nda yo\u011funla\u015f\u0131rken duygular\u0131m bakt\u0131m ki ka\u00e7\u0131p gitmi\u015f uykular\u0131m. Kimi zaman zirvesine ula\u015f\u0131lamayan da\u011f kimi zaman k\u0131vr\u0131larak akan \u0131rmak kimi zaman \u00e7elik misali sert kimi zaman pamuk gibi yumu\u015fak Arguvanlar a\u00e7\u0131yor nas\u0131l da \u00e7ar\u00e7abuk ge\u00e7iyor mevsimler bak. Ben zaman\u0131 unuttum gecelerin karanl\u0131\u011f\u0131nda dola\u015ft\u0131m d\u00fc\u015flerim de ellerimle tuttum bulutlar\u0131 saklad\u0131m y\u0131ld\u0131zlar\u0131 g\u00f6\u011fs\u00fcmde g\u00f6zya\u015flar\u0131m oldu ya\u011fmurlar ve toprakta \u00e7\u0131rp\u0131nd\u0131 y\u00fcre\u011fim. Ben zaman\u0131 unuttum gecelerin karanl\u0131\u011f\u0131nda akasyalar ak\u015famsefalar\u0131 a\u00e7t\u0131 dallar\u0131mda d\u00f6k\u00fcld\u00fc yapraklar\u0131m birer birer kar kaplad\u0131 yollar\u0131m\u0131 dur dedi seher\/ hi\u00e7 ummad\u0131\u011f\u0131m bir anda D\u00fcnya d\u00f6n\u00fcyor bu kadar d\u00fc\u015f yeter bu kadar da \u00e7ok sevilmez ki geceler.<\/p>\n","protected":false},"excerpt":{"rendered":"<p>Ben zaman\u0131 unuttum gecelerin karanl\u0131\u011f\u0131nda bu gece ka\u00e7\u0131nc\u0131 do\u011fu\u015fu Ay\u2019\u0131n? Y\u00fcre\u011fimden kayan hangi y\u0131ld\u0131z? Unuttum d\u00f6nd\u00fc\u011f\u00fcn\u00fc D\u00fcnya\u2019n\u0131n. Sevgiyi ararken gece karanl\u0131klar\u0131nda \u00e7akan her \u015fim\u015fek ya da<span class=\"excerpt-hellip\"> [\u2026]<\/span><\/p>\n","protected":false},"featured_media":0,"template":"","meta":{"_monsterinsights_skip_tracking":false,"_monsterinsights_sitenote_active":false,"_monsterinsights_sitenote_note":"","_monsterinsights_sitenote_category":0},"product_brand":[],"product_cat":[12291,12509],"product_tag":[],"class_list":{"0":"post-780682","1":"product","2":"type-product","3":"status-publish","5":"product_cat-edebiyat","6":"product_cat-siir","7":"pa_cilt-ciltsiz","8":"pa_tur-kitap","9":"pa_yayinevi-luna-yayinlari","10":"pa_yazar-yasar-yesilyurt","12":"first","13":"instock","14":"sale","15":"shipping-taxable","16":"purchasable","17":"product-type-simple"},"_links":{"self":[{"href":"https:\/\/roveyayinevi.com.tr\/index.php\/wp-json\/wp\/v2\/product\/780682","targetHints":{"allow":["GET"]}}],"collection":[{"href":"https:\/\/roveyayinevi.com.tr\/index.php\/wp-json\/wp\/v2\/product"}],"about":[{"href":"https:\/\/roveyayinevi.com.tr\/index.php\/wp-json\/wp\/v2\/types\/product"}],"wp:attachment":[{"href":"https:\/\/roveyayinevi.com.tr\/index.php\/wp-json\/wp\/v2\/media?parent=780682"}],"wp:term":[{"taxonomy":"product_brand","embeddable":true,"href":"https:\/\/roveyayinevi.com.tr\/index.php\/wp-json\/wp\/v2\/product_brand?post=780682"},{"taxonomy":"product_cat","embeddable":true,"href":"https:\/\/roveyayinevi.com.tr\/index.php\/wp-json\/wp\/v2\/product_cat?post=780682"},{"taxonomy":"product_tag","embeddable":true,"href":"https:\/\/roveyayinevi.com.tr\/index.php\/wp-json\/wp\/v2\/product_tag?post=780682"}],"curies":[{"name":"wp","href":"https:\/\/api.w.org\/{rel}","templated":true}]}}