{"id":780681,"date":"2026-01-20T04:16:09","date_gmt":"2026-01-20T01:16:09","guid":{"rendered":"https:\/\/roveyayinevi.com.tr\/index.php\/urun\/distopik-bir-dunya-masali\/"},"modified":"2026-04-11T03:44:32","modified_gmt":"2026-04-11T00:44:32","slug":"distopik-bir-dunya-masali","status":"publish","type":"product","link":"https:\/\/roveyayinevi.com.tr\/index.php\/urun\/distopik-bir-dunya-masali\/","title":{"rendered":"Distopik Bir D\u00fcnya Masal\u0131"},"content":{"rendered":"<p>Size nas\u0131l bir d\u00fcnya laz\u0131m? K\u00fc\u00e7\u00fck, b\u00fcy\u00fck, mavi, ye\u015fil, gri, kalabal\u0131k, \u0131ss\u0131z, h\u0131zl\u0131, sakin, sa\u011fl\u0131kl\u0131, hasta, d\u00fczenli, kaotik, \u00f6ylesine mi; yoksa net mi?   Peki, gelecek nas\u0131l olsun? Karanl\u0131k, ayd\u0131nl\u0131k, umutlu, karamsar, beklentili, planl\u0131, s\u00fcrprizli, hareketli, dingin, ger\u00e7ek\u00e7i, masal gibi?   Arad\u0131\u011f\u0131n\u0131z d\u00fcnyaya ve gelece\u011fe ula\u015f\u0131lam\u0131yor mu?   O zaman masal dinleyeceksiniz.   Klasik bir masal m\u0131 olsun? \u0130yilerin hep kazand\u0131\u011f\u0131, k\u00f6t\u00fclerin cehennemi boylad\u0131\u011f\u0131, bitti\u011finde huzurla uykuya dal\u0131nan bir masal. Ama bu ger\u00e7ek bir masal.   Ger\u00e7ek bir masal nas\u0131l m\u0131 olur? \u0130\u015fte c\u00fcceler yok, devler yok, zehirli bir elma yok, kurba\u011fa prens yok, kalbinden zerre k\u00f6t\u00fcl\u00fck ge\u00e7meyen prenses yok, sonsuza kadar mutlu olan insanlar yok.   Ne mi var? \u00d6l\u00fcml\u00fc insan var, sonsuza kadar olmayan biraz mutluluk biraz s\u0131k\u0131nt\u0131 var, epey bir m\u00fccadele var, en \u00e7ok da hayat var.<\/p>\n","protected":false},"excerpt":{"rendered":"<p>Size nas\u0131l bir d\u00fcnya laz\u0131m? K\u00fc\u00e7\u00fck, b\u00fcy\u00fck, mavi, ye\u015fil, gri, kalabal\u0131k, \u0131ss\u0131z, h\u0131zl\u0131, sakin, sa\u011fl\u0131kl\u0131, hasta, d\u00fczenli, kaotik, \u00f6ylesine mi; yoksa net mi? Peki, gelecek nas\u0131l<span class=\"excerpt-hellip\"> [\u2026]<\/span><\/p>\n","protected":false},"featured_media":0,"template":"","meta":{"_monsterinsights_skip_tracking":false,"_monsterinsights_sitenote_active":false,"_monsterinsights_sitenote_note":"","_monsterinsights_sitenote_category":0},"product_brand":[],"product_cat":[12291,12711],"product_tag":[],"class_list":{"0":"post-780681","1":"product","2":"type-product","3":"status-publish","5":"product_cat-edebiyat","6":"product_cat-roman-oyku","7":"pa_cilt-ciltsiz","8":"pa_tur-kitap","9":"pa_yayinevi-theseus-yayinevi","10":"pa_yazar-zerrin-gamsizkan","12":"first","13":"instock","14":"sale","15":"shipping-taxable","16":"purchasable","17":"product-type-simple"},"_links":{"self":[{"href":"https:\/\/roveyayinevi.com.tr\/index.php\/wp-json\/wp\/v2\/product\/780681","targetHints":{"allow":["GET"]}}],"collection":[{"href":"https:\/\/roveyayinevi.com.tr\/index.php\/wp-json\/wp\/v2\/product"}],"about":[{"href":"https:\/\/roveyayinevi.com.tr\/index.php\/wp-json\/wp\/v2\/types\/product"}],"wp:attachment":[{"href":"https:\/\/roveyayinevi.com.tr\/index.php\/wp-json\/wp\/v2\/media?parent=780681"}],"wp:term":[{"taxonomy":"product_brand","embeddable":true,"href":"https:\/\/roveyayinevi.com.tr\/index.php\/wp-json\/wp\/v2\/product_brand?post=780681"},{"taxonomy":"product_cat","embeddable":true,"href":"https:\/\/roveyayinevi.com.tr\/index.php\/wp-json\/wp\/v2\/product_cat?post=780681"},{"taxonomy":"product_tag","embeddable":true,"href":"https:\/\/roveyayinevi.com.tr\/index.php\/wp-json\/wp\/v2\/product_tag?post=780681"}],"curies":[{"name":"wp","href":"https:\/\/api.w.org\/{rel}","templated":true}]}}