{"id":780675,"date":"2026-01-20T04:15:49","date_gmt":"2026-01-20T01:15:49","guid":{"rendered":"https:\/\/roveyayinevi.com.tr\/index.php\/urun\/2026-astrosifa-ajandasi\/"},"modified":"2026-04-15T03:44:18","modified_gmt":"2026-04-15T00:44:18","slug":"2026-astrosifa-ajandasi","status":"publish","type":"product","link":"https:\/\/roveyayinevi.com.tr\/index.php\/urun\/2026-astrosifa-ajandasi\/","title":{"rendered":"2026 Astro\u015fifa Ajandas\u0131"},"content":{"rendered":"<p>Sevgili okuyucum, 2026, s\u0131radan bir y\u0131l olmayacak. Sat\u00fcrn\u2019\u00fcn Ko\u00e7\u2019taki yolculu\u011fu bize cesareti, liderli\u011fi ve kendi ger\u00e7e\u011fimizle y\u00fczle\u015fmeyi hat\u0131rlat\u0131yor. Bu ajanda ise tam bu yolculukta sana e\u015flik etmesi i\u00e7in haz\u0131rland\u0131. Her g\u00fcn i\u00e7in \u00f6zel sorular, i\u00e7 sesini duyman ve kendi ritmini bulman i\u00e7in bir kap\u0131 a\u00e7acak. G\u00f6ky\u00fcz\u00fc kar\u0131\u015ft\u0131\u011f\u0131nda veya cevaplar bulan\u0131kla\u015ft\u0131\u011f\u0131nda, Astromatik de yan\u0131nda: H\u0131zl\u0131, ki\u015fisel ve g\u00fcvenilir bir rehber. Sayfalar aras\u0131nda ilerledik\u00e7e, asl\u0131nda kendini yeniden yazd\u0131\u011f\u0131n\u0131 g\u00f6receksin. Bu y\u0131l, kalbinin m\u00fczi\u011finde dans etmeyi \u00f6\u011frenme y\u0131l\u0131. G\u00f6ky\u00fcz\u00fc burada. Ben buraday\u0131m. Ve bu kitap, ikimiz aras\u0131nda kurulan k\u00f6pr\u00fc. <\/p>\n","protected":false},"excerpt":{"rendered":"<p>Sevgili okuyucum, 2026, s\u0131radan bir y\u0131l olmayacak. Sat\u00fcrn\u2019\u00fcn Ko\u00e7\u2019taki yolculu\u011fu bize cesareti, liderli\u011fi ve kendi ger\u00e7e\u011fimizle y\u00fczle\u015fmeyi hat\u0131rlat\u0131yor. Bu ajanda ise tam bu yolculukta sana e\u015flik<span class=\"excerpt-hellip\"> [\u2026]<\/span><\/p>\n","protected":false},"featured_media":0,"template":"","meta":{"_monsterinsights_skip_tracking":false,"_monsterinsights_sitenote_active":false,"_monsterinsights_sitenote_note":"","_monsterinsights_sitenote_category":0},"product_brand":[],"product_cat":[19840,12364],"product_tag":[],"class_list":{"0":"post-780675","1":"product","2":"type-product","3":"status-publish","5":"product_cat-astroloji","6":"product_cat-genel-konular","7":"pa_cilt-ciltsiz","8":"pa_tur-kitap","9":"pa_yayinevi-ucuncu-goz","10":"pa_yazar-aygul-aydin","12":"first","13":"instock","14":"sale","15":"shipping-taxable","16":"purchasable","17":"product-type-simple"},"_links":{"self":[{"href":"https:\/\/roveyayinevi.com.tr\/index.php\/wp-json\/wp\/v2\/product\/780675","targetHints":{"allow":["GET"]}}],"collection":[{"href":"https:\/\/roveyayinevi.com.tr\/index.php\/wp-json\/wp\/v2\/product"}],"about":[{"href":"https:\/\/roveyayinevi.com.tr\/index.php\/wp-json\/wp\/v2\/types\/product"}],"wp:attachment":[{"href":"https:\/\/roveyayinevi.com.tr\/index.php\/wp-json\/wp\/v2\/media?parent=780675"}],"wp:term":[{"taxonomy":"product_brand","embeddable":true,"href":"https:\/\/roveyayinevi.com.tr\/index.php\/wp-json\/wp\/v2\/product_brand?post=780675"},{"taxonomy":"product_cat","embeddable":true,"href":"https:\/\/roveyayinevi.com.tr\/index.php\/wp-json\/wp\/v2\/product_cat?post=780675"},{"taxonomy":"product_tag","embeddable":true,"href":"https:\/\/roveyayinevi.com.tr\/index.php\/wp-json\/wp\/v2\/product_tag?post=780675"}],"curies":[{"name":"wp","href":"https:\/\/api.w.org\/{rel}","templated":true}]}}