{"id":780674,"date":"2026-01-20T04:15:46","date_gmt":"2026-01-20T01:15:46","guid":{"rendered":"https:\/\/roveyayinevi.com.tr\/index.php\/urun\/dijital-finans-uzmani-yasayan-kitap\/"},"modified":"2026-04-15T03:44:16","modified_gmt":"2026-04-15T00:44:16","slug":"dijital-finans-uzmani-yasayan-kitap","status":"publish","type":"product","link":"https:\/\/roveyayinevi.com.tr\/index.php\/urun\/dijital-finans-uzmani-yasayan-kitap\/","title":{"rendered":"Dijital Finans Uzman\u0131 Ya\u015fayan Kitap"},"content":{"rendered":"<p>Bir mali hukuk\u00e7u olarak, dijital d\u00f6n\u00fc\u015f\u00fcm konular\u0131na hakim olabilmeyi ve mali hukuk alt yap\u0131s\u0131n\u0131n haz\u0131rlanmas\u0131nda geli\u015fmeleri takip edebilmeyi \u00e7ok \u00f6nemsiyorum. Bu nedenle uzun zamand\u0131r e\u011fitim ve kitap ara\u015ft\u0131r\u0131yordum fakat hangi kayna\u011f\u0131n g\u00fcvenilir ve verimli olaca\u011f\u0131 konusunda akl\u0131mda soru i\u015faretleri vard\u0131. Dijital Finans Uzmanl\u0131\u011f\u0131 E\u011fitimi tam da b\u00f6yle bir zamanda \u00e7\u0131kt\u0131 kar\u015f\u0131ma. Programa bak\u0131nca yo\u011fun bir i\u00e7erik oldu\u011fu ilk anda fark ediliyor zaten. E\u011fitim ba\u015flad\u0131ktan sonra e\u011fitimcilerin de ne kadar donan\u0131ml\u0131 oldu\u011funu ve program\u0131n ne kadar ciddiyetle y\u00fcr\u00fct\u00fcld\u00fc\u011f\u00fcn\u00fc birebir g\u00f6zlemledim. Hukuk\u00e7u oldu\u011fum i\u00e7in dersleri gere\u011fi gibi takip edebilme konusunda \u00e7ekincelerim vard\u0131 fakat konular her seviyeye uygun a\u00e7\u0131klamalar ve uygulamalarla peki\u015ftirildi\u011fi i\u00e7in \u00e7ekincelerim de k\u0131sa s\u00fcrede ortadan kayboldu. Bir ay gibi bir s\u00fcrede, dijital finansa dair bu kadar sa\u011flam ve detayl\u0131 bir temele sahip olmak, network\u00fcme alan\u0131nda uzman bu kadar de\u011ferli e\u011fitimcileri katmak \u00e7ok b\u00fcy\u00fck bir kazan\u0131m oldu benim i\u00e7in. Eme\u011fi ge\u00e7en herkese tebrik ve te\u015fekk\u00fcrlerimi iletmek isterim (17.10.2022) Zeynep M\u00dcFT\u00dcO\u011eU       As a banker, I thought I was familiar with financial issues but realized that I was quite out of it, and it was a nice, enjoyable, fluent, informative training where I got to know the digita-lized finance world with applied workshops and gained different perspectives. With the detailed information I learned about digital transformation and blockchain, I will be able to provide consultancy to my environment in my business life and daily life. Everyone needs to gain competence in this subject. You should definitely join this training program and start gaining competence in digital finance. (23.03.2022) Tuna Han G\u00f6k\u00e7eda\u011f \/ \u00d6zel Birikim Y\u00f6netmeni       \u00d6zlem Hoca\u2019n\u0131n tavsiyesi ile kat\u0131ld\u0131\u011f\u0131m e\u011fitim art\u0131k hi\u00e7bir \u015feyin eskisi gibi olmayaca\u011f\u0131n\u0131n fark\u0131n-dal\u0131\u011f\u0131n\u0131 yaratan, Dijital Finans d\u00fcnyas\u0131n\u0131n kap\u0131lar\u0131n\u0131 a\u00e7t\u0131. Hepsi birbirinden k\u0131ymetli bu i\u015fe emek ve g\u00f6n\u00fcl vermi\u015f hocalar\u0131m\u0131z ile her an\u0131 ayr\u0131 de\u011ferli 45 saat ge\u00e7irme f\u0131rsat\u0131m\u0131z oldu. E\u011fitim bittikten sonra dijital finans ile ilgili \u00e7ok b\u00fcy\u00fck bir fark\u0131ndal\u0131k ve al\u0131nacak \u00e7ok daha fazla yolumuz oldu\u011funun bilincine vard\u0131k. Ba\u015fta \u00d6zlem hocam olmak \u00fczere t\u00fcm de\u011ferli hocalar\u0131ma sonsuz te\u015fekk\u00fcrler sevgiler. Eylem O\u011fuzhan \/ Banka M\u00fcd\u00fcr\u00fc     By confronting us with the fact that the future is not so far away as we think, it has first created awareness on the subject and introduced us to the financial instruments created by the changes in the context of vocational training, in terms of how the first steps of digital transformation are realized in the financial world. First of all, I would like to thank my teacher \u00d6zlem and all the teachers I received training from. (17.03.2022) K\u0131v\u0131lc\u0131m Ermi\u015f<\/p>\n","protected":false},"excerpt":{"rendered":"<p>Bir mali hukuk\u00e7u olarak, dijital d\u00f6n\u00fc\u015f\u00fcm konular\u0131na hakim olabilmeyi ve mali hukuk alt yap\u0131s\u0131n\u0131n haz\u0131rlanmas\u0131nda geli\u015fmeleri takip edebilmeyi \u00e7ok \u00f6nemsiyorum. Bu nedenle uzun zamand\u0131r e\u011fitim ve<span class=\"excerpt-hellip\"> [\u2026]<\/span><\/p>\n","protected":false},"featured_media":0,"template":"","meta":{"_monsterinsights_skip_tracking":false,"_monsterinsights_sitenote_active":false,"_monsterinsights_sitenote_note":"","_monsterinsights_sitenote_category":0},"product_brand":[],"product_cat":[13835],"product_tag":[],"class_list":{"0":"post-780674","1":"product","2":"type-product","3":"status-publish","5":"product_cat-cok-satanlar","6":"pa_cilt-ciltsiz","7":"pa_tur-kitap","8":"pa_yayinevi-rekabet-akademisi","9":"pa_yazar-ozlem-dalli","11":"first","12":"instock","13":"sale","14":"shipping-taxable","15":"purchasable","16":"product-type-simple"},"_links":{"self":[{"href":"https:\/\/roveyayinevi.com.tr\/index.php\/wp-json\/wp\/v2\/product\/780674","targetHints":{"allow":["GET"]}}],"collection":[{"href":"https:\/\/roveyayinevi.com.tr\/index.php\/wp-json\/wp\/v2\/product"}],"about":[{"href":"https:\/\/roveyayinevi.com.tr\/index.php\/wp-json\/wp\/v2\/types\/product"}],"wp:attachment":[{"href":"https:\/\/roveyayinevi.com.tr\/index.php\/wp-json\/wp\/v2\/media?parent=780674"}],"wp:term":[{"taxonomy":"product_brand","embeddable":true,"href":"https:\/\/roveyayinevi.com.tr\/index.php\/wp-json\/wp\/v2\/product_brand?post=780674"},{"taxonomy":"product_cat","embeddable":true,"href":"https:\/\/roveyayinevi.com.tr\/index.php\/wp-json\/wp\/v2\/product_cat?post=780674"},{"taxonomy":"product_tag","embeddable":true,"href":"https:\/\/roveyayinevi.com.tr\/index.php\/wp-json\/wp\/v2\/product_tag?post=780674"}],"curies":[{"name":"wp","href":"https:\/\/api.w.org\/{rel}","templated":true}]}}