{"id":780671,"date":"2026-01-20T04:15:34","date_gmt":"2026-01-20T01:15:34","guid":{"rendered":"https:\/\/roveyayinevi.com.tr\/index.php\/urun\/ilya\/"},"modified":"2026-01-30T04:16:45","modified_gmt":"2026-01-30T01:16:45","slug":"ilya","status":"publish","type":"product","link":"https:\/\/roveyayinevi.com.tr\/index.php\/urun\/ilya\/","title":{"rendered":"\u0130lya"},"content":{"rendered":"<p>\u0130lya\u2026 Bu isime, sadece bir kitap ad\u0131 olarak bakmamak gerek. Bu g\u00f6n\u00fcl yolculu\u011funun sesi, a\u015fk\u0131n bin bir h\u00e2linin terc\u00fcmesidir. Okuyaca\u011f\u0131n\u0131z dizelerde bazen h\u00fcz\u00fcn bir nehir gibi akar, bazen sevin\u00e7 bir ku\u015f gibi kanatlan\u0131r, bazen de umut, sabaha do\u011fan g\u00fcne\u015f gibi y\u00fckselir. <\/p>\n","protected":false},"excerpt":{"rendered":"<p>\u0130lya\u2026 Bu isime, sadece bir kitap ad\u0131 olarak bakmamak gerek. Bu g\u00f6n\u00fcl yolculu\u011funun sesi, a\u015fk\u0131n bin bir h\u00e2linin terc\u00fcmesidir. Okuyaca\u011f\u0131n\u0131z dizelerde bazen h\u00fcz\u00fcn bir nehir gibi<span class=\"excerpt-hellip\"> [\u2026]<\/span><\/p>\n","protected":false},"featured_media":0,"template":"","meta":{"_monsterinsights_skip_tracking":false,"_monsterinsights_sitenote_active":false,"_monsterinsights_sitenote_note":"","_monsterinsights_sitenote_category":0},"product_brand":[],"product_cat":[12291,12509],"product_tag":[],"class_list":{"0":"post-780671","1":"product","2":"type-product","3":"status-publish","5":"product_cat-edebiyat","6":"product_cat-siir","7":"pa_cilt-ciltsiz","8":"pa_tur-kitap","9":"pa_yayinevi-vova-yayinlari","10":"pa_yazar-mustafa-kutlu","12":"first","13":"instock","14":"sale","15":"shipping-taxable","16":"purchasable","17":"product-type-simple"},"_links":{"self":[{"href":"https:\/\/roveyayinevi.com.tr\/index.php\/wp-json\/wp\/v2\/product\/780671","targetHints":{"allow":["GET"]}}],"collection":[{"href":"https:\/\/roveyayinevi.com.tr\/index.php\/wp-json\/wp\/v2\/product"}],"about":[{"href":"https:\/\/roveyayinevi.com.tr\/index.php\/wp-json\/wp\/v2\/types\/product"}],"wp:attachment":[{"href":"https:\/\/roveyayinevi.com.tr\/index.php\/wp-json\/wp\/v2\/media?parent=780671"}],"wp:term":[{"taxonomy":"product_brand","embeddable":true,"href":"https:\/\/roveyayinevi.com.tr\/index.php\/wp-json\/wp\/v2\/product_brand?post=780671"},{"taxonomy":"product_cat","embeddable":true,"href":"https:\/\/roveyayinevi.com.tr\/index.php\/wp-json\/wp\/v2\/product_cat?post=780671"},{"taxonomy":"product_tag","embeddable":true,"href":"https:\/\/roveyayinevi.com.tr\/index.php\/wp-json\/wp\/v2\/product_tag?post=780671"}],"curies":[{"name":"wp","href":"https:\/\/api.w.org\/{rel}","templated":true}]}}