{"id":780669,"date":"2026-01-20T04:15:28","date_gmt":"2026-01-20T01:15:28","guid":{"rendered":"https:\/\/roveyayinevi.com.tr\/index.php\/urun\/finansal-efsaneler-ve-gercekler\/"},"modified":"2026-04-15T03:44:11","modified_gmt":"2026-04-15T00:44:11","slug":"finansal-efsaneler-ve-gercekler","status":"publish","type":"product","link":"https:\/\/roveyayinevi.com.tr\/index.php\/urun\/finansal-efsaneler-ve-gercekler\/","title":{"rendered":"Finansal Efsaneler ve Ger\u00e7ekler"},"content":{"rendered":"<p>Yat\u0131r\u0131m d\u00fcnyas\u0131nda do\u011fru bildi\u011fimiz pek \u00e7ok \u015fey asl\u0131nda yanl\u0131\u015f olabilir mi?   Her g\u00fcn sosyal medyada, televizyonlarda ve gazetelerde yat\u0131r\u0131mc\u0131ya yol g\u00f6stermesi gereken bilgiler yerine ezbere s\u00f6ylenmi\u015f, temelsiz iddialar ve yan\u0131lt\u0131c\u0131 yorumlarla kar\u015f\u0131la\u015f\u0131yoruz. T\u00fcrkiye\u2019de borsan\u0131n asli amac\u0131ndan uzak bir \u015fekilde kullan\u0131lmas\u0131n\u0131n, d\u00fcnyada en \u00e7ok i\u015flem yapan \u00fclkelerden biri olmam\u0131za ra\u011fmen finansal okuryazarl\u0131\u011f\u0131n d\u00fc\u015f\u00fck kalmas\u0131n\u0131n tesad\u00fcf olmad\u0131\u011f\u0131n\u0131 d\u00fc\u015f\u00fcnd\u00fcn\u00fcz m\u00fc?   Finansal Efsaneler ve Ger\u00e7ekler, i\u015fte tam da bu yanl\u0131\u015f alg\u0131lara meydan okuyor. Ezber bozan sorular soruyor, kli\u015fe cevaplara itiraz ediyor ve veriye dayal\u0131, anla\u015f\u0131l\u0131r bir bak\u0131\u015f a\u00e7\u0131s\u0131 sunuyor. \u00dcstelik 100\u2019e yak\u0131n grafik ve tabloyla desteklenen, ba\u015fka hi\u00e7bir yerde bulamayaca\u011f\u0131n\u0131z \u00f6zg\u00fcn analizler i\u00e7eriyor. B\u00f6ylece hem finansa yeni ba\u015flayanlar\u0131n karma\u015f\u0131k finansal ili\u015fkileri kolayca anlamas\u0131na yard\u0131mc\u0131 oluyor hem de bu alanda uzman olan okurlara geni\u015f veri kaynaklar\u0131, kar\u015f\u0131la\u015ft\u0131rmalar ve derin bak\u0131\u015f a\u00e7\u0131lar\u0131 sunuyor.   Alt\u0131n ger\u00e7ekten g\u00fcvenli liman m\u0131? Gayrimenkul d\u00fc\u015f\u00fcnd\u00fc\u011f\u00fcm\u00fcz kadar kazand\u0131r\u0131yor mu? Borsa \u0130stanbul uzun vadeli yat\u0131r\u0131mc\u0131 i\u00e7in ne kadar g\u00fcvenilir? Risk ve oynakl\u0131k ayn\u0131 \u015fey mi? B\u00fcy\u00fcme hisseleri mi, de\u011fer yat\u0131r\u0131mc\u0131l\u0131\u011f\u0131 m\u0131? Teknik analiz bize ger\u00e7ekten yol g\u00f6sterebilir mi? Tasarruf yaparken hayat\u0131 m\u0131 \u0131skal\u0131yoruz? Bedelsiz sermaye art\u0131r\u0131m\u0131, temett\u00fc hisseleri ya da yabanc\u0131 yat\u0131r\u0131mc\u0131lar\u0131n varl\u0131\u011f\u0131 getirilerimizi nas\u0131l etkiliyor?   Bu sorular\u0131n ve \u00e7ok daha fazlas\u0131n\u0131n cevaplar\u0131n\u0131 bulaca\u011f\u0131n\u0131z Finansal Efsaneler ve Ger\u00e7ekler\u2019de, finansal piyasalar\u0131 \u015fekillendiren mitleri birer birer sorgulayacak ve farkl\u0131 bir g\u00f6zle yeniden de\u011ferlendirme f\u0131rsat\u0131 bulacaks\u0131n\u0131z. E\u011fer siz de y\u0131llard\u0131r tekrar edilen kli\u015felerin arkas\u0131nda yatan ger\u00e7ekleri merak ediyorsan\u0131z, Finansal Efsaneler ve Ger\u00e7ekler tam size g\u00f6re! <\/p>\n","protected":false},"excerpt":{"rendered":"<p>Yat\u0131r\u0131m d\u00fcnyas\u0131nda do\u011fru bildi\u011fimiz pek \u00e7ok \u015fey asl\u0131nda yanl\u0131\u015f olabilir mi? Her g\u00fcn sosyal medyada, televizyonlarda ve gazetelerde yat\u0131r\u0131mc\u0131ya yol g\u00f6stermesi gereken bilgiler yerine ezbere s\u00f6ylenmi\u015f,<span class=\"excerpt-hellip\"> [\u2026]<\/span><\/p>\n","protected":false},"featured_media":0,"template":"","meta":{"_monsterinsights_skip_tracking":false,"_monsterinsights_sitenote_active":false,"_monsterinsights_sitenote_note":"","_monsterinsights_sitenote_category":0},"product_brand":[],"product_cat":[13043,17647],"product_tag":[],"class_list":{"0":"post-780669","1":"product","2":"type-product","3":"status-publish","5":"product_cat-ekonomi","6":"product_cat-is-dunyasi","7":"pa_cilt-ciltsiz","8":"pa_tur-kitap","9":"pa_yayinevi-kronik-kitap","10":"pa_yazar-serkan-unal","12":"first","13":"instock","14":"sale","15":"shipping-taxable","16":"purchasable","17":"product-type-simple"},"_links":{"self":[{"href":"https:\/\/roveyayinevi.com.tr\/index.php\/wp-json\/wp\/v2\/product\/780669","targetHints":{"allow":["GET"]}}],"collection":[{"href":"https:\/\/roveyayinevi.com.tr\/index.php\/wp-json\/wp\/v2\/product"}],"about":[{"href":"https:\/\/roveyayinevi.com.tr\/index.php\/wp-json\/wp\/v2\/types\/product"}],"wp:attachment":[{"href":"https:\/\/roveyayinevi.com.tr\/index.php\/wp-json\/wp\/v2\/media?parent=780669"}],"wp:term":[{"taxonomy":"product_brand","embeddable":true,"href":"https:\/\/roveyayinevi.com.tr\/index.php\/wp-json\/wp\/v2\/product_brand?post=780669"},{"taxonomy":"product_cat","embeddable":true,"href":"https:\/\/roveyayinevi.com.tr\/index.php\/wp-json\/wp\/v2\/product_cat?post=780669"},{"taxonomy":"product_tag","embeddable":true,"href":"https:\/\/roveyayinevi.com.tr\/index.php\/wp-json\/wp\/v2\/product_tag?post=780669"}],"curies":[{"name":"wp","href":"https:\/\/api.w.org\/{rel}","templated":true}]}}