{"id":780667,"date":"2026-01-20T04:15:23","date_gmt":"2026-01-20T01:15:23","guid":{"rendered":"https:\/\/roveyayinevi.com.tr\/index.php\/urun\/uc-ceket-karar-verme-yontemi\/"},"modified":"2026-04-15T03:44:09","modified_gmt":"2026-04-15T00:44:09","slug":"uc-ceket-karar-verme-yontemi","status":"publish","type":"product","link":"https:\/\/roveyayinevi.com.tr\/index.php\/urun\/uc-ceket-karar-verme-yontemi\/","title":{"rendered":"\u00dc\u00e7 Ceket Karar Verme Y\u00f6ntemi"},"content":{"rendered":"<p>\u00dc\u00e7 Ceket Karar Verme Y\u00f6ntemi, ba\u015far\u0131l\u0131 y\u00f6neticilerin karar verme becerilerini hem i\u015f hem ki\u015fisel hayat\u0131m\u0131zda sistemli bir \u015fekilde kullanmam\u0131za yard\u0131mc\u0131 olmak amac\u0131yla tasarlanm\u0131\u015ft\u0131r. Gelece\u011fimizi kurgulamak, yapt\u0131\u011f\u0131m\u0131z b\u00fcy\u00fck bir se\u00e7imdir ve planlamak \u00e7ok \u00f6nemlidir. Gelece\u011fimizi ger\u00e7ekle\u015ftiren ise, her g\u00fcn att\u0131\u011f\u0131m\u0131z k\u00fc\u00e7\u00fck ad\u0131mlar i\u00e7in yapt\u0131\u011f\u0131m\u0131z se\u00e7imlerdir. Bunlar bizi ileriye ta\u015f\u0131yacak uygulama kararlar\u0131 ve onlara ba\u011fl\u0131 eylemlerdir. Kitab\u0131n, sahip oldu\u011fu sade, anla\u015f\u0131l\u0131r dil ve anlat\u0131m\u0131yla karar verme pozisyonundaki ki\u015filere rehberlik edece\u011fine inan\u0131yorum. Baki Budako\u011flu Bilimsel ve yal\u0131n bir dille, karar verme sanat\u0131n\u0131 b\u00fct\u00fcnsel bir bak\u0131\u015f a\u00e7\u0131s\u0131yla ifade eden bir kitap. Alt\u0131 \u00e7izilerek okunacak ba\u015fucu kitaplar aras\u0131nda. H\u00fcsniye F\u0131rat Y\u00f6neticiler i\u00e7in hem akademik hem de uygulamaya d\u00f6n\u00fck g\u00fc\u00e7l\u00fc bir rehber olan bu eserin, liderlik ve karar verme s\u00fcre\u00e7lerine ilham verece\u011fine inan\u0131yorum. \u0130lknur \u00c7evik Tekin \u00c7ok kapsaml\u0131, bilimsel oldu\u011fu kadar, pratik de\u011fer ortaya koyan bir eser. Dolu dolu bir ba\u015fucu kitab\u0131. Dilek Yurdabak Biz denet\u00e7iler i\u00e7in de \u00fc\u00e7 ceket metodu karar vermede b\u00fcy\u00fck bir de\u011fer yarat\u0131yor. Karar vericilerin okumas\u0131 dileklerimle. Sibel Tashan Yurtseven<\/p>\n","protected":false},"excerpt":{"rendered":"<p>\u00dc\u00e7 Ceket Karar Verme Y\u00f6ntemi, ba\u015far\u0131l\u0131 y\u00f6neticilerin karar verme becerilerini hem i\u015f hem ki\u015fisel hayat\u0131m\u0131zda sistemli bir \u015fekilde kullanmam\u0131za yard\u0131mc\u0131 olmak amac\u0131yla tasarlanm\u0131\u015ft\u0131r. Gelece\u011fimizi kurgulamak, yapt\u0131\u011f\u0131m\u0131z<span class=\"excerpt-hellip\"> [\u2026]<\/span><\/p>\n","protected":false},"featured_media":0,"template":"","meta":{"_monsterinsights_skip_tracking":false,"_monsterinsights_sitenote_active":false,"_monsterinsights_sitenote_note":"","_monsterinsights_sitenote_category":0},"product_brand":[],"product_cat":[13043,17647],"product_tag":[],"class_list":{"0":"post-780667","1":"product","2":"type-product","3":"status-publish","5":"product_cat-ekonomi","6":"product_cat-is-dunyasi","7":"pa_cilt-ciltsiz","8":"pa_tur-kitap","9":"pa_yayinevi-efil-yayinevi","10":"pa_yazar-mete-han-gur","12":"first","13":"instock","14":"sale","15":"shipping-taxable","16":"purchasable","17":"product-type-simple"},"_links":{"self":[{"href":"https:\/\/roveyayinevi.com.tr\/index.php\/wp-json\/wp\/v2\/product\/780667","targetHints":{"allow":["GET"]}}],"collection":[{"href":"https:\/\/roveyayinevi.com.tr\/index.php\/wp-json\/wp\/v2\/product"}],"about":[{"href":"https:\/\/roveyayinevi.com.tr\/index.php\/wp-json\/wp\/v2\/types\/product"}],"wp:attachment":[{"href":"https:\/\/roveyayinevi.com.tr\/index.php\/wp-json\/wp\/v2\/media?parent=780667"}],"wp:term":[{"taxonomy":"product_brand","embeddable":true,"href":"https:\/\/roveyayinevi.com.tr\/index.php\/wp-json\/wp\/v2\/product_brand?post=780667"},{"taxonomy":"product_cat","embeddable":true,"href":"https:\/\/roveyayinevi.com.tr\/index.php\/wp-json\/wp\/v2\/product_cat?post=780667"},{"taxonomy":"product_tag","embeddable":true,"href":"https:\/\/roveyayinevi.com.tr\/index.php\/wp-json\/wp\/v2\/product_tag?post=780667"}],"curies":[{"name":"wp","href":"https:\/\/api.w.org\/{rel}","templated":true}]}}