{"id":780666,"date":"2026-01-20T04:15:21","date_gmt":"2026-01-20T01:15:21","guid":{"rendered":"https:\/\/roveyayinevi.com.tr\/index.php\/urun\/yeni-nesil-insan-kaynaklari-yonetimi\/"},"modified":"2026-04-15T03:44:09","modified_gmt":"2026-04-15T00:44:09","slug":"yeni-nesil-insan-kaynaklari-yonetimi","status":"publish","type":"product","link":"https:\/\/roveyayinevi.com.tr\/index.php\/urun\/yeni-nesil-insan-kaynaklari-yonetimi\/","title":{"rendered":"Yeni Nesil \u0130nsan Kaynaklar\u0131 Y\u00f6netimi"},"content":{"rendered":"<p>\u0130\u00e7indekiler :   1.      B\u00d6L\u00dcM: YEN\u0130 NES\u0130L \u0130NSAN KAYNAKLARI Y\u00d6NET\u0130M\u0130: B\u0130LE\u015eENLER VE STRATEJ\u0130K \u00d6NCEL\u0130KLER 2.      B\u00d6L\u00dcM: YEN\u0130 NES\u0130L \u0130NSAN KAYNAKLARI PLANLAMASI 3.      B\u00d6L\u00dcM: YEN\u0130 NES\u0130L \u0130\u015eE ALIM VE SE\u00c7\u0130M 4.      B\u00d6L\u00dcM: YEN\u0130 NES\u0130L PERFORMANS Y\u00d6NET\u0130M S\u0130STEMLER\u0130: PERFORMANS DE\u011eERLEND\u0130RMEDE YAPAY ZEKA KULLANIMI 5.      B\u00d6L\u00dcM: B\u0130R \u0130NSAN KAYNAKLARI Y\u00d6NET\u0130M\u0130 FONKS\u0130YONU OLARAK YEN\u0130 NES\u0130L E\u011e\u0130T\u0130M VE GEL\u0130\u015eT\u0130RME 6.      B\u00d6L\u00dcM: YEN\u0130 NES\u0130L YETENEK Y\u00d6NET\u0130M\u0130 7.      B\u00d6L\u00dcM: YEN\u0130 NES\u0130L L\u0130DERL\u0130K: H\u0130ZMETKAR L\u0130DERL\u0130K 8.      B\u00d6L\u00dcM: YEN\u0130 NES\u0130L \u00c7E\u015e\u0130TL\u0130L\u0130K Y\u00d6NET\u0130M\u0130 9.      B\u00d6L\u00dcM: \u0130NSAN KAYNAKLARI Y\u00d6NET\u0130M\u0130NDE YEN\u0130 NES\u0130L \u0130NOVASYON 10.  B\u00d6L\u00dcM: YEN\u0130 NES\u0130L \u0130NSAN KAYNAKLARI Y\u00d6NET\u0130M\u0130NDE ANAL\u0130T\u0130K VE YAPAY ZEKA <\/p>\n","protected":false},"excerpt":{"rendered":"<p>\u0130\u00e7indekiler : 1. B\u00d6L\u00dcM: YEN\u0130 NES\u0130L \u0130NSAN KAYNAKLARI Y\u00d6NET\u0130M\u0130: B\u0130LE\u015eENLER VE STRATEJ\u0130K \u00d6NCEL\u0130KLER 2. B\u00d6L\u00dcM: YEN\u0130 NES\u0130L \u0130NSAN KAYNAKLARI PLANLAMASI 3. B\u00d6L\u00dcM: YEN\u0130 NES\u0130L \u0130\u015eE ALIM<span class=\"excerpt-hellip\"> [\u2026]<\/span><\/p>\n","protected":false},"featured_media":0,"template":"","meta":{"_monsterinsights_skip_tracking":false,"_monsterinsights_sitenote_active":false,"_monsterinsights_sitenote_note":"","_monsterinsights_sitenote_category":0},"product_brand":[],"product_cat":[13043,14381],"product_tag":[],"class_list":{"0":"post-780666","1":"product","2":"type-product","3":"status-publish","5":"product_cat-ekonomi","6":"product_cat-isletme-muhasebe-maliye","7":"pa_cilt-ciltsiz","8":"pa_tur-kitap","9":"pa_yayinevi-gazi-kitabevi","10":"pa_yazar-kolektif","12":"first","13":"instock","14":"sale","15":"shipping-taxable","16":"purchasable","17":"product-type-simple"},"_links":{"self":[{"href":"https:\/\/roveyayinevi.com.tr\/index.php\/wp-json\/wp\/v2\/product\/780666","targetHints":{"allow":["GET"]}}],"collection":[{"href":"https:\/\/roveyayinevi.com.tr\/index.php\/wp-json\/wp\/v2\/product"}],"about":[{"href":"https:\/\/roveyayinevi.com.tr\/index.php\/wp-json\/wp\/v2\/types\/product"}],"wp:attachment":[{"href":"https:\/\/roveyayinevi.com.tr\/index.php\/wp-json\/wp\/v2\/media?parent=780666"}],"wp:term":[{"taxonomy":"product_brand","embeddable":true,"href":"https:\/\/roveyayinevi.com.tr\/index.php\/wp-json\/wp\/v2\/product_brand?post=780666"},{"taxonomy":"product_cat","embeddable":true,"href":"https:\/\/roveyayinevi.com.tr\/index.php\/wp-json\/wp\/v2\/product_cat?post=780666"},{"taxonomy":"product_tag","embeddable":true,"href":"https:\/\/roveyayinevi.com.tr\/index.php\/wp-json\/wp\/v2\/product_tag?post=780666"}],"curies":[{"name":"wp","href":"https:\/\/api.w.org\/{rel}","templated":true}]}}