{"id":780664,"date":"2026-01-20T04:14:51","date_gmt":"2026-01-20T01:14:51","guid":{"rendered":"https:\/\/roveyayinevi.com.tr\/index.php\/urun\/ucu-bir-arada\/"},"modified":"2026-04-15T03:43:48","modified_gmt":"2026-04-15T00:43:48","slug":"ucu-bir-arada","status":"publish","type":"product","link":"https:\/\/roveyayinevi.com.tr\/index.php\/urun\/ucu-bir-arada\/","title":{"rendered":"\u00dc\u00e7\u00fc Bir Arada"},"content":{"rendered":"<p>NE DOST BELL\u0130, NE D\u00dc\u015eMAN G\u00f6n\u00fcl yanar, sitem eder zamana, Sel olup ge\u00e7er, dost var\u0131r limana. Nice y\u00fcz var, hep g\u00fcler de insana, Ne dost belli \u015fimdi, ne d\u00fc\u015fman belli.   Zor g\u00fcndeyiz, s\u00f6nm\u00fc\u015f y\u00fcrek ate\u015fi, Her sel\u00e2mda gizlidir bir torpil i\u015fi. \u0130\u00e7ten de\u011fil art\u0131k s\u00f6z\u00fcn geli\u015fi, Ne dost belli \u015fimdi, ne d\u00fc\u015fman belli.   Dert anlatmaz olmu\u015f art\u0131k dil bile, Her tebess\u00fcm gizli bir \u015f\u00fcphe ile, Yaln\u0131z kald\u0131k sab\u0131r denen ip ile, Ne dost belli \u015fimdi, ne d\u00fc\u015fman belli.   Nice emek, nice vef\u00e2 bo\u015funa, \u0130nce g\u00f6n\u00fcl d\u00fc\u015fm\u00fc\u015f k\u0131\u015f\u0131n ta\u015f\u0131na. Sad\u0131k sand\u0131k, d\u00f6nd\u00fc yolun d\u0131\u015f\u0131na, Ne dost belli \u015fimdi, ne d\u00fc\u015fman belli.   Med\u00e2r\u00ee, aldanma her g\u00fclen y\u00fcze, Nice maske s\u0131\u011far tatl\u0131 bir s\u00f6ze, Dost g\u00f6r\u00fcn\u00fcr, ta\u015f koyar \u00f6n\u00fcm\u00fcze, Ne dost belli \u015fimdi, ne d\u00fc\u015fman belli. <\/p>\n","protected":false},"excerpt":{"rendered":"<p>NE DOST BELL\u0130, NE D\u00dc\u015eMAN G\u00f6n\u00fcl yanar, sitem eder zamana, Sel olup ge\u00e7er, dost var\u0131r limana. Nice y\u00fcz var, hep g\u00fcler de insana, Ne dost belli<span class=\"excerpt-hellip\"> [\u2026]<\/span><\/p>\n","protected":false},"featured_media":0,"template":"","meta":{"_monsterinsights_skip_tracking":false,"_monsterinsights_sitenote_active":false,"_monsterinsights_sitenote_note":"","_monsterinsights_sitenote_category":0},"product_brand":[],"product_cat":[12291,12509],"product_tag":[],"class_list":{"0":"post-780664","1":"product","2":"type-product","3":"status-publish","5":"product_cat-edebiyat","6":"product_cat-siir","7":"pa_cilt-ciltsiz","8":"pa_tur-kitap","9":"pa_yayinevi-gulnar-yayinlari","10":"pa_yazar-mustafa-donmez","12":"first","13":"instock","14":"sale","15":"shipping-taxable","16":"purchasable","17":"product-type-simple"},"_links":{"self":[{"href":"https:\/\/roveyayinevi.com.tr\/index.php\/wp-json\/wp\/v2\/product\/780664","targetHints":{"allow":["GET"]}}],"collection":[{"href":"https:\/\/roveyayinevi.com.tr\/index.php\/wp-json\/wp\/v2\/product"}],"about":[{"href":"https:\/\/roveyayinevi.com.tr\/index.php\/wp-json\/wp\/v2\/types\/product"}],"wp:attachment":[{"href":"https:\/\/roveyayinevi.com.tr\/index.php\/wp-json\/wp\/v2\/media?parent=780664"}],"wp:term":[{"taxonomy":"product_brand","embeddable":true,"href":"https:\/\/roveyayinevi.com.tr\/index.php\/wp-json\/wp\/v2\/product_brand?post=780664"},{"taxonomy":"product_cat","embeddable":true,"href":"https:\/\/roveyayinevi.com.tr\/index.php\/wp-json\/wp\/v2\/product_cat?post=780664"},{"taxonomy":"product_tag","embeddable":true,"href":"https:\/\/roveyayinevi.com.tr\/index.php\/wp-json\/wp\/v2\/product_tag?post=780664"}],"curies":[{"name":"wp","href":"https:\/\/api.w.org\/{rel}","templated":true}]}}