{"id":780663,"date":"2026-01-20T04:14:47","date_gmt":"2026-01-20T01:14:47","guid":{"rendered":"https:\/\/roveyayinevi.com.tr\/index.php\/urun\/muhurler-sandigi-1-gizli-gorev-sumer-2\/"},"modified":"2026-04-15T03:43:46","modified_gmt":"2026-04-15T00:43:46","slug":"muhurler-sandigi-1-gizli-gorev-sumer-2","status":"publish","type":"product","link":"https:\/\/roveyayinevi.com.tr\/index.php\/urun\/muhurler-sandigi-1-gizli-gorev-sumer-2\/","title":{"rendered":"M\u00fch\u00fcrler Sand\u0131\u011f\u0131 &#8211; 1 Gizli G\u00f6rev S\u00fcmer"},"content":{"rendered":"<p>Ba\u015fak ve Alp yeni bir eve ta\u015f\u0131nman\u0131n heyecan\u0131 i\u00e7indeler. Onlar i\u00e7in her \u015fey yeni; mahalle, okul, arkada\u015flar\u2026 \u00c7evrelerine al\u0131\u015fmak i\u00e7in hemen ke\u015ffe \u00e7\u0131k\u0131yorlar ve binlerce y\u0131l \u00f6nceden kalma, s\u0131rlarla dolu bir sand\u0131k buluyorlar! M\u00fch\u00fcrler Sand\u0131\u011f\u0131 ve beraberinde gelen gizemli bir kad\u0131n, Ba\u015fak ile Alp\u2019in hayatlar\u0131n\u0131 sonsuza dek de\u011fi\u015ftirecek. \u0130ki karde\u015fe \u00e7ok \u00f6nemli bir g\u00f6rev d\u00fc\u015fecek: Gelece\u011fi kurtarmak i\u00e7in zamanda bir yolculuk yapmak ve t\u00fcm d\u00fcnyan\u0131n kaderini de\u011fi\u015ftirecek m\u00fch\u00fcrleri toplamak. SIKI DUR! M\u00fch\u00fcrler Sand\u0131\u011f\u0131 serisi ola\u011fan\u00fcst\u00fc bir macerayla ba\u015fl\u0131yor. Serinin ilk kitab\u0131 Gizli G\u00f6rev: S\u00fcmer ile kendini antik bir uygarl\u0131\u011f\u0131n gizemli koridorlar\u0131nda soluk solu\u011fa bir maceran\u0131n i\u00e7inde bulacaks\u0131n!   8-12YA\u015e H\u0130K\u00c2YE-ROMAN <\/p>\n","protected":false},"excerpt":{"rendered":"<p>Ba\u015fak ve Alp yeni bir eve ta\u015f\u0131nman\u0131n heyecan\u0131 i\u00e7indeler. Onlar i\u00e7in her \u015fey yeni; mahalle, okul, arkada\u015flar\u2026 \u00c7evrelerine al\u0131\u015fmak i\u00e7in hemen ke\u015ffe \u00e7\u0131k\u0131yorlar ve binlerce y\u0131l<span class=\"excerpt-hellip\"> [\u2026]<\/span><\/p>\n","protected":false},"featured_media":0,"template":"","meta":{"_monsterinsights_skip_tracking":false,"_monsterinsights_sitenote_active":false,"_monsterinsights_sitenote_note":"","_monsterinsights_sitenote_category":0},"product_brand":[],"product_cat":[12416,12291],"product_tag":[],"class_list":{"0":"post-780663","1":"product","2":"type-product","3":"status-publish","5":"product_cat-cizgi-roman","6":"product_cat-edebiyat","7":"pa_cilt-ciltsiz","8":"pa_tur-kitap","9":"pa_yayinevi-dogan-cocuk","10":"pa_yazar-birsen-ekim-ozen","12":"first","13":"instock","14":"sale","15":"shipping-taxable","16":"purchasable","17":"product-type-simple"},"_links":{"self":[{"href":"https:\/\/roveyayinevi.com.tr\/index.php\/wp-json\/wp\/v2\/product\/780663","targetHints":{"allow":["GET"]}}],"collection":[{"href":"https:\/\/roveyayinevi.com.tr\/index.php\/wp-json\/wp\/v2\/product"}],"about":[{"href":"https:\/\/roveyayinevi.com.tr\/index.php\/wp-json\/wp\/v2\/types\/product"}],"wp:attachment":[{"href":"https:\/\/roveyayinevi.com.tr\/index.php\/wp-json\/wp\/v2\/media?parent=780663"}],"wp:term":[{"taxonomy":"product_brand","embeddable":true,"href":"https:\/\/roveyayinevi.com.tr\/index.php\/wp-json\/wp\/v2\/product_brand?post=780663"},{"taxonomy":"product_cat","embeddable":true,"href":"https:\/\/roveyayinevi.com.tr\/index.php\/wp-json\/wp\/v2\/product_cat?post=780663"},{"taxonomy":"product_tag","embeddable":true,"href":"https:\/\/roveyayinevi.com.tr\/index.php\/wp-json\/wp\/v2\/product_tag?post=780663"}],"curies":[{"name":"wp","href":"https:\/\/api.w.org\/{rel}","templated":true}]}}