{"id":780661,"date":"2026-01-20T04:14:38","date_gmt":"2026-01-20T01:14:38","guid":{"rendered":"https:\/\/roveyayinevi.com.tr\/index.php\/urun\/odyolojiye-giris\/"},"modified":"2026-04-15T03:43:41","modified_gmt":"2026-04-15T00:43:41","slug":"odyolojiye-giris","status":"publish","type":"product","link":"https:\/\/roveyayinevi.com.tr\/index.php\/urun\/odyolojiye-giris\/","title":{"rendered":"Odyolojiye Giri\u015f"},"content":{"rendered":"<p>\u201cNeden odyolojiyi se\u00e7tiniz?\u201d Odyolojiye g\u00f6n\u00fcl veren meslekta\u015flar\u0131n, hatta \u00f6\u011frencilerin bu soruyla ya\u015famlar\u0131 boyunca en az bir kez kar\u015f\u0131la\u015ft\u0131klar\u0131ndan eminim. Asl\u0131nda nas\u0131l cevaplar verildi\u011fini tek tek duymay\u0131 \u00e7ok isterdim. Ancak se\u00e7im nedeni her ne olursa olsun bu alanda g\u00f6rev alan herkesin \u015fu anki en b\u00fcy\u00fck mesleki ilgisinin d\u0131\u015f \u00e7evreden bilgi aktaran \u00f6nemli duyular\u0131m\u0131zdan biri olan i\u015fitme ile ilgilenmek ve insanlar\u0131n ileti\u015fim kurma becerilerini s\u00fcrd\u00fcrmelerine yard\u0131mc\u0131 olmak oldu\u011funu biliyorum. Bu ilginin etkin \u015fekilde y\u00f6netimi i\u00e7in bir sa\u011fl\u0131k mesle\u011fi olarak odyolojide, olaylara, hastalara, konulara b\u00fct\u00fcnc\u00fcl bir yakla\u015f\u0131mla y\u00f6nelmek \u00e7ok faydal\u0131 olmaktad\u0131r. \u0130\u015fte bu elinizde bulunan kitap tam da b\u00f6ylesine b\u00fct\u00fcnc\u00fcl bir bak\u0131\u015f a\u00e7\u0131s\u0131yla tasarlanm\u0131\u015f ve okurlar\u0131n istifadesine sunulmu\u015ftur. Edit\u00f6r: \u015eule \u00c7eki\u00e7 Bir sa\u011fl\u0131k disiplini olarak odyoloji, lisans programlar\u0131n\u0131n yayg\u0131nla\u015fmas\u0131 ile \u00fclkemizde her ge\u00e7en g\u00fcn g\u00fc\u00e7lenmektedir. Mesle\u011fe ad\u0131m atmaya haz\u0131rlanan odyoloji \u00f6\u011frencileri anla\u015f\u0131l\u0131r, ak\u0131c\u0131 ve ana dilimizde yaz\u0131lm\u0131\u015f kaynaklara ihtiya\u00e7 duyduklar\u0131n\u0131 her f\u0131rsatta dile getirmektedirler. Bu talebi k\u0131smen de olsa kar\u015f\u0131layabilmek ad\u0131na tam onlar\u0131n istedi\u011fi nitelikte T\u00fcrk\u00e7e, ak\u0131c\u0131 ve anla\u015f\u0131l\u0131r bir kitap haz\u0131rlad\u0131k. \u00c7ok k\u0131ymetli yazarlar\u0131n katk\u0131lar\u0131yla haz\u0131rlanan bu geni\u015f kapsaml\u0131 kitab\u0131n camiam\u0131za hay\u0131rl\u0131 olmas\u0131n\u0131 diliyorum. Bilim yolunda sarf edilen \u00e7abalar mutlaka kar\u015f\u0131l\u0131k bulacakt\u0131r. Bu s\u00fcre\u00e7te bizlere bu cesareti veren can\u0131m \u00f6\u011frencilerime, k\u0131ymetli tecr\u00fcbe ve bilgileriyle destek olan yazarlar\u0131m\u0131za ve sevgili aileme sab\u0131r ve anlay\u0131\u015flar\u0131 i\u00e7in te\u015fekk\u00fcrlerimi iletiyorum.<\/p>\n","protected":false},"excerpt":{"rendered":"<p>\u201cNeden odyolojiyi se\u00e7tiniz?\u201d Odyolojiye g\u00f6n\u00fcl veren meslekta\u015flar\u0131n, hatta \u00f6\u011frencilerin bu soruyla ya\u015famlar\u0131 boyunca en az bir kez kar\u015f\u0131la\u015ft\u0131klar\u0131ndan eminim. Asl\u0131nda nas\u0131l cevaplar verildi\u011fini tek tek duymay\u0131<span class=\"excerpt-hellip\"> [\u2026]<\/span><\/p>\n","protected":false},"featured_media":0,"template":"","meta":{"_monsterinsights_skip_tracking":false,"_monsterinsights_sitenote_active":false,"_monsterinsights_sitenote_note":"","_monsterinsights_sitenote_category":0},"product_brand":[],"product_cat":[12573,12566],"product_tag":[],"class_list":{"0":"post-780661","1":"product","2":"type-product","3":"status-publish","5":"product_cat-akademik-kitaplar","6":"product_cat-egitim","7":"pa_cilt-ciltsiz","8":"pa_tur-kitap","9":"pa_yayinevi-nobel-akademik-yayincilik","10":"pa_yazar-kolektif","12":"first","13":"instock","14":"sale","15":"shipping-taxable","16":"purchasable","17":"product-type-simple"},"_links":{"self":[{"href":"https:\/\/roveyayinevi.com.tr\/index.php\/wp-json\/wp\/v2\/product\/780661","targetHints":{"allow":["GET"]}}],"collection":[{"href":"https:\/\/roveyayinevi.com.tr\/index.php\/wp-json\/wp\/v2\/product"}],"about":[{"href":"https:\/\/roveyayinevi.com.tr\/index.php\/wp-json\/wp\/v2\/types\/product"}],"wp:attachment":[{"href":"https:\/\/roveyayinevi.com.tr\/index.php\/wp-json\/wp\/v2\/media?parent=780661"}],"wp:term":[{"taxonomy":"product_brand","embeddable":true,"href":"https:\/\/roveyayinevi.com.tr\/index.php\/wp-json\/wp\/v2\/product_brand?post=780661"},{"taxonomy":"product_cat","embeddable":true,"href":"https:\/\/roveyayinevi.com.tr\/index.php\/wp-json\/wp\/v2\/product_cat?post=780661"},{"taxonomy":"product_tag","embeddable":true,"href":"https:\/\/roveyayinevi.com.tr\/index.php\/wp-json\/wp\/v2\/product_tag?post=780661"}],"curies":[{"name":"wp","href":"https:\/\/api.w.org\/{rel}","templated":true}]}}