{"id":780660,"date":"2026-01-20T04:14:30","date_gmt":"2026-01-20T01:14:30","guid":{"rendered":"https:\/\/roveyayinevi.com.tr\/index.php\/urun\/turunc-cicegi-kadinlari\/"},"modified":"2026-04-15T03:43:36","modified_gmt":"2026-04-15T00:43:36","slug":"turunc-cicegi-kadinlari","status":"publish","type":"product","link":"https:\/\/roveyayinevi.com.tr\/index.php\/urun\/turunc-cicegi-kadinlari\/","title":{"rendered":"Turun\u00e7 \u00c7i\u00e7e\u011fi Kad\u0131nlar\u0131"},"content":{"rendered":"<p>Kitab\u0131m\u0131, tan\u0131d\u0131\u011f\u0131m en fedak\u00e2r, en g\u00fczel, en ak\u0131ll\u0131 kad\u0131n rahmetli anneci\u011fim \u015eerife KAR \u015eEN\u2019e ithaf ediyorum. Bu kitap, bir \u015fiir kitab\u0131ndan \u00e7ok daha fazlas\u0131: \u0130nsanl\u0131\u011f\u0131n kalbine yaz\u0131lm\u0131\u015f bir \u00e7a\u011fr\u0131d\u0131r. Her dizede bir anne, bir k\u0131z karde\u015f, bir sevgili, bir \u00f6\u011freten gizlidir. KADININ sesi k\u0131s\u0131ld\u0131\u011f\u0131nda uygarl\u0131k k\u00f6rle\u015fir. Kad\u0131n\u0131n yeri; g\u00f6\u011f\u00fcn yar\u0131s\u0131d\u0131r, y\u00fcre\u011fi \u00e7i\u00e7ek tarlas\u0131, sesi insanl\u0131\u011f\u0131n tamam\u0131d\u0131r. \u015eefkati anne kuca\u011f\u0131, a\u015f\u0131 \u015fifa buca\u011f\u0131d\u0131r. Kad\u0131n\u0131n g\u00f6zleri g\u00fclerse g\u00fcne\u015flere gebe umut yank\u0131s\u0131d\u0131r. Y\u00fcz\u00fc g\u00fczelliktir kad\u0131n\u0131n, estetik olan ne varsa ondad\u0131r. Narin bir ku\u011fuyken g\u00fc\u00e7l\u00fc b\u0131rak\u0131lmak zorunda kalanlar\u0131 vard\u0131r. Ger\u00e7ek adalet kad\u0131n\u0131n g\u00f6zya\u015f\u0131n\u0131 silmekle ba\u015flar. Kad\u0131n\u0131n \u00e7\u0131\u011fl\u0131klar\u0131 kesildi\u011finde insanl\u0131\u011f\u0131n sesi k\u0131s\u0131l\u0131r. Onuru zedelendi\u011finde d\u00fcnya denizlere k\u00fcser. Kad\u0131n\u0131 yok sayan bir toplum kendi vicdan\u0131n\u0131 yok eder&#8230;<\/p>\n","protected":false},"excerpt":{"rendered":"<p>Kitab\u0131m\u0131, tan\u0131d\u0131\u011f\u0131m en fedak\u00e2r, en g\u00fczel, en ak\u0131ll\u0131 kad\u0131n rahmetli anneci\u011fim \u015eerife KAR \u015eEN\u2019e ithaf ediyorum. Bu kitap, bir \u015fiir kitab\u0131ndan \u00e7ok daha fazlas\u0131: \u0130nsanl\u0131\u011f\u0131n kalbine<span class=\"excerpt-hellip\"> [\u2026]<\/span><\/p>\n","protected":false},"featured_media":0,"template":"","meta":{"_monsterinsights_skip_tracking":false,"_monsterinsights_sitenote_active":false,"_monsterinsights_sitenote_note":"","_monsterinsights_sitenote_category":0},"product_brand":[],"product_cat":[12291,12509],"product_tag":[],"class_list":{"0":"post-780660","1":"product","2":"type-product","3":"status-publish","5":"product_cat-edebiyat","6":"product_cat-siir","7":"pa_cilt-ciltsiz","8":"pa_tur-kitap","9":"pa_yayinevi-gulnar-yayinlari","10":"pa_yazar-ayse-nur-sen","12":"first","13":"instock","14":"sale","15":"shipping-taxable","16":"purchasable","17":"product-type-simple"},"_links":{"self":[{"href":"https:\/\/roveyayinevi.com.tr\/index.php\/wp-json\/wp\/v2\/product\/780660","targetHints":{"allow":["GET"]}}],"collection":[{"href":"https:\/\/roveyayinevi.com.tr\/index.php\/wp-json\/wp\/v2\/product"}],"about":[{"href":"https:\/\/roveyayinevi.com.tr\/index.php\/wp-json\/wp\/v2\/types\/product"}],"wp:attachment":[{"href":"https:\/\/roveyayinevi.com.tr\/index.php\/wp-json\/wp\/v2\/media?parent=780660"}],"wp:term":[{"taxonomy":"product_brand","embeddable":true,"href":"https:\/\/roveyayinevi.com.tr\/index.php\/wp-json\/wp\/v2\/product_brand?post=780660"},{"taxonomy":"product_cat","embeddable":true,"href":"https:\/\/roveyayinevi.com.tr\/index.php\/wp-json\/wp\/v2\/product_cat?post=780660"},{"taxonomy":"product_tag","embeddable":true,"href":"https:\/\/roveyayinevi.com.tr\/index.php\/wp-json\/wp\/v2\/product_tag?post=780660"}],"curies":[{"name":"wp","href":"https:\/\/api.w.org\/{rel}","templated":true}]}}