{"id":780659,"date":"2026-01-20T04:13:36","date_gmt":"2026-01-20T01:13:36","guid":{"rendered":"https:\/\/roveyayinevi.com.tr\/index.php\/urun\/kuzey-kibris-turk-edebiyatinin-duayeni-harid-fedai\/"},"modified":"2026-04-15T03:42:39","modified_gmt":"2026-04-15T00:42:39","slug":"kuzey-kibris-turk-edebiyatinin-duayeni-harid-fedai","status":"publish","type":"product","link":"https:\/\/roveyayinevi.com.tr\/index.php\/urun\/kuzey-kibris-turk-edebiyatinin-duayeni-harid-fedai\/","title":{"rendered":"Kuzey K\u0131br\u0131s T\u00fcrk Edebiyat\u0131n\u0131n Duayeni Harid Fedai"},"content":{"rendered":"<p>Harid Fedai (1930-2017) Kuzey K\u0131br\u0131s T\u00fcrk Cumhuriyeti\u2019nin yeti\u015ftirdi\u011fi, T\u00fcrk edebiyat\u0131 ve halk bilimi konusunda duayen bir ara\u015ft\u0131rmac\u0131, yazar ve bilim insan\u0131d\u0131r. \u00d6zellikle K\u0131br\u0131s T\u00fcrk k\u00fclt\u00fcr\u00fc \u00fczerine yapt\u0131\u011f\u0131 ara\u015ft\u0131rmalar\u0131 ile tan\u0131nmaktad\u0131r. \u0130yi de bir T\u00fcrk \u015fairidir. \u00c7al\u0131\u015fmalar\u0131 ve yay\u0131mlad\u0131\u011f\u0131 eserleriyle; \u00fclkesinde, T\u00fcrkiye\u2019de, T\u00fcrk d\u00fcnyas\u0131nda ve d\u00fcnyan\u0131n pek \u00e7ok \u00fclkelerinde \u00f6d\u00fcller ald\u0131. Sa\u011fl\u0131\u011f\u0131nda 41 kitab\u0131 yay\u0131mland\u0131. Kat\u0131ld\u0131\u011f\u0131 milli ve milletleraras\u0131 bilimsel toplant\u0131larda sundu\u011fu, bildiriler ile yazd\u0131\u011f\u0131 makalelerinin say\u0131s\u0131  300\u2019\u00fc a\u015fk\u0131nd\u0131r. Bunlar\u0131n bir k\u0131sm\u0131 Makaleler I (2005), Bildiriler I (2002), Bildiriler II (2003) adlar\u0131yla kitap b\u00fct\u00fcnl\u00fc\u011f\u00fcnde yay\u0131mland\u0131. Bu kitapta ise onun KKTC, T\u00fcrkiye, Da\u011f\u0131stan, K\u0131rg\u0131zistan, Azerbaycan, Makedonya, Almanya, Ukrayna, G\u00fcrcistan, S\u0131rbistan, Romanya \u00fclkelerinde ger\u00e7ekle\u015ftirilen uluslararas\u0131 bilimsel toplant\u0131lar\u0131nda sundu\u011fu 40 bilimsel bildirisi yer almaktad\u0131r. <\/p>\n","protected":false},"excerpt":{"rendered":"<p>Harid Fedai (1930-2017) Kuzey K\u0131br\u0131s T\u00fcrk Cumhuriyeti\u2019nin yeti\u015ftirdi\u011fi, T\u00fcrk edebiyat\u0131 ve halk bilimi konusunda duayen bir ara\u015ft\u0131rmac\u0131, yazar ve bilim insan\u0131d\u0131r. \u00d6zellikle K\u0131br\u0131s T\u00fcrk k\u00fclt\u00fcr\u00fc \u00fczerine<span class=\"excerpt-hellip\"> [\u2026]<\/span><\/p>\n","protected":false},"featured_media":0,"template":"","meta":{"_monsterinsights_skip_tracking":false,"_monsterinsights_sitenote_active":false,"_monsterinsights_sitenote_note":"","_monsterinsights_sitenote_category":0},"product_brand":[],"product_cat":[13633,12324],"product_tag":[],"class_list":{"0":"post-780659","1":"product","2":"type-product","3":"status-publish","5":"product_cat-kultur-ve-bilim","6":"product_cat-sosyoloji","7":"pa_cilt-ciltsiz","8":"pa_tur-kitap","9":"pa_yayinevi-kultur-ajans-yayinlari","10":"pa_yazar-iley-fedai-taskin","12":"first","13":"instock","14":"sale","15":"shipping-taxable","16":"purchasable","17":"product-type-simple"},"_links":{"self":[{"href":"https:\/\/roveyayinevi.com.tr\/index.php\/wp-json\/wp\/v2\/product\/780659","targetHints":{"allow":["GET"]}}],"collection":[{"href":"https:\/\/roveyayinevi.com.tr\/index.php\/wp-json\/wp\/v2\/product"}],"about":[{"href":"https:\/\/roveyayinevi.com.tr\/index.php\/wp-json\/wp\/v2\/types\/product"}],"wp:attachment":[{"href":"https:\/\/roveyayinevi.com.tr\/index.php\/wp-json\/wp\/v2\/media?parent=780659"}],"wp:term":[{"taxonomy":"product_brand","embeddable":true,"href":"https:\/\/roveyayinevi.com.tr\/index.php\/wp-json\/wp\/v2\/product_brand?post=780659"},{"taxonomy":"product_cat","embeddable":true,"href":"https:\/\/roveyayinevi.com.tr\/index.php\/wp-json\/wp\/v2\/product_cat?post=780659"},{"taxonomy":"product_tag","embeddable":true,"href":"https:\/\/roveyayinevi.com.tr\/index.php\/wp-json\/wp\/v2\/product_tag?post=780659"}],"curies":[{"name":"wp","href":"https:\/\/api.w.org\/{rel}","templated":true}]}}