{"id":780656,"date":"2026-01-20T04:12:53","date_gmt":"2026-01-20T01:12:53","guid":{"rendered":"https:\/\/roveyayinevi.com.tr\/index.php\/urun\/bir-yola-cik-hayvanlar\/"},"modified":"2026-04-15T03:41:45","modified_gmt":"2026-04-15T00:41:45","slug":"bir-yola-cik-hayvanlar","status":"publish","type":"product","link":"https:\/\/roveyayinevi.com.tr\/index.php\/urun\/bir-yola-cik-hayvanlar\/","title":{"rendered":"Bir Yola \u00c7\u0131k &#8211; Hayvanlar"},"content":{"rendered":"<p>Herkesin bamba\u015fka yolculuklar\u0131 var.  Bir mirketin arkada\u015flar\u0131na ula\u015fmak i\u00e7in kat etti\u011fi yol mesela&#8230;  Ya da bir su samurunun, karde\u015fiyle birlikte uyuyabilmek i\u00e7in nehirde yava\u015f\u00e7a s\u00fcz\u00fcl\u00fc\u015f\u00fc\u2026  Bir de bu yolculukta kar\u015f\u0131m\u0131za \u00e7\u0131kan k\u00fc\u00e7\u00fck detaylar, onlar\u0131 fark edebilmek ne g\u00fczel!  Yollar bazen keyifli bazen zorlu olsa da birlikte yapaca\u011f\u0131m\u0131z her \u015fey i\u00e7in denemeye de\u011fer&#8230; Yeter ki kayd\u0131r parma\u011f\u0131nla \u00e7\u0131kal\u0131m yola!<\/p>\n","protected":false},"excerpt":{"rendered":"<p>Herkesin bamba\u015fka yolculuklar\u0131 var. Bir mirketin arkada\u015flar\u0131na ula\u015fmak i\u00e7in kat etti\u011fi yol mesela&#8230; Ya da bir su samurunun, karde\u015fiyle birlikte uyuyabilmek i\u00e7in nehirde yava\u015f\u00e7a s\u00fcz\u00fcl\u00fc\u015f\u00fc\u2026 Bir<span class=\"excerpt-hellip\"> [\u2026]<\/span><\/p>\n","protected":false},"featured_media":0,"template":"","meta":{"_monsterinsights_skip_tracking":false,"_monsterinsights_sitenote_active":false,"_monsterinsights_sitenote_note":"","_monsterinsights_sitenote_category":0},"product_brand":[],"product_cat":[12274,12518],"product_tag":[],"class_list":{"0":"post-780656","1":"product","2":"type-product","3":"status-publish","5":"product_cat-cocuk-ve-genclik-kitaplari","6":"product_cat-okul-oncesi-kitaplar","7":"pa_cilt-ciltli","8":"pa_tur-kitap","9":"pa_yayinevi-sincap-kitap","10":"pa_yazar-kolektif","12":"first","13":"instock","14":"sale","15":"shipping-taxable","16":"purchasable","17":"product-type-simple"},"_links":{"self":[{"href":"https:\/\/roveyayinevi.com.tr\/index.php\/wp-json\/wp\/v2\/product\/780656","targetHints":{"allow":["GET"]}}],"collection":[{"href":"https:\/\/roveyayinevi.com.tr\/index.php\/wp-json\/wp\/v2\/product"}],"about":[{"href":"https:\/\/roveyayinevi.com.tr\/index.php\/wp-json\/wp\/v2\/types\/product"}],"wp:attachment":[{"href":"https:\/\/roveyayinevi.com.tr\/index.php\/wp-json\/wp\/v2\/media?parent=780656"}],"wp:term":[{"taxonomy":"product_brand","embeddable":true,"href":"https:\/\/roveyayinevi.com.tr\/index.php\/wp-json\/wp\/v2\/product_brand?post=780656"},{"taxonomy":"product_cat","embeddable":true,"href":"https:\/\/roveyayinevi.com.tr\/index.php\/wp-json\/wp\/v2\/product_cat?post=780656"},{"taxonomy":"product_tag","embeddable":true,"href":"https:\/\/roveyayinevi.com.tr\/index.php\/wp-json\/wp\/v2\/product_tag?post=780656"}],"curies":[{"name":"wp","href":"https:\/\/api.w.org\/{rel}","templated":true}]}}