{"id":780655,"date":"2026-01-20T04:12:20","date_gmt":"2026-01-20T01:12:20","guid":{"rendered":"https:\/\/roveyayinevi.com.tr\/index.php\/urun\/kimyasal-reaktor-muhendisliginin-temelleri-cok-olcekli-yaklasim-fundamentals-of-chemical-reactor-engineering\/"},"modified":"2026-04-07T03:34:29","modified_gmt":"2026-04-07T00:34:29","slug":"kimyasal-reaktor-muhendisliginin-temelleri-cok-olcekli-yaklasim-fundamentals-of-chemical-reactor-engineering","status":"publish","type":"product","link":"https:\/\/roveyayinevi.com.tr\/index.php\/urun\/kimyasal-reaktor-muhendisliginin-temelleri-cok-olcekli-yaklasim-fundamentals-of-chemical-reactor-engineering\/","title":{"rendered":"Kimyasal Reakt\u00f6r M\u00fchendisli\u011finin Temelleri &#8211; \u00c7ok \u00d6l\u00e7ekli Yakla\u015f\u0131m \/ Fundamentals of Chemical Reactor Engineering"},"content":{"rendered":"<p>Herhangi bir kimyasal reaksiyon kab\u0131n\u0131n tasar\u0131m ve analizi, reakt\u00f6r i\u00e7inde farkl\u0131 \u00f6l\u00e7eklerde ger\u00e7ekle\u015fmekte olan s\u00fcre\u00e7lerin temel prensipleriyle ilgili bilgilerin sentezinin yap\u0131labilmesini gerektirir. Bu kitapta, kimyasal reakt\u00f6r m\u00fchendisli\u011finin bu \u00e7ok \u00f6l\u00e7ekli niteli\u011fine ve her \u00f6l\u00e7ekteki s\u00fcre\u00e7lerin temel prensiplerine a\u011f\u0131rl\u0131k verilmi\u015ftir. Kimyasal reakt\u00f6r m\u00fchendisli\u011finin temel kavramlar\u0131 derinlemesine ele al\u0131nm\u0131\u015f olup reaksiyonlar\u0131n kineti\u011fi ve termodinami\u011fi, kimyasal reakt\u00f6rlerin hidrodinami\u011fi, reakt\u00f6rlerdeki ta\u015f\u0131n\u0131m s\u00fcre\u00e7leri, \u0131s\u0131 ve k\u00fctle transfer diren\u00e7lerinin reakt\u00f6r performans\u0131na etkileri ve heterojen katalitik s\u00fcre\u00e7ler ayr\u0131nt\u0131l\u0131 olarak tart\u0131\u015f\u0131lm\u0131\u015ft\u0131r. Bu kitap, kimya m\u00fchendisli\u011fi programlar\u0131nda yer alan lisans ve lisans\u00fcst\u00fc seviyedeki kimyasal reaksiyon m\u00fchendisli\u011fi ve reakt\u00f6r tasar\u0131m\u0131 derslerinde ders kitab\u0131 olarak kullan\u0131lmaya y\u00f6nelik olarak tasarlanm\u0131\u015ft\u0131r. Reaktif molek\u00fcllerin molek\u00fcler \u00f6l\u00e7ekte etkile\u015fmeleri sonucunda olu\u015fan kimyasal d\u00f6n\u00fc\u015f\u00fcmlerden ba\u015flayarak makroskopik \u00f6l\u00e7ekte kimyasal reakt\u00f6rlerin tasar\u0131m ve analizinin ne \u015fekilde ger\u00e7ekle\u015ftirilebilece\u011fi, ger\u00e7ek hayattan \u00f6rnekler verilerek a\u00e7\u0131klanm\u0131\u015ft\u0131r. Bu kitapta; s\u00fcre\u00e7 yo\u011funla\u015ft\u0131rma, \u00e7ok fonksiyonlu reakt\u00f6rlerin modellenmesi, \u00e7ok fazl\u0131 reakt\u00f6rler gibi yakla\u015f\u0131mlara ve kimyasal reakt\u00f6rlerde hidrodinamik ve ta\u015f\u0131n\u0131m olaylar\u0131n\u0131n \u00f6nemine g\u00fc\u00e7l\u00fc bir \u015fekilde odaklan\u0131lmaktad\u0131r. Bu kitap; her b\u00f6l\u00fcm\u00fcn\u00fcn sonunda verilen problemler, \u00e7ok say\u0131da ucu a\u00e7\u0131k vaka \u00e7al\u0131\u015fmalar\u0131 ve ger\u00e7ek hayattan \u00f6rneklerle okuyucunun ele\u015ftirel d\u00fc\u015f\u00fcncesini destekleyecek \u015fekilde kurgulanm\u0131\u015f olup kimyasal reakt\u00f6r m\u00fchendisli\u011fi, kimya m\u00fchendisli\u011fi kineti\u011fi, heterojen kataliz\u00f6rler ve reakt\u00f6r tasar\u0131m\u0131 konular\u0131nda \u00e7al\u0131\u015fan lisans ve lisans\u00fcst\u00fc seviyedeki kimya m\u00fchendisli\u011fi \u00f6\u011frencileri i\u00e7in ideal bir ders kitab\u0131 olarak tasarlanm\u0131\u015ft\u0131r. Ayr\u0131ca g\u0131da, \u00e7evre ve malzeme m\u00fchendisli\u011fi \u00f6\u011frencileri ile kimya m\u00fchendisli\u011fi profesyonelleri i\u00e7in de \u00f6nemli bir kaynakt\u0131r.<\/p>\n","protected":false},"excerpt":{"rendered":"<p>Herhangi bir kimyasal reaksiyon kab\u0131n\u0131n tasar\u0131m ve analizi, reakt\u00f6r i\u00e7inde farkl\u0131 \u00f6l\u00e7eklerde ger\u00e7ekle\u015fmekte olan s\u00fcre\u00e7lerin temel prensipleriyle ilgili bilgilerin sentezinin yap\u0131labilmesini gerektirir. Bu kitapta, kimyasal reakt\u00f6r<span class=\"excerpt-hellip\"> [\u2026]<\/span><\/p>\n","protected":false},"featured_media":0,"template":"","meta":{"_monsterinsights_skip_tracking":false,"_monsterinsights_sitenote_active":false,"_monsterinsights_sitenote_note":"","_monsterinsights_sitenote_category":0},"product_brand":[],"product_cat":[13005],"product_tag":[],"class_list":{"0":"post-780655","1":"product","2":"type-product","3":"status-publish","5":"product_cat-bilim-muhendislik","6":"pa_cilt-ciltsiz","7":"pa_tur-kitap","8":"pa_yayinevi-nobel-akademik-yayincilik","9":"pa_yazar-timur-dogu-gulsen-dogu","11":"first","12":"instock","13":"sale","14":"shipping-taxable","15":"purchasable","16":"product-type-simple"},"_links":{"self":[{"href":"https:\/\/roveyayinevi.com.tr\/index.php\/wp-json\/wp\/v2\/product\/780655","targetHints":{"allow":["GET"]}}],"collection":[{"href":"https:\/\/roveyayinevi.com.tr\/index.php\/wp-json\/wp\/v2\/product"}],"about":[{"href":"https:\/\/roveyayinevi.com.tr\/index.php\/wp-json\/wp\/v2\/types\/product"}],"wp:attachment":[{"href":"https:\/\/roveyayinevi.com.tr\/index.php\/wp-json\/wp\/v2\/media?parent=780655"}],"wp:term":[{"taxonomy":"product_brand","embeddable":true,"href":"https:\/\/roveyayinevi.com.tr\/index.php\/wp-json\/wp\/v2\/product_brand?post=780655"},{"taxonomy":"product_cat","embeddable":true,"href":"https:\/\/roveyayinevi.com.tr\/index.php\/wp-json\/wp\/v2\/product_cat?post=780655"},{"taxonomy":"product_tag","embeddable":true,"href":"https:\/\/roveyayinevi.com.tr\/index.php\/wp-json\/wp\/v2\/product_tag?post=780655"}],"curies":[{"name":"wp","href":"https:\/\/api.w.org\/{rel}","templated":true}]}}