{"id":780648,"date":"2026-01-20T04:10:41","date_gmt":"2026-01-20T01:10:41","guid":{"rendered":"https:\/\/roveyayinevi.com.tr\/index.php\/urun\/abd-neden-batiyor-dolarin-akibeti\/"},"modified":"2026-04-15T03:38:52","modified_gmt":"2026-04-15T00:38:52","slug":"abd-neden-batiyor-dolarin-akibeti","status":"publish","type":"product","link":"https:\/\/roveyayinevi.com.tr\/index.php\/urun\/abd-neden-batiyor-dolarin-akibeti\/","title":{"rendered":"ABD Neden Bat\u0131yor? &#8211; Dolar\u0131n Ak\u0131beti"},"content":{"rendered":"<p>-Para nedir? Nas\u0131l ortaya \u00e7\u0131km\u0131\u015ft\u0131r? Nas\u0131l \u00e7al\u0131\u015f\u0131r? -Paran\u0131n son ve bug\u00fcnk\u00fc \u015fekline ula\u015fma s\u00fcreci -ABD ekonomisinin zay\u0131flayan y\u00f6nleri -ABD, \u00c7in ve d\u00fcnya verilerinin kar\u015f\u0131la\u015ft\u0131r\u0131lmas\u0131 -ABD neden krizden \u00e7\u0131kam\u0131yor? -Donald Trump ABD\u2019yi kurtarabilir mi?   \u201cHakan Topkurulu d\u00fcnya ger\u00e7eklerini ABD ve Bat\u0131 ad\u0131na cilalayan psikolojik sava\u015f uydurmalar\u0131n\u0131n kar\u015f\u0131s\u0131na Tarihsel Materyalizmin Ekonomi Politi\u011finin bilgi birikimiyle \u00e7\u0131k\u0131yor. Bu \u00e7\u0131k\u0131\u015f, insanl\u0131\u011f\u0131n emperyalizme meydan okumas\u0131d\u0131r. Arkada\u015f\u0131m Topkurulu, ABD emperyalizminin art\u0131k titreyen ayaklar\u0131na, kire\u00e7lenen damarlar\u0131na ve sulanm\u0131\u015f beynine derman olacak bir muska yazm\u0131yor. Bilimin gelece\u011fini \u00f6ng\u00f6ren birikimiyle bizleri ayd\u0131nlat\u0131yor. \u0130nsanl\u0131k tarihine bakt\u0131\u011f\u0131m\u0131z zaman, b\u00fcy\u00fck hakikatlerin m\u00fccadele mevzilerinde ke\u015ffedildi\u011fini g\u00f6r\u00fcr\u00fcz. Hakan Topkurulu\u2019yu sahte bilim \u015farlatanlar\u0131ndan ay\u0131ran, onun emek\u00e7ilerin m\u00fccadele mevziisinde olmas\u0131d\u0131r. O, devletlerin ba\u011f\u0131ms\u0131zl\u0131k, milletlerin kurtulu\u015f ve halklar\u0131n devrim cephesindedir ve \u00f6nc\u00fc partinin kurmay birikimi i\u00e7indedir. Teorinin anas\u0131 ku\u015fkusuz toplumlar\u0131n prati\u011findedir. Tarih yazacak olan bu pratiklerde T\u00fcrkiye hi\u00e7 ku\u015fkusuz insanl\u0131\u011f\u0131n \u00f6n cephesindedir. \u0130\u015fte bu nedenle Topkurulu\u2019nun elinizdeki kitab\u0131 bir \u00f6n cephe notlar\u0131d\u0131r.\u201d (Do\u011fu Perin\u00e7ek) <\/p>\n","protected":false},"excerpt":{"rendered":"<p>-Para nedir? Nas\u0131l ortaya \u00e7\u0131km\u0131\u015ft\u0131r? Nas\u0131l \u00e7al\u0131\u015f\u0131r? -Paran\u0131n son ve bug\u00fcnk\u00fc \u015fekline ula\u015fma s\u00fcreci -ABD ekonomisinin zay\u0131flayan y\u00f6nleri -ABD, \u00c7in ve d\u00fcnya verilerinin kar\u015f\u0131la\u015ft\u0131r\u0131lmas\u0131 -ABD neden<span class=\"excerpt-hellip\"> [\u2026]<\/span><\/p>\n","protected":false},"featured_media":0,"template":"","meta":{"_monsterinsights_skip_tracking":false,"_monsterinsights_sitenote_active":false,"_monsterinsights_sitenote_note":"","_monsterinsights_sitenote_category":0},"product_brand":[],"product_cat":[13590,12337],"product_tag":[],"class_list":{"0":"post-780648","1":"product","2":"type-product","3":"status-publish","5":"product_cat-arastirma-inceleme-politika-siyaset","6":"product_cat-politika-siyaset","7":"pa_cilt-ciltsiz","8":"pa_tur-kitap","9":"pa_yayinevi-kaynak-yayinlari","10":"pa_yazar-hakan-topkurulu","12":"first","13":"instock","14":"sale","15":"shipping-taxable","16":"purchasable","17":"product-type-simple"},"_links":{"self":[{"href":"https:\/\/roveyayinevi.com.tr\/index.php\/wp-json\/wp\/v2\/product\/780648","targetHints":{"allow":["GET"]}}],"collection":[{"href":"https:\/\/roveyayinevi.com.tr\/index.php\/wp-json\/wp\/v2\/product"}],"about":[{"href":"https:\/\/roveyayinevi.com.tr\/index.php\/wp-json\/wp\/v2\/types\/product"}],"wp:attachment":[{"href":"https:\/\/roveyayinevi.com.tr\/index.php\/wp-json\/wp\/v2\/media?parent=780648"}],"wp:term":[{"taxonomy":"product_brand","embeddable":true,"href":"https:\/\/roveyayinevi.com.tr\/index.php\/wp-json\/wp\/v2\/product_brand?post=780648"},{"taxonomy":"product_cat","embeddable":true,"href":"https:\/\/roveyayinevi.com.tr\/index.php\/wp-json\/wp\/v2\/product_cat?post=780648"},{"taxonomy":"product_tag","embeddable":true,"href":"https:\/\/roveyayinevi.com.tr\/index.php\/wp-json\/wp\/v2\/product_tag?post=780648"}],"curies":[{"name":"wp","href":"https:\/\/api.w.org\/{rel}","templated":true}]}}