{"id":780647,"date":"2026-01-20T04:10:32","date_gmt":"2026-01-20T01:10:32","guid":{"rendered":"https:\/\/roveyayinevi.com.tr\/index.php\/urun\/cankiri-20-yuzyilin-ilk-yarisinda-1900-1950\/"},"modified":"2026-04-15T03:38:47","modified_gmt":"2026-04-15T00:38:47","slug":"cankiri-20-yuzyilin-ilk-yarisinda-1900-1950","status":"publish","type":"product","link":"https:\/\/roveyayinevi.com.tr\/index.php\/urun\/cankiri-20-yuzyilin-ilk-yarisinda-1900-1950\/","title":{"rendered":"\u00c7ank\u0131r\u0131 &#8211; 20.Y\u00fczy\u0131l\u0131n \u0130lk Yar\u0131s\u0131nda (1900-1950)"},"content":{"rendered":"<p>\u0130talo Calvini\u2019nin G\u00f6r\u00fcnmez Kentler adl\u0131 eserinde Kubilay Han, Marco Polo\u2019ya \u201cHep ba\u015f\u0131n arkaya d\u00f6n\u00fck m\u00fc ilerlersin sen?\u201d diye sormu\u015ftu. Geriye bakarak ilerlemek paradoks gibi g\u00f6r\u00fcnse de gelece\u011fi ge\u00e7mi\u015fin veya halin sundu\u011fu tecr\u00fcbeyle tahayy\u00fcl etme rahatl\u0131\u011f\u0131na sahibiz, fakat t\u0131pk\u0131 an\u0131 ya\u015farken g\u00f6remediklerimiz gibi \u015fu an ge\u00e7mi\u015f olan da gelecek tahayy\u00fcl\u00fc tam olarak bilinmesi m\u00fcmk\u00fcn olmayan bir maluliyet alan\u0131d\u0131r. Yine de bilme arzusu bizi ge\u00e7mi\u015f, an ve gelecek aras\u0131nda s\u00fcrekli bir diyalog \u00e7abas\u0131na iter. Bireylerin \u015fehre dair gelecek hayali, resmi kurumlar\u0131n mevcut hali dikkate alarak \u015fehre bir gelecek planlamalar\u0131na benzer. Planlanm\u0131\u015f gelecek \u00e7o\u011fu zaman planlanan\u0131n uza\u011f\u0131nda kal\u0131r. Elbette bu uzakl\u0131\u011f\u0131n nedenini bir\u00e7ok etkenle a\u00e7\u0131klamak m\u00fcmk\u00fcnd\u00fcr. \u015eehrin b\u00fct\u00fcn imk\u00e2n ve varolu\u015f alan\u0131n\u0131 dikkate alarak yap\u0131lacak bir stratejik planlama, bilginin ak\u0131lla ve bir par\u00e7a da hayalle yo\u011frulmu\u015f haliyle dinamizm kazanarak hedere b\u00fcy\u00fck \u00f6l\u00e7\u00fcde ula\u015ft\u0131racak yolu a\u00e7abilir. Kurumsal g\u00fcce sahip olanlar\u0131n hederinde \u015fehre dair b\u00fct\u00fcn unsurlar\u0131 dikkate alan b\u00fct\u00fcnl\u00fck\u00e7\u00fc bir yakla\u015f\u0131m olmad\u0131\u011f\u0131 s\u00fcrece gelecek planlar\u0131 ge\u00e7mi\u015fin olumluluklar\u0131 \u00fczerinden in\u015fa edilen hat\u0131ralarda ya\u015faman\u0131n \u00f6tesine ge\u00e7emeyecektir veya g\u00fcn\u00fcn politik kurtar\u0131c\u0131s\u0131 olacakt\u0131r. Tarih burada bize bireysel olarak elde edilmesi m\u00fcmk\u00fcn olmayan bir tecr\u00fcbeyi sahiplenmemizi sa\u011flar. Tarih bilgisi g\u00fcndelik hayat ve gelece\u011fe dair d\u00fc\u015f\u00fcnsel g\u00fcvenlilik sundu\u011fu s\u00fcrece bilgi olarak anlam kazan\u0131r. \u015eehirlerin gelece\u011fi \u015fehirlerin ge\u00e7mi\u015fini savunan tarihiyle b\u00fcy\u00fck \u00f6l\u00e7\u00fcde do\u011fru orant\u0131l\u0131d\u0131r. <\/p>\n","protected":false},"excerpt":{"rendered":"<p>\u0130talo Calvini\u2019nin G\u00f6r\u00fcnmez Kentler adl\u0131 eserinde Kubilay Han, Marco Polo\u2019ya \u201cHep ba\u015f\u0131n arkaya d\u00f6n\u00fck m\u00fc ilerlersin sen?\u201d diye sormu\u015ftu. Geriye bakarak ilerlemek paradoks gibi g\u00f6r\u00fcnse de<span class=\"excerpt-hellip\"> [\u2026]<\/span><\/p>\n","protected":false},"featured_media":0,"template":"","meta":{"_monsterinsights_skip_tracking":false,"_monsterinsights_sitenote_active":false,"_monsterinsights_sitenote_note":"","_monsterinsights_sitenote_category":0},"product_brand":[],"product_cat":[12304,13650],"product_tag":[],"class_list":{"0":"post-780647","1":"product","2":"type-product","3":"status-publish","5":"product_cat-tarih","6":"product_cat-turk-tarihi-arastirmalari","7":"pa_cilt-ciltsiz","8":"pa_tur-kitap","9":"pa_yayinevi-altinordu-yayinlari","10":"pa_yazar-agah-dolay","12":"first","13":"instock","14":"sale","15":"shipping-taxable","16":"purchasable","17":"product-type-simple"},"_links":{"self":[{"href":"https:\/\/roveyayinevi.com.tr\/index.php\/wp-json\/wp\/v2\/product\/780647","targetHints":{"allow":["GET"]}}],"collection":[{"href":"https:\/\/roveyayinevi.com.tr\/index.php\/wp-json\/wp\/v2\/product"}],"about":[{"href":"https:\/\/roveyayinevi.com.tr\/index.php\/wp-json\/wp\/v2\/types\/product"}],"wp:attachment":[{"href":"https:\/\/roveyayinevi.com.tr\/index.php\/wp-json\/wp\/v2\/media?parent=780647"}],"wp:term":[{"taxonomy":"product_brand","embeddable":true,"href":"https:\/\/roveyayinevi.com.tr\/index.php\/wp-json\/wp\/v2\/product_brand?post=780647"},{"taxonomy":"product_cat","embeddable":true,"href":"https:\/\/roveyayinevi.com.tr\/index.php\/wp-json\/wp\/v2\/product_cat?post=780647"},{"taxonomy":"product_tag","embeddable":true,"href":"https:\/\/roveyayinevi.com.tr\/index.php\/wp-json\/wp\/v2\/product_tag?post=780647"}],"curies":[{"name":"wp","href":"https:\/\/api.w.org\/{rel}","templated":true}]}}