{"id":780646,"date":"2026-01-20T04:02:52","date_gmt":"2026-01-20T01:02:52","guid":{"rendered":"https:\/\/roveyayinevi.com.tr\/index.php\/urun\/gizli-parola-festivali\/"},"modified":"2026-03-25T14:39:53","modified_gmt":"2026-03-25T11:39:53","slug":"gizli-parola-festivali","status":"publish","type":"product","link":"https:\/\/roveyayinevi.com.tr\/index.php\/urun\/gizli-parola-festivali\/","title":{"rendered":"Gizli Parola Festivali"},"content":{"rendered":"<p>Gizemli zarflar&#8230; \u0130\u00e7inde parolalar&#8230; Tuhaf bir apartman, \u0130lgin\u00e7 bir arkada\u015f ekibi! Eyl\u00fcl, Ca- hit, Ba\u015fak ve Malik. \u0130\u015fte bu tam bir festival! G\u0130ZL\u0130 PAROLA FEST\u0130VAL\u0130! Gruplar \u015fifreleri \u00e7\u00f6z\u00fcp parolalar\u0131 bulabilecek mi? Gizli Parola Festivali\u2019ne kat\u0131labilecekler mi? Gizemli \u015fifreleri \u00e7\u00f6zmek i\u00e7in siz de onlara kat\u0131l\u0131n!<\/p>\n","protected":false},"excerpt":{"rendered":"<p>Gizemli zarflar&#8230; \u0130\u00e7inde parolalar&#8230; Tuhaf bir apartman, \u0130lgin\u00e7 bir arkada\u015f ekibi! Eyl\u00fcl, Ca- hit, Ba\u015fak ve Malik. \u0130\u015fte bu tam bir festival! G\u0130ZL\u0130 PAROLA FEST\u0130VAL\u0130! Gruplar<span class=\"excerpt-hellip\"> [\u2026]<\/span><\/p>\n","protected":false},"featured_media":0,"template":"","meta":{"_monsterinsights_skip_tracking":false,"_monsterinsights_sitenote_active":false,"_monsterinsights_sitenote_note":"","_monsterinsights_sitenote_category":0},"product_brand":[],"product_cat":[12274,12284],"product_tag":[],"class_list":{"0":"post-780646","1":"product","2":"type-product","3":"status-publish","5":"product_cat-cocuk-ve-genclik-kitaplari","6":"product_cat-hikayeler","7":"pa_cilt-ciltsiz","8":"pa_tur-kitap","9":"pa_yayinevi-smirna-yayinlari","10":"pa_yazar-arda-demir","12":"first","13":"instock","14":"sale","15":"shipping-taxable","16":"purchasable","17":"product-type-simple"},"_links":{"self":[{"href":"https:\/\/roveyayinevi.com.tr\/index.php\/wp-json\/wp\/v2\/product\/780646","targetHints":{"allow":["GET"]}}],"collection":[{"href":"https:\/\/roveyayinevi.com.tr\/index.php\/wp-json\/wp\/v2\/product"}],"about":[{"href":"https:\/\/roveyayinevi.com.tr\/index.php\/wp-json\/wp\/v2\/types\/product"}],"wp:attachment":[{"href":"https:\/\/roveyayinevi.com.tr\/index.php\/wp-json\/wp\/v2\/media?parent=780646"}],"wp:term":[{"taxonomy":"product_brand","embeddable":true,"href":"https:\/\/roveyayinevi.com.tr\/index.php\/wp-json\/wp\/v2\/product_brand?post=780646"},{"taxonomy":"product_cat","embeddable":true,"href":"https:\/\/roveyayinevi.com.tr\/index.php\/wp-json\/wp\/v2\/product_cat?post=780646"},{"taxonomy":"product_tag","embeddable":true,"href":"https:\/\/roveyayinevi.com.tr\/index.php\/wp-json\/wp\/v2\/product_tag?post=780646"}],"curies":[{"name":"wp","href":"https:\/\/api.w.org\/{rel}","templated":true}]}}