{"id":780644,"date":"2026-01-20T04:00:51","date_gmt":"2026-01-20T01:00:51","guid":{"rendered":"https:\/\/roveyayinevi.com.tr\/index.php\/urun\/kisa-sureli-cozum-odakli-psikolojik-danisma-vaka-ornekleriyle\/"},"modified":"2026-04-15T03:30:23","modified_gmt":"2026-04-15T00:30:23","slug":"kisa-sureli-cozum-odakli-psikolojik-danisma-vaka-ornekleriyle","status":"publish","type":"product","link":"https:\/\/roveyayinevi.com.tr\/index.php\/urun\/kisa-sureli-cozum-odakli-psikolojik-danisma-vaka-ornekleriyle\/","title":{"rendered":"K\u0131sa S\u00fcreli \u00c7\u00f6z\u00fcm Odakl\u0131 Psikolojik Dan\u0131\u015fma &#8211; Vaka \u00d6rnekleriyle"},"content":{"rendered":"<p>\u0130nsan olmak demek ya da ya\u015f\u0131yor olmak demek hayat\u0131n i\u00e7inde ka\u00e7\u0131n\u0131lmaz olan problemlere \u00e7\u00f6z\u00fcm \u00fcretmek demektir. \u0130nsan, d\u00fcnyaya geldi\u011fi andan itibaren ya\u015famda bir\u00e7ok zorlukla kar\u015f\u0131la\u015f\u0131r. Kar\u015f\u0131la\u015f\u0131lan zorluklarda iki t\u00fcrl\u00fc d\u00fc\u015f\u00fcnme se\u00e7ene\u011fimiz vard\u0131r: ya problemin ne oldu\u011funa, neden oldu\u011funa, yani detaylar\u0131na, odaklan\u0131r\u0131z ya da problemin nas\u0131l ortadan kald\u0131r\u0131labilece\u011fine, problemle nas\u0131l ba\u015f edilebilece\u011fine odaklan\u0131r\u0131z. Hangisine odaklanaca\u011f\u0131m\u0131z ise d\u00fc\u015f\u00fcnme al\u0131\u015fkanl\u0131klar\u0131m\u0131zla ilgilidir. \u0130lk ifade edilen tarzda d\u00fc\u015f\u00fcnmek, insana problemin ayr\u0131nt\u0131lar\u0131n\u0131 fark ettirir ki bu, ki\u015fiyi problemin i\u00e7ine daha \u00e7ok \u00e7eker. \u0130kinci \u015fekilde d\u00fc\u015f\u00fcnmek ise insana problemin \u00e7\u00f6z\u00fcmlerini fark ettirir ki bu da de\u011fi\u015fim i\u00e7in onu harekete ge\u00e7irir. Frederick Langbridge&#8217;\u0131n \u201cD\u00fcnya, insanlar\u0131n bak\u0131\u015f\u0131na g\u00f6redir: Ayn\u0131 pencereden bakan iki insandan biri, \u00e7amuru g\u00f6r\u00fcr; \u00f6teki, y\u0131ld\u0131zlar\u0131\u201d s\u00f6z\u00fcnde oldu\u011fu gibi. K\u0131sa s\u00fcreli \u00e7\u00f6z\u00fcm odakl\u0131 yakla\u015f\u0131m da bu \u015fekilde dan\u0131\u015fana problemin detaylar\u0131n\u0131 d\u00fc\u015f\u00fcnd\u00fcrmek yerine \u00e7\u00f6z\u00fcmlerin neyle ilgili olabilece\u011fini fark ettirmeye odaklanm\u0131\u015f bir yakla\u015f\u0131md\u0131r. Bu kitapta; \u00e7\u00f6z\u00fcm odakl\u0131 psikolojik dan\u0131\u015fma yakla\u015f\u0131m\u0131n\u0131n temel felsefesi, ilkeleri, \u00e7al\u0131\u015fma usulleri, kullan\u0131lan teknikler ve farkl\u0131 kullan\u0131m sahalar\u0131n\u0131n neler oldu\u011fu ile ilgili bilgiler aktar\u0131lm\u0131\u015ft\u0131r. Ayr\u0131ca yakla\u015f\u0131ma dair her bir \u00f6nerme vaka \u00f6rnekleriyle somutla\u015ft\u0131r\u0131lmaya \u00e7al\u0131\u015f\u0131lm\u0131\u015ft\u0131r. Kitab\u0131n bir yandan saha \u00e7al\u0131\u015fanlar\u0131na, di\u011fer yandan akademik \u00e7al\u0131\u015fmalara katk\u0131 sa\u011flamas\u0131 ama\u00e7lanm\u0131\u015ft\u0131r.<\/p>\n","protected":false},"excerpt":{"rendered":"<p>\u0130nsan olmak demek ya da ya\u015f\u0131yor olmak demek hayat\u0131n i\u00e7inde ka\u00e7\u0131n\u0131lmaz olan problemlere \u00e7\u00f6z\u00fcm \u00fcretmek demektir. \u0130nsan, d\u00fcnyaya geldi\u011fi andan itibaren ya\u015famda bir\u00e7ok zorlukla kar\u015f\u0131la\u015f\u0131r. Kar\u015f\u0131la\u015f\u0131lan<span class=\"excerpt-hellip\"> [\u2026]<\/span><\/p>\n","protected":false},"featured_media":0,"template":"","meta":{"_monsterinsights_skip_tracking":false,"_monsterinsights_sitenote_active":false,"_monsterinsights_sitenote_note":"","_monsterinsights_sitenote_category":0},"product_brand":[],"product_cat":[12573,12566],"product_tag":[],"class_list":{"0":"post-780644","1":"product","2":"type-product","3":"status-publish","5":"product_cat-akademik-kitaplar","6":"product_cat-egitim","7":"pa_cilt-ciltsiz","8":"pa_tur-kitap","9":"pa_yayinevi-nobel-akademik-yayincilik","10":"pa_yazar-durmus-ummet","12":"first","13":"instock","14":"sale","15":"shipping-taxable","16":"purchasable","17":"product-type-simple"},"_links":{"self":[{"href":"https:\/\/roveyayinevi.com.tr\/index.php\/wp-json\/wp\/v2\/product\/780644","targetHints":{"allow":["GET"]}}],"collection":[{"href":"https:\/\/roveyayinevi.com.tr\/index.php\/wp-json\/wp\/v2\/product"}],"about":[{"href":"https:\/\/roveyayinevi.com.tr\/index.php\/wp-json\/wp\/v2\/types\/product"}],"wp:attachment":[{"href":"https:\/\/roveyayinevi.com.tr\/index.php\/wp-json\/wp\/v2\/media?parent=780644"}],"wp:term":[{"taxonomy":"product_brand","embeddable":true,"href":"https:\/\/roveyayinevi.com.tr\/index.php\/wp-json\/wp\/v2\/product_brand?post=780644"},{"taxonomy":"product_cat","embeddable":true,"href":"https:\/\/roveyayinevi.com.tr\/index.php\/wp-json\/wp\/v2\/product_cat?post=780644"},{"taxonomy":"product_tag","embeddable":true,"href":"https:\/\/roveyayinevi.com.tr\/index.php\/wp-json\/wp\/v2\/product_tag?post=780644"}],"curies":[{"name":"wp","href":"https:\/\/api.w.org\/{rel}","templated":true}]}}