{"id":780643,"date":"2026-01-20T04:00:09","date_gmt":"2026-01-20T01:00:09","guid":{"rendered":"https:\/\/roveyayinevi.com.tr\/index.php\/urun\/genel-isletme-3\/"},"modified":"2026-04-15T03:30:19","modified_gmt":"2026-04-15T00:30:19","slug":"genel-isletme-3","status":"publish","type":"product","link":"https:\/\/roveyayinevi.com.tr\/index.php\/urun\/genel-isletme-3\/","title":{"rendered":"Genel \u0130\u015fletme"},"content":{"rendered":"<p>18. y\u00fczy\u0131lda sanayi devrimiyle ba\u015flay\u0131p h\u0131zla geli\u015fen bilim dallar\u0131ndan birisi de \u0130\u015fletmeciliktir. N\u00fcfus artt\u0131k\u00e7a ihtiya\u00e7lar \u00e7o\u011fald\u0131 ve buna ba\u011fl\u0131 olarak artan talebi kar\u015f\u0131layabilmek i\u00e7in giri\u015fimciler \u00e7e\u015fitli \u00e7areler arad\u0131lar. Piyasadaki a\u00e7\u0131klar\u0131 tespit eden ve risk \u00fcstlenen giri\u015fimciler \u00fcretim fakt\u00f6rlerini bir araya getirerek i\u015fletmeler kurdular. Her g\u00fcn sabah kalkt\u0131\u011f\u0131m\u0131zda ihtiya\u00e7lar\u0131m\u0131z\u0131 gidermeye \u00e7al\u0131\u015f\u0131rken bir i\u015fletmenin \u00fcretip bize sundu\u011fu \u00fcr\u00fcn ve hizmetlerden yararlan\u0131r\u0131z. Ellerinizi y\u0131kamak i\u00e7in muslu\u011fu a\u00e7arken, \u00fczerinde yatt\u0131\u011f\u0131n\u0131z yatak, yorgan\u0131n\u0131z, kahvalt\u0131 yapt\u0131\u011f\u0131n\u0131z masa, yedi\u011finiz \u015feyler, giydi\u011finiz e\u015fyalar, kolunuza takt\u0131\u011f\u0131n\u0131z saat, i\u015fe gitmek i\u00e7in bindi\u011finiz araba\u2026 kulland\u0131\u011f\u0131n\u0131z her t\u00fcrl\u00fc ara\u00e7-gere\u00e7 bir i\u015fletme taraf\u0131ndan \u00fcretilmi\u015ftir. \u0130\u015fletmeler olmasayd\u0131 insanl\u0131k b\u00fct\u00fcn bunlardan mahrum kal\u0131rd\u0131. \u0130yi ki i\u015fletmeler var, iyi ki giri\u015fimciler var. \u0130\u015fletmecilik bir bilim olarak \u00f6\u011frenilebilir-\u00f6\u011fretilebilir. \u00dclkemizde Siyasal Bilgiler Fak\u00fcltelerinde, \u0130ktisadi ve \u0130dari Bilimler Fak\u00fcltelerinde, Y\u00fcksekokul ve meslek y\u00fcksekokullar\u0131 gibi di\u011fer bir k\u0131s\u0131m fak\u00fcltelerde i\u015fletme bilimi ile ilgili dersler verilmekte, insanlar\u0131n ihtiya\u00e7 duydu\u011fu mal ve hizmetleri \u00fcretip sunmak, gelece\u011fin giri\u015fimcileri veya \u00fcreticiden t\u00fcketiciye devam eden s\u00fcre\u00e7te yer almalar\u0131 i\u00e7in \u00e7al\u0131\u015fan \u00f6\u011frenciler yeti\u015ftirilmektedir. Bu kitap i\u015fletme \u00f6\u011frencilerine ve i\u015f d\u00fcnyas\u0131nda bulunan i\u015f insan\u0131m\u0131za bir kaynak olarak katk\u0131 sunacakt\u0131r. Genel i\u015fletme kitab\u0131 yaz\u0131m \u00e7al\u0131\u015fmalar\u0131na ba\u015flarken, mevcut yerli ve yabanc\u0131 i\u015fletme kitaplar\u0131 taranm\u0131\u015f, hepsinden yararlan\u0131lm\u0131\u015f ve piyasan\u0131n gerektirdi\u011fi yeni bilgilere mutlaka yer verilerek, yeni b\u00f6l\u00fcmlerin ilavesi yoluna gidilmi\u015ftir. Bu s\u00fcre\u00e7te i\u015fletmecilik bilgisini insanl\u0131\u011f\u0131n hizmetine sunmak ve bir ad\u0131m daha ileri gidebilmek i\u00e7in bu m\u00fctevazi \u00e7al\u0131\u015fma ile katk\u0131da bulunulmu\u015ftur. Ya\u015fad\u0131\u011f\u0131m\u0131z \u00e7a\u011fda h\u0131zl\u0131 de\u011fi\u015fime ayak uydurabilmek ve de\u011fi\u015fimi i\u015fletme baz\u0131nda yakalayabilmek ad\u0131na, Sanal i\u015fletmecilik ve E-Ticaret, \u0130\u015f Ahlak\u0131, Tedarik Zinciri, Uluslararas\u0131 \u0130\u015fletmecilik ve \u00c7ok Uluslu \u0130\u015fletmeler ile Y\u00f6netim Bili\u015fim Sistemleri gibi yeni b\u00f6l\u00fcmlerle kitap zenginle\u015ftirilirken; di\u011fer yandan rutin olarak i\u015flenen di\u011fer konular\u0131n \u00e7a\u011fda\u015f bir bak\u0131\u015f a\u00e7\u0131s\u0131yla yeniden ele al\u0131nmas\u0131 sa\u011flanm\u0131\u015ft\u0131r. Genel \u0130\u015fletme Kitab\u0131 edit\u00f6r\u00fc olarak yazarlar\u0131 bu anlamdaki ba\u015far\u0131l\u0131 \u00e7al\u0131\u015fmalar\u0131ndan dolay\u0131 tebrik ederim. Genel \u0130\u015fletme kitab\u0131 d\u00f6rt ana k\u0131s\u0131mdan olu\u015fmaktad\u0131r. Birinci k\u0131s\u0131mda i\u015fletmenin temelleri ba\u015fl\u0131\u011f\u0131 alt\u0131nda iki b\u00f6l\u00fcme yer verilmi\u015f, birinci b\u00f6l\u00fcmde temel i\u015fletmecilik bilgisinden \u0130\u015fletmelerin Ama\u00e7lar\u0131, \u0130\u015fletmenin Di\u011fer Disiplinlerle \u0130li\u015fkisi, Tarihi S\u00fcre\u00e7 \u0130\u00e7inde \u0130\u015fletmecilik; ikinci b\u00f6l\u00fcmde ise, i\u015fletmenin \u00c7evresi ve T\u00fcrleri ve \u00fclkemizde \u00f6nemli say\u0131da olan Kooperatiflere geni\u015f\u00e7e yer verilmi\u015ftir. ikinci k\u0131s\u0131mda i\u015fletmelerin kurulu\u015f s\u00fcreci ve b\u00fcy\u00fcmesi ba\u015fl\u0131\u011f\u0131 alt\u0131nda iki b\u00f6l\u00fcme yer verilmi\u015f; \u00fc\u00e7\u00fcnc\u00fc b\u00f6l\u00fcmde i\u015fletmenin kurulu\u015f \u00e7al\u0131\u015fmalar\u0131, i\u015fletmenin kurulu\u015f nedenleri, kurulu\u015f yeri se\u00e7imi, kurulu\u015f a\u015famalar\u0131, i\u015fletmenin tercih edece\u011fi kapasite ile i\u015fletmelerde b\u00fcy\u00fcme i\u015fletmeler aras\u0131 birle\u015fmelere yere verilmi\u015ftir. D\u00f6rd\u00fcnc\u00fc b\u00f6l\u00fcmde i\u015fletmenin gelirleri ve giderlerine yer verilerek firman\u0131n k\u00e2r ve zararlar\u0131n\u0131n hesaplanmas\u0131na yer verilmi\u015ftir. \u00dc\u00e7\u00fcnc\u00fc k\u0131s\u0131m alt\u0131nda i\u015fletme fonksiyonlar\u0131na yer verilmi\u015ftir. On bir fonksiyonun yer ald\u0131\u011f\u0131 bu k\u0131s\u0131mda s\u0131ras\u0131yla, i\u015fletmelerde genel y\u00f6netim b\u00f6l\u00fcm\u00fcnde y\u00f6netim ve organizasyon teorilerine yer verilmi\u015f, yan\u0131 s\u0131ra y\u00f6netim fonksiyonlar\u0131 tart\u0131\u015f\u0131lm\u0131\u015f; tedarik zinciri y\u00f6netimi, \u00fcretim y\u00f6netimi, pazarlama, insan kaynaklar\u0131, finansman, muhasebe, halkla ili\u015fkiler, ara\u015ft\u0131rma-geli\u015ftirme ve i\u015fletmelerde kullan\u0131lan karar verme teknikleri b\u00f6l\u00fcmlerine yer verilmi\u015ftir. D\u00f6rd\u00fcnc\u00fc k\u0131s\u0131mda k\u00fcresel i\u015fletmecilik ba\u015fl\u0131\u011f\u0131 alt\u0131nda uluslararas\u0131 i\u015fletmecilik ve \u00e7ok uluslu i\u015fletmeler, sanal i\u015fletmecilik ve E-ticaret, \u0130\u015fletmelerde \u0130\u015f Ahlak\u0131 ve bili\u015fim teknolojisinden yararlanmay\u0131 \u00f6nceleyen y\u00f6netim bili\u015fim sistemlerine yer verilmi\u015ftir.<\/p>\n","protected":false},"excerpt":{"rendered":"<p>18. y\u00fczy\u0131lda sanayi devrimiyle ba\u015flay\u0131p h\u0131zla geli\u015fen bilim dallar\u0131ndan birisi de \u0130\u015fletmeciliktir. N\u00fcfus artt\u0131k\u00e7a ihtiya\u00e7lar \u00e7o\u011fald\u0131 ve buna ba\u011fl\u0131 olarak artan talebi kar\u015f\u0131layabilmek i\u00e7in giri\u015fimciler \u00e7e\u015fitli<span class=\"excerpt-hellip\"> [\u2026]<\/span><\/p>\n","protected":false},"featured_media":0,"template":"","meta":{"_monsterinsights_skip_tracking":false,"_monsterinsights_sitenote_active":false,"_monsterinsights_sitenote_note":"","_monsterinsights_sitenote_category":0},"product_brand":[],"product_cat":[13043,14381],"product_tag":[],"class_list":{"0":"post-780643","1":"product","2":"type-product","3":"status-publish","5":"product_cat-ekonomi","6":"product_cat-isletme-muhasebe-maliye","7":"pa_cilt-ciltsiz","8":"pa_tur-kitap","9":"pa_yayinevi-atlas-akademi","10":"pa_yazar-ahmet-diken","12":"first","13":"instock","14":"sale","15":"shipping-taxable","16":"purchasable","17":"product-type-simple"},"_links":{"self":[{"href":"https:\/\/roveyayinevi.com.tr\/index.php\/wp-json\/wp\/v2\/product\/780643","targetHints":{"allow":["GET"]}}],"collection":[{"href":"https:\/\/roveyayinevi.com.tr\/index.php\/wp-json\/wp\/v2\/product"}],"about":[{"href":"https:\/\/roveyayinevi.com.tr\/index.php\/wp-json\/wp\/v2\/types\/product"}],"wp:attachment":[{"href":"https:\/\/roveyayinevi.com.tr\/index.php\/wp-json\/wp\/v2\/media?parent=780643"}],"wp:term":[{"taxonomy":"product_brand","embeddable":true,"href":"https:\/\/roveyayinevi.com.tr\/index.php\/wp-json\/wp\/v2\/product_brand?post=780643"},{"taxonomy":"product_cat","embeddable":true,"href":"https:\/\/roveyayinevi.com.tr\/index.php\/wp-json\/wp\/v2\/product_cat?post=780643"},{"taxonomy":"product_tag","embeddable":true,"href":"https:\/\/roveyayinevi.com.tr\/index.php\/wp-json\/wp\/v2\/product_tag?post=780643"}],"curies":[{"name":"wp","href":"https:\/\/api.w.org\/{rel}","templated":true}]}}