{"id":780642,"date":"2026-01-20T04:00:02","date_gmt":"2026-01-20T01:00:02","guid":{"rendered":"https:\/\/roveyayinevi.com.tr\/index.php\/urun\/kisilik-kuramlari\/"},"modified":"2026-04-12T03:21:47","modified_gmt":"2026-04-12T00:21:47","slug":"kisilik-kuramlari","status":"publish","type":"product","link":"https:\/\/roveyayinevi.com.tr\/index.php\/urun\/kisilik-kuramlari\/","title":{"rendered":"Ki\u015filik Kuramlar\u0131"},"content":{"rendered":"<p>Ki\u015filik Kuramlar\u0131 \u00d6rnek Vaka \u00c7\u00f6z\u00fcmleri kitab\u0131 ile ki\u015filikten s\u00f6z edildi\u011finde \u00f6ne \u00e7\u0131kan kuramlar aras\u0131nda yer alan Psikanalitik Kuram, Analitik Psikoloji, Bireysel Psikoloji, Ki\u015filer Aras\u0131 \u0130li\u015fkiler Kuram\u0131, Psikanalitik Sosyal Kuram, \u0130nsanc\u0131l Psikanalitik Kuram, Ba\u011flanma Kuram\u0131, Psikososyal Geli\u015fim Kuram\u0131, Psikanalitik Davran\u0131\u015f\u00e7\u0131 Kuram, Sosyal Bili\u015fsel \u00d6\u011frenme Teorisi, Bili\u015fsel Kuramlar, Varolu\u015f\u00e7u Kuram, \u0130htiya\u00e7lar Hiyerar\u015fisi Kuram\u0131, Birey Merkezli Kuram, Pozitif Psikoloji ve Ay\u0131r\u0131c\u0131 \u00d6zellik Kuram\u0131\u2019na yer verilmi\u015ftir. Kitap kapsam\u0131nda, analiz edilen vaka \u00f6rnekleri ve okuyucunun analizine sunulan vaka \u00f6rnekleri yer almaktad\u0131r. \u0130lk b\u00f6l\u00fcmde, vaka analizine y\u00f6nelik bir \u00e7er\u00e7eve olu\u015fturulmaya \u00e7al\u0131\u015f\u0131lm\u0131\u015f ve sonraki b\u00f6l\u00fcmlerde, kuramlar\u0131n vaka analizinde kullan\u0131lan kavram ve i\u00e7eriklerine m\u00fcmk\u00fcn oldu\u011funca de\u011finilmi\u015ftir. \u0130kinci bir vaka \u00f6rne\u011fi ise vaka analizi i\u00e7in her kuram kapsam\u0131nda okuyucunun prati\u011fine sunulmu\u015ftur. Ruh sa\u011fl\u0131\u011f\u0131 alan\u0131nda \u00e7al\u0131\u015fan meslek profesyonellerine, ruh sa\u011fl\u0131\u011f\u0131 hizmeti sunmaya aday bireylere ve ki\u015filik konusuna ilgi duyan t\u00fcm bireylere temel bir ba\u015fvuru kayna\u011f\u0131 olmas\u0131 dile\u011fiyle\u2026<\/p>\n","protected":false},"excerpt":{"rendered":"<p>Ki\u015filik Kuramlar\u0131 \u00d6rnek Vaka \u00c7\u00f6z\u00fcmleri kitab\u0131 ile ki\u015filikten s\u00f6z edildi\u011finde \u00f6ne \u00e7\u0131kan kuramlar aras\u0131nda yer alan Psikanalitik Kuram, Analitik Psikoloji, Bireysel Psikoloji, Ki\u015filer Aras\u0131 \u0130li\u015fkiler Kuram\u0131,<span class=\"excerpt-hellip\"> [\u2026]<\/span><\/p>\n","protected":false},"featured_media":0,"template":"","meta":{"_monsterinsights_skip_tracking":false,"_monsterinsights_sitenote_active":false,"_monsterinsights_sitenote_note":"","_monsterinsights_sitenote_category":0},"product_brand":[],"product_cat":[12364,12376],"product_tag":[],"class_list":{"0":"post-780642","1":"product","2":"type-product","3":"status-publish","5":"product_cat-genel-konular","6":"product_cat-kisisel-gelisim","7":"pa_cilt-ciltsiz","8":"pa_tur-kitap","9":"pa_yayinevi-nobel-akademik-yayincilik","10":"pa_yazar-semra-ucar","12":"first","13":"instock","14":"sale","15":"shipping-taxable","16":"purchasable","17":"product-type-simple"},"_links":{"self":[{"href":"https:\/\/roveyayinevi.com.tr\/index.php\/wp-json\/wp\/v2\/product\/780642","targetHints":{"allow":["GET"]}}],"collection":[{"href":"https:\/\/roveyayinevi.com.tr\/index.php\/wp-json\/wp\/v2\/product"}],"about":[{"href":"https:\/\/roveyayinevi.com.tr\/index.php\/wp-json\/wp\/v2\/types\/product"}],"wp:attachment":[{"href":"https:\/\/roveyayinevi.com.tr\/index.php\/wp-json\/wp\/v2\/media?parent=780642"}],"wp:term":[{"taxonomy":"product_brand","embeddable":true,"href":"https:\/\/roveyayinevi.com.tr\/index.php\/wp-json\/wp\/v2\/product_brand?post=780642"},{"taxonomy":"product_cat","embeddable":true,"href":"https:\/\/roveyayinevi.com.tr\/index.php\/wp-json\/wp\/v2\/product_cat?post=780642"},{"taxonomy":"product_tag","embeddable":true,"href":"https:\/\/roveyayinevi.com.tr\/index.php\/wp-json\/wp\/v2\/product_tag?post=780642"}],"curies":[{"name":"wp","href":"https:\/\/api.w.org\/{rel}","templated":true}]}}