{"id":780635,"date":"2026-01-20T03:50:40","date_gmt":"2026-01-20T00:50:40","guid":{"rendered":"https:\/\/roveyayinevi.com.tr\/index.php\/urun\/egitimde-ruh-sagligi-iyi-temeller-olusturmak\/"},"modified":"2026-02-03T03:25:49","modified_gmt":"2026-02-03T00:25:49","slug":"egitimde-ruh-sagligi-iyi-temeller-olusturmak","status":"publish","type":"product","link":"https:\/\/roveyayinevi.com.tr\/index.php\/urun\/egitimde-ruh-sagligi-iyi-temeller-olusturmak\/","title":{"rendered":"E\u011fitimde Ruh Sa\u011fl\u0131\u011f\u0131 &#8211; \u0130yi Temeller Olu\u015fturmak"},"content":{"rendered":"<p>Ruh sa\u011fl\u0131\u011f\u0131 ve iyi olu\u015f konusundaki artan ara\u015ft\u0131rma, fark\u0131ndal\u0131k ve uygulamalar g\u00f6z \u00f6n\u00fcne al\u0131nd\u0131\u011f\u0131nda, bu kitab\u0131n alanda ihtiya\u00e7 duyulan bir bo\u015flu\u011fu dolduraca\u011f\u0131n\u0131 s\u00f6ylemek m\u00fcmk\u00fcnd\u00fcr. \u00d6\u011fretmenler ve okullarda \u00e7al\u0131\u015fan psikolojik dan\u0131\u015fmanlar i\u00e7in eri\u015filebilir, rahatl\u0131kla takip edilebilir bir kaynak olmas\u0131n\u0131n yan\u0131 s\u0131ra bu kaynak kitap, \u00f6\u011fretmenin duygusal \u00f6zbak\u0131m\u0131na dikkat \u00e7ekerek hem \u00f6\u011fretmenin hem de \u00e7ocu\u011fun iyi olu\u015funu g\u00fc\u00e7lendirmeyi ama\u00e7lamaktad\u0131r. Okullarda sa\u011flam ba\u015flang\u0131\u00e7lar yapabilmek, bir b\u00fct\u00fcn olarak t\u00fcm payda\u015flar\u0131 ile okulun esenli\u011fini sa\u011flamak i\u00e7in fark\u0131ndal\u0131k geli\u015ftirmek ve ruh sa\u011fl\u0131\u011f\u0131 okuryazarl\u0131\u011f\u0131n\u0131 desteklemek \u00fczere \u00f6rnek uygulamalar i\u00e7ermesi kitab\u0131n en g\u00fc\u00e7l\u00fc yan\u0131d\u0131r. Ak\u0131c\u0131 dili ve mizahi unsurlara yer vermesi ise kitab\u0131n ruh sa\u011fl\u0131\u011f\u0131na olumlu bak\u0131\u015f a\u00e7\u0131s\u0131n\u0131n kan\u0131t\u0131d\u0131r.<\/p>\n","protected":false},"excerpt":{"rendered":"<p>Ruh sa\u011fl\u0131\u011f\u0131 ve iyi olu\u015f konusundaki artan ara\u015ft\u0131rma, fark\u0131ndal\u0131k ve uygulamalar g\u00f6z \u00f6n\u00fcne al\u0131nd\u0131\u011f\u0131nda, bu kitab\u0131n alanda ihtiya\u00e7 duyulan bir bo\u015flu\u011fu dolduraca\u011f\u0131n\u0131 s\u00f6ylemek m\u00fcmk\u00fcnd\u00fcr. \u00d6\u011fretmenler ve<span class=\"excerpt-hellip\"> [\u2026]<\/span><\/p>\n","protected":false},"featured_media":0,"template":"","meta":{"_monsterinsights_skip_tracking":false,"_monsterinsights_sitenote_active":false,"_monsterinsights_sitenote_note":"","_monsterinsights_sitenote_category":0},"product_brand":[],"product_cat":[12573,12566],"product_tag":[],"class_list":{"0":"post-780635","1":"product","2":"type-product","3":"status-publish","5":"product_cat-akademik-kitaplar","6":"product_cat-egitim","7":"pa_cilt-ciltsiz","8":"pa_tur-kitap","9":"pa_yayinevi-nobel-akademik-yayincilik","10":"pa_yazar-samantha-garner","12":"first","13":"instock","14":"sale","15":"shipping-taxable","16":"purchasable","17":"product-type-simple"},"_links":{"self":[{"href":"https:\/\/roveyayinevi.com.tr\/index.php\/wp-json\/wp\/v2\/product\/780635","targetHints":{"allow":["GET"]}}],"collection":[{"href":"https:\/\/roveyayinevi.com.tr\/index.php\/wp-json\/wp\/v2\/product"}],"about":[{"href":"https:\/\/roveyayinevi.com.tr\/index.php\/wp-json\/wp\/v2\/types\/product"}],"wp:attachment":[{"href":"https:\/\/roveyayinevi.com.tr\/index.php\/wp-json\/wp\/v2\/media?parent=780635"}],"wp:term":[{"taxonomy":"product_brand","embeddable":true,"href":"https:\/\/roveyayinevi.com.tr\/index.php\/wp-json\/wp\/v2\/product_brand?post=780635"},{"taxonomy":"product_cat","embeddable":true,"href":"https:\/\/roveyayinevi.com.tr\/index.php\/wp-json\/wp\/v2\/product_cat?post=780635"},{"taxonomy":"product_tag","embeddable":true,"href":"https:\/\/roveyayinevi.com.tr\/index.php\/wp-json\/wp\/v2\/product_tag?post=780635"}],"curies":[{"name":"wp","href":"https:\/\/api.w.org\/{rel}","templated":true}]}}