{"id":780632,"date":"2026-01-20T03:45:52","date_gmt":"2026-01-20T00:45:52","guid":{"rendered":"https:\/\/roveyayinevi.com.tr\/index.php\/urun\/bireyle-psikolojik-danisma\/"},"modified":"2026-04-16T03:08:51","modified_gmt":"2026-04-16T00:08:51","slug":"bireyle-psikolojik-danisma","status":"publish","type":"product","link":"https:\/\/roveyayinevi.com.tr\/index.php\/urun\/bireyle-psikolojik-danisma\/","title":{"rendered":"Bireyle Psikolojik Dan\u0131\u015fma"},"content":{"rendered":"<p>Neden b\u00f6yle bir kitap yazma ihtiyac\u0131 hissettik? Asl\u0131nda bu kitap sadece profesyoneller i\u00e7in yaz\u0131lmad\u0131. Sosyal ili\u015fkilerimizde s\u00f6ylemek istediklerimizi nas\u0131l ifade edebilece\u011fimizi g\u00f6stermek ve ayr\u0131ca insan\u0131 anlamak ve anlatmak i\u00e7in yaz\u0131ld\u0131. Modernitenin \u00f6nemli bir handikab\u0131 olan kompleks insan ili\u015fkilerinin problem kayna\u011f\u0131 h\u00e2line gelmemesi neredeyse imk\u00e2ns\u0131z. Bu problem kayna\u011f\u0131n\u0131n psikolojik, fizyolojik ve sosyal ya\u015fant\u0131m\u0131z\u0131 olumsuz bir \u015fekilde etkilememesi i\u00e7in ne t\u00fcr y\u00f6ntemler \u00fcretiyoruz? Yap\u0131lan ara\u015ft\u0131rmalar, genel itibar\u0131yla problemden ka\u00e7\u0131nman\u0131n, en yayg\u0131n kullan\u0131lan y\u00f6ntemlerden biri oldu\u011funu g\u00f6steriyor. Ya size problemi daha i\u00e7inden \u00e7\u0131k\u0131lmaz bir h\u00e2le getirenin de asl\u0131nda problemlerden ka\u00e7\u0131nma oldu\u011funu s\u00f6ylersek! O h\u00e2lde bireylerle ileti\u015fim kurarken nelere dikkat etmemiz gerekti\u011fi ile ilgili kapsay\u0131c\u0131 bir bak\u0131\u015f ile ele ald\u0131\u011f\u0131m\u0131z \u201cBireyle Psikolojik Dan\u0131\u015fma Temel D\u00fczey\u201d kitab\u0131n\u0131 okumaya davet ediyoruz. Kitap, temel d\u00fczeyde bireyle psikolojik dan\u0131\u015fman\u0131n pratik ve teorik y\u00f6nleriyle b\u00fct\u00fcnc\u00fcl bir bak\u0131\u015f a\u00e7\u0131s\u0131yla ele al\u0131nd\u0131\u011f\u0131 uzun s\u00fcren bir \u00e7al\u0131\u015fman\u0131n sonucudur. G\u00fcndelik ya\u015famdan kesitler g\u00f6rece\u011finiz, belki de ya\u015fad\u0131\u011f\u0131n\u0131z problemlerin bir benzerini ve \u00e7\u00f6z\u00fcm\u00fcn\u00fc bulaca\u011f\u0131n\u0131z kitab\u0131m\u0131z\u0131n faydal\u0131 olmas\u0131 dile\u011fiyle\u2026<\/p>\n","protected":false},"excerpt":{"rendered":"<p>Neden b\u00f6yle bir kitap yazma ihtiyac\u0131 hissettik? Asl\u0131nda bu kitap sadece profesyoneller i\u00e7in yaz\u0131lmad\u0131. Sosyal ili\u015fkilerimizde s\u00f6ylemek istediklerimizi nas\u0131l ifade edebilece\u011fimizi g\u00f6stermek ve ayr\u0131ca insan\u0131 anlamak<span class=\"excerpt-hellip\"> [\u2026]<\/span><\/p>\n","protected":false},"featured_media":0,"template":"","meta":{"_monsterinsights_skip_tracking":false,"_monsterinsights_sitenote_active":false,"_monsterinsights_sitenote_note":"","_monsterinsights_sitenote_category":0},"product_brand":[],"product_cat":[12755,12357],"product_tag":[],"class_list":{"0":"post-780632","1":"product","2":"type-product","3":"status-publish","5":"product_cat-gelisim-psikolojisi","6":"product_cat-psikoloji","7":"pa_cilt-ciltsiz","8":"pa_tur-kitap","9":"pa_yayinevi-nobel-akademik-yayincilik","10":"pa_yazar-kolektif","12":"first","13":"instock","14":"sale","15":"shipping-taxable","16":"purchasable","17":"product-type-simple"},"_links":{"self":[{"href":"https:\/\/roveyayinevi.com.tr\/index.php\/wp-json\/wp\/v2\/product\/780632","targetHints":{"allow":["GET"]}}],"collection":[{"href":"https:\/\/roveyayinevi.com.tr\/index.php\/wp-json\/wp\/v2\/product"}],"about":[{"href":"https:\/\/roveyayinevi.com.tr\/index.php\/wp-json\/wp\/v2\/types\/product"}],"wp:attachment":[{"href":"https:\/\/roveyayinevi.com.tr\/index.php\/wp-json\/wp\/v2\/media?parent=780632"}],"wp:term":[{"taxonomy":"product_brand","embeddable":true,"href":"https:\/\/roveyayinevi.com.tr\/index.php\/wp-json\/wp\/v2\/product_brand?post=780632"},{"taxonomy":"product_cat","embeddable":true,"href":"https:\/\/roveyayinevi.com.tr\/index.php\/wp-json\/wp\/v2\/product_cat?post=780632"},{"taxonomy":"product_tag","embeddable":true,"href":"https:\/\/roveyayinevi.com.tr\/index.php\/wp-json\/wp\/v2\/product_tag?post=780632"}],"curies":[{"name":"wp","href":"https:\/\/api.w.org\/{rel}","templated":true}]}}