{"id":780631,"date":"2026-01-20T03:44:12","date_gmt":"2026-01-20T00:44:12","guid":{"rendered":"https:\/\/roveyayinevi.com.tr\/index.php\/urun\/ogretim-ilke-ve-yontemleri-pedagojik-formasyon-icin\/"},"modified":"2026-04-16T03:07:58","modified_gmt":"2026-04-16T00:07:58","slug":"ogretim-ilke-ve-yontemleri-pedagojik-formasyon-icin","status":"publish","type":"product","link":"https:\/\/roveyayinevi.com.tr\/index.php\/urun\/ogretim-ilke-ve-yontemleri-pedagojik-formasyon-icin\/","title":{"rendered":"\u00d6\u011fretim \u0130lke ve Y\u00f6ntemleri &#8211; Pedagojik Formasyon \u0130\u00e7in"},"content":{"rendered":"<p>E\u011fitimde, \u201cNi\u00e7in \u00f6\u011fretece\u011fiz?\u201d sorusunun cevab\u0131, e\u011fitimin ama\u00e7lar\u0131n\u0131; \u201cNas\u0131l \u00f6\u011fretece\u011fiz?\u201d sorusunun cevab\u0131, \u00f6\u011fretim y\u00f6ntemlerini; \u201cNe ile \u00f6\u011fretece\u011fiz?\u201d sorusunun cevab\u0131, e\u011fitim ara\u00e7 ve gere\u00e7lerini; \u201cE\u011fitimin sonunda ne kadar \u00f6\u011frettik?\u201d sorusunun cevab\u0131 ise \u00f6l\u00e7me ve de\u011ferlendirme konusunu olu\u015fturur. Bug\u00fcn, \u00fclkemizde E\u011fitim fak\u00fcltelerinde, \u00f6\u011fretim ilke ve y\u00f6ntemleri ile \u00f6zel \u00f6\u011fretim y\u00f6ntemleri dersleri yer almaktad\u0131r. Bu kitap, \u00f6ncelikle bu b\u00f6l\u00fcmlerde okuyan ve pedagojik formasyon alan \u00f6\u011frencilere ve h\u00e2len okullar\u0131m\u0131zda g\u00f6rev yapan t\u00fcm \u00f6\u011fretmenlere hitap etmek \u00fczere haz\u0131rlanm\u0131\u015ft\u0131r. Kitapta, Y\u00d6K kur tan\u0131m\u0131yla \u00f6rt\u00fc\u015fecek \u015fekilde e\u011fitim ve \u00f6\u011fretimle ilgili strateji, y\u00f6ntem ve teknikler yer almaktad\u0131r. \u00d6\u011fretmen adaylar\u0131 ve \u00f6\u011fretmenlere faydal\u0131 olmas\u0131 dile\u011fiyle&#8230;<\/p>\n","protected":false},"excerpt":{"rendered":"<p>E\u011fitimde, \u201cNi\u00e7in \u00f6\u011fretece\u011fiz?\u201d sorusunun cevab\u0131, e\u011fitimin ama\u00e7lar\u0131n\u0131; \u201cNas\u0131l \u00f6\u011fretece\u011fiz?\u201d sorusunun cevab\u0131, \u00f6\u011fretim y\u00f6ntemlerini; \u201cNe ile \u00f6\u011fretece\u011fiz?\u201d sorusunun cevab\u0131, e\u011fitim ara\u00e7 ve gere\u00e7lerini; \u201cE\u011fitimin sonunda ne kadar<span class=\"excerpt-hellip\"> [\u2026]<\/span><\/p>\n","protected":false},"featured_media":0,"template":"","meta":{"_monsterinsights_skip_tracking":false,"_monsterinsights_sitenote_active":false,"_monsterinsights_sitenote_note":"","_monsterinsights_sitenote_category":0},"product_brand":[],"product_cat":[12573,12566],"product_tag":[],"class_list":{"0":"post-780631","1":"product","2":"type-product","3":"status-publish","5":"product_cat-akademik-kitaplar","6":"product_cat-egitim","7":"pa_cilt-ciltsiz","8":"pa_tur-kitap","9":"pa_yayinevi-nobel-akademik-yayincilik","10":"pa_yazar-mehmet-zeki-aydin","12":"first","13":"instock","14":"sale","15":"shipping-taxable","16":"purchasable","17":"product-type-simple"},"_links":{"self":[{"href":"https:\/\/roveyayinevi.com.tr\/index.php\/wp-json\/wp\/v2\/product\/780631","targetHints":{"allow":["GET"]}}],"collection":[{"href":"https:\/\/roveyayinevi.com.tr\/index.php\/wp-json\/wp\/v2\/product"}],"about":[{"href":"https:\/\/roveyayinevi.com.tr\/index.php\/wp-json\/wp\/v2\/types\/product"}],"wp:attachment":[{"href":"https:\/\/roveyayinevi.com.tr\/index.php\/wp-json\/wp\/v2\/media?parent=780631"}],"wp:term":[{"taxonomy":"product_brand","embeddable":true,"href":"https:\/\/roveyayinevi.com.tr\/index.php\/wp-json\/wp\/v2\/product_brand?post=780631"},{"taxonomy":"product_cat","embeddable":true,"href":"https:\/\/roveyayinevi.com.tr\/index.php\/wp-json\/wp\/v2\/product_cat?post=780631"},{"taxonomy":"product_tag","embeddable":true,"href":"https:\/\/roveyayinevi.com.tr\/index.php\/wp-json\/wp\/v2\/product_tag?post=780631"}],"curies":[{"name":"wp","href":"https:\/\/api.w.org\/{rel}","templated":true}]}}