{"id":780629,"date":"2026-01-20T03:44:02","date_gmt":"2026-01-20T00:44:02","guid":{"rendered":"https:\/\/roveyayinevi.com.tr\/index.php\/urun\/arkadaslik-bir-kutuya-sigar-mi\/"},"modified":"2026-04-16T03:07:53","modified_gmt":"2026-04-16T00:07:53","slug":"arkadaslik-bir-kutuya-sigar-mi","status":"publish","type":"product","link":"https:\/\/roveyayinevi.com.tr\/index.php\/urun\/arkadaslik-bir-kutuya-sigar-mi\/","title":{"rendered":"Arkada\u015fl\u0131k Bir Kutuya S\u0131\u011far M\u0131?"},"content":{"rendered":"<p>\u2018\u2019Sormazsam olmaz!\u2019\u2019 diyen merakl\u0131 \u00e7ocuklar ve ke\u015ffetmenin tad\u0131na varamam\u0131\u015f yeti\u015fkinler i\u00e7in, arkada\u015fl\u0131\u011fa dair ezberleri bozan bir hikaye! Bir oyuncak yada herhangi bir \u015fey arkada\u015f\u0131n olabilir mi? Arkada\u015fl\u0131k i\u00e7in istemedi\u011fimiz \u015feyleri yapmal\u0131 m\u0131y\u0131z? \u201cArkada\u015fl\u0131k Bir Kutuya S\u0131\u011far M\u0131?\u201d kitab\u0131, sayfa altlar\u0131nda ve hikayesinde \u00f6zenle sorulmu\u015f sorular\u0131yla \u00e7ocuklar\u0131 kal\u0131plar\u0131n \u00f6tesinde d\u00fc\u015f\u00fcnmeye te\u015fvik ediyor. \u00c7ocuklar \u0130\u00e7in Felsefe pedagojisi \u0131\u015f\u0131\u011f\u0131nda haz\u0131rlanan kitap, \u00e7ocuklarla felsefe etkinli\u011fi yapmaya y\u00f6nelik teknikleri incelikle okurlar\u0131yla payla\u015f\u0131yor.<\/p>\n","protected":false},"excerpt":{"rendered":"<p>\u2018\u2019Sormazsam olmaz!\u2019\u2019 diyen merakl\u0131 \u00e7ocuklar ve ke\u015ffetmenin tad\u0131na varamam\u0131\u015f yeti\u015fkinler i\u00e7in, arkada\u015fl\u0131\u011fa dair ezberleri bozan bir hikaye! Bir oyuncak yada herhangi bir \u015fey arkada\u015f\u0131n olabilir mi?<span class=\"excerpt-hellip\"> [\u2026]<\/span><\/p>\n","protected":false},"featured_media":0,"template":"","meta":{"_monsterinsights_skip_tracking":false,"_monsterinsights_sitenote_active":false,"_monsterinsights_sitenote_note":"","_monsterinsights_sitenote_category":0},"product_brand":[],"product_cat":[12274,12523],"product_tag":[],"class_list":{"0":"post-780629","1":"product","2":"type-product","3":"status-publish","5":"product_cat-cocuk-ve-genclik-kitaplari","6":"product_cat-masallar","7":"pa_cilt-ciltsiz","8":"pa_tur-kitap","9":"pa_yayinevi-sincap-kitap","10":"pa_yazar-deniz-alter","12":"first","13":"instock","14":"sale","15":"shipping-taxable","16":"purchasable","17":"product-type-simple"},"_links":{"self":[{"href":"https:\/\/roveyayinevi.com.tr\/index.php\/wp-json\/wp\/v2\/product\/780629","targetHints":{"allow":["GET"]}}],"collection":[{"href":"https:\/\/roveyayinevi.com.tr\/index.php\/wp-json\/wp\/v2\/product"}],"about":[{"href":"https:\/\/roveyayinevi.com.tr\/index.php\/wp-json\/wp\/v2\/types\/product"}],"wp:attachment":[{"href":"https:\/\/roveyayinevi.com.tr\/index.php\/wp-json\/wp\/v2\/media?parent=780629"}],"wp:term":[{"taxonomy":"product_brand","embeddable":true,"href":"https:\/\/roveyayinevi.com.tr\/index.php\/wp-json\/wp\/v2\/product_brand?post=780629"},{"taxonomy":"product_cat","embeddable":true,"href":"https:\/\/roveyayinevi.com.tr\/index.php\/wp-json\/wp\/v2\/product_cat?post=780629"},{"taxonomy":"product_tag","embeddable":true,"href":"https:\/\/roveyayinevi.com.tr\/index.php\/wp-json\/wp\/v2\/product_tag?post=780629"}],"curies":[{"name":"wp","href":"https:\/\/api.w.org\/{rel}","templated":true}]}}