{"id":780627,"date":"2026-01-20T03:43:47","date_gmt":"2026-01-20T00:43:47","guid":{"rendered":"https:\/\/roveyayinevi.com.tr\/index.php\/urun\/maca-kizi-8-2-kitap\/"},"modified":"2026-03-09T03:14:31","modified_gmt":"2026-03-09T00:14:31","slug":"maca-kizi-8-2-kitap","status":"publish","type":"product","link":"https:\/\/roveyayinevi.com.tr\/index.php\/urun\/maca-kizi-8-2-kitap\/","title":{"rendered":"Ma\u00e7a K\u0131z\u0131 8 &#8211; 2. Kitap"},"content":{"rendered":"<p>\u201cGe\u00e7mi\u015fle gelecek aras\u0131nda zamans\u0131zla\u015f\u0131yorduk.\u201d\u201cAnne ve babas\u0131 \u00f6ld\u00fc\u011f\u00fcnde, masallar\u0131 t\u00fckenen k\u00fc\u00e7\u00fcc\u00fck bir k\u0131z \u00e7ocu\u011fu vard\u0131. Bergamot a\u011fa\u00e7lar\u0131n\u0131n alt\u0131nda, ailesiyle son mutlu olduklar\u0131 an\u2019da zaman\u0131 durdu farz etmi\u015fti k\u00fc\u00e7\u00fck k\u0131z.Eksilerek b\u00fcy\u00fcm\u00fc\u015f, bir kokunun pe\u015fine d\u00fc\u015fm\u00fc\u015f, kar\u015f\u0131l\u0131ks\u0131z bir a\u015fka yenilmi\u015f, tek ba\u015f\u0131na ayakta kalmak zorunda oldu\u011funun fark\u0131na vararak ya\u015fam\u0131\u015f ve bir g\u00fcn e\u011fer d\u00fc\u015ferse, babas\u0131n\u0131n ona anlatt\u0131\u011f\u0131 masallardaki kahraman\u0131n gelip kendisini bulaca\u011f\u0131na ve d\u00fc\u015ft\u00fc\u011f\u00fc o yerden onu kald\u0131raca\u011f\u0131na inanm\u0131\u015ft\u0131.K\u00fc\u00e7\u00fck k\u0131z, kahraman\u0131 olaca\u011f\u0131n\u0131 s\u00f6yleyen ama hi\u00e7bir zaman bunu ba\u015faramam\u0131\u015f deniz g\u00f6zl\u00fc \u00e7ocu\u011fu kurtarmak i\u00e7in kahraman olmaya kalkm\u0131\u015f ve \u00f6yle bir zindana d\u00fc\u015fm\u00fc\u015ft\u00fc ki; her yer kapkaranl\u0131kt\u0131.\u00c7\u00fcnk\u00fc o zindanda Kara vard\u0131.Kara, k\u00fc\u00e7\u00fck k\u0131z\u0131n elinden tuttu ve onu yerden kald\u0131rd\u0131. \u00c7\u00fcnk\u00fc Kara, masallar\u0131 t\u00fckenen k\u00fc\u00e7\u00fck k\u0131z\u0131n, bir g\u00fcn zora d\u00fc\u015ft\u00fc\u011f\u00fcnde kendisini kurtaraca\u011f\u0131na inand\u0131\u011f\u0131 kahraman\u0131yd\u0131.Ve Bora bilmiyordu ki, k\u00fc\u00e7\u00fck k\u0131z kahraman\u0131n\u0131 kendi bile fark etmeden ba\u011fr\u0131na basm\u0131\u015ft\u0131. Bu d\u00fcnyada, Kara\u2019y\u0131 seven tek ki\u015fi olma pahas\u0131na da olsa m\u00fccadele edecek ve ondan asla vazge\u00e7meyecekti.\u201d<\/p>\n","protected":false},"excerpt":{"rendered":"<p>\u201cGe\u00e7mi\u015fle gelecek aras\u0131nda zamans\u0131zla\u015f\u0131yorduk.\u201d\u201cAnne ve babas\u0131 \u00f6ld\u00fc\u011f\u00fcnde, masallar\u0131 t\u00fckenen k\u00fc\u00e7\u00fcc\u00fck bir k\u0131z \u00e7ocu\u011fu vard\u0131. Bergamot a\u011fa\u00e7lar\u0131n\u0131n alt\u0131nda, ailesiyle son mutlu olduklar\u0131 an\u2019da zaman\u0131 durdu farz etmi\u015fti<span class=\"excerpt-hellip\"> [\u2026]<\/span><\/p>\n","protected":false},"featured_media":0,"template":"","meta":{"_monsterinsights_skip_tracking":false,"_monsterinsights_sitenote_active":false,"_monsterinsights_sitenote_note":"","_monsterinsights_sitenote_category":0},"product_brand":[],"product_cat":[12291,12711],"product_tag":[],"class_list":{"0":"post-780627","1":"product","2":"type-product","3":"status-publish","5":"product_cat-edebiyat","6":"product_cat-roman-oyku","7":"pa_cilt-ciltsiz","8":"pa_tur-kitap","9":"pa_yayinevi-artemis-yayinlari","10":"pa_yazar-dilara-pamuk","12":"first","13":"instock","14":"sale","15":"shipping-taxable","16":"purchasable","17":"product-type-simple"},"_links":{"self":[{"href":"https:\/\/roveyayinevi.com.tr\/index.php\/wp-json\/wp\/v2\/product\/780627","targetHints":{"allow":["GET"]}}],"collection":[{"href":"https:\/\/roveyayinevi.com.tr\/index.php\/wp-json\/wp\/v2\/product"}],"about":[{"href":"https:\/\/roveyayinevi.com.tr\/index.php\/wp-json\/wp\/v2\/types\/product"}],"wp:attachment":[{"href":"https:\/\/roveyayinevi.com.tr\/index.php\/wp-json\/wp\/v2\/media?parent=780627"}],"wp:term":[{"taxonomy":"product_brand","embeddable":true,"href":"https:\/\/roveyayinevi.com.tr\/index.php\/wp-json\/wp\/v2\/product_brand?post=780627"},{"taxonomy":"product_cat","embeddable":true,"href":"https:\/\/roveyayinevi.com.tr\/index.php\/wp-json\/wp\/v2\/product_cat?post=780627"},{"taxonomy":"product_tag","embeddable":true,"href":"https:\/\/roveyayinevi.com.tr\/index.php\/wp-json\/wp\/v2\/product_tag?post=780627"}],"curies":[{"name":"wp","href":"https:\/\/api.w.org\/{rel}","templated":true}]}}