{"id":780619,"date":"2026-01-20T03:38:49","date_gmt":"2026-01-20T00:38:49","guid":{"rendered":"https:\/\/roveyayinevi.com.tr\/index.php\/urun\/kucuk-degisiklikler-buyuk-farkliliklar-kapsayici-okul-oncesi-siniflar-icin-ogretimsel-uyarlamalar\/"},"modified":"2026-04-16T03:04:49","modified_gmt":"2026-04-16T00:04:49","slug":"kucuk-degisiklikler-buyuk-farkliliklar-kapsayici-okul-oncesi-siniflar-icin-ogretimsel-uyarlamalar","status":"publish","type":"product","link":"https:\/\/roveyayinevi.com.tr\/index.php\/urun\/kucuk-degisiklikler-buyuk-farkliliklar-kapsayici-okul-oncesi-siniflar-icin-ogretimsel-uyarlamalar\/","title":{"rendered":"K\u00fc\u00e7\u00fck De\u011fi\u015fiklikler, B\u00fcy\u00fck Farkl\u0131l\u0131klar: Kapsay\u0131c\u0131 Okul \u00d6ncesi S\u0131n\u0131flar \u0130\u00e7in \u00d6\u011fretimsel Uyarlamalar"},"content":{"rendered":"<p>\u201cS\u0131n\u0131f\u0131m\u0131zdaki t\u00fcm \u00e7ocuklar\u0131n \u00f6\u011fretmeni olmak!&#8221; \u00c7e\u015fitli nedenlerle farkl\u0131 geli\u015fimsel ve \u00f6\u011frenme \u00f6zellikleri sergilemekte olan \u00e7ocuklar\u0131n \u00f6\u011fretmenleri, s\u0131n\u0131flar\u0131nda e\u011fitim ve \u00f6\u011fretim faaliyetlerini s\u00fcrd\u00fcr\u00fcrken s\u0131kl\u0131kla ya\u015famakta olduklar\u0131 zorluklar\u0131, ilgili konunun uzman\u0131 olmamalar\u0131na ba\u011flamaktad\u0131rlar. Bu kitap, bu gibi durumlarda asl\u0131nda konunun uzmanl\u0131k konusundan ziyade soruna farkl\u0131 bir yakla\u015f\u0131m ile bakman\u0131n ve \u00e7\u00f6z\u00fcm \u00f6nerisi getirmenin ne kadar kolay ve \u00f6nemli oldu\u011funu ortaya koymaktad\u0131r. Kitapta sunulan bilgiler; \u00f6\u011fretmenlerin, \u00f6\u011fretmen adaylar\u0131n\u0131n ve ilgili di\u011fer e\u011fitim payda\u015flar\u0131n\u0131n konu hakk\u0131ndaki bilgi ve g\u00f6r\u00fc\u015flerini desteklerken birlikte sunulan \u00f6rnekler de uygulanabilir ve onlardan \u00fcretilebilir \u00f6rnekler olarak kar\u015f\u0131m\u0131za \u00e7\u0131kmaktad\u0131r. &#8220;K\u00fc\u00e7\u00fck De\u011fi\u015fiklikler, B\u00fcy\u00fck Farkl\u0131l\u0131klar: Kapsay\u0131c\u0131 Okul \u00d6ncesi S\u0131n\u0131flar \u0130\u00e7in \u00d6\u011fretimsel Uyarlamalar&#8221; kitab\u0131, okul \u00f6ncesi d\u00f6nemde e\u011fitim almakta olan t\u00fcm \u00e7ocuklar\u0131n \u00f6\u011fretmeni olmak isteyen t\u00fcm \u00f6\u011fretmenlerin kitapl\u0131klar\u0131nda olmas\u0131 gereken bir kitap. Alana g\u00fczel katk\u0131lar getirmesi dile\u011fiyle, t\u00fcm yazarlara emekleri i\u00e7in \u015f\u00fckranlar\u0131m\u0131z\u0131 sunar\u0131z. Prof. Dr. Necdet Karasu Gazi \u00dcniversitesi Gazi E\u011fitim Fak\u00fcltesi \u00d6zel E\u011fitim B\u00f6l\u00fcm\u00fc<\/p>\n","protected":false},"excerpt":{"rendered":"<p>\u201cS\u0131n\u0131f\u0131m\u0131zdaki t\u00fcm \u00e7ocuklar\u0131n \u00f6\u011fretmeni olmak!&#8221; \u00c7e\u015fitli nedenlerle farkl\u0131 geli\u015fimsel ve \u00f6\u011frenme \u00f6zellikleri sergilemekte olan \u00e7ocuklar\u0131n \u00f6\u011fretmenleri, s\u0131n\u0131flar\u0131nda e\u011fitim ve \u00f6\u011fretim faaliyetlerini s\u00fcrd\u00fcr\u00fcrken s\u0131kl\u0131kla ya\u015famakta olduklar\u0131 zorluklar\u0131,<span class=\"excerpt-hellip\"> [\u2026]<\/span><\/p>\n","protected":false},"featured_media":0,"template":"","meta":{"_monsterinsights_skip_tracking":false,"_monsterinsights_sitenote_active":false,"_monsterinsights_sitenote_note":"","_monsterinsights_sitenote_category":0},"product_brand":[],"product_cat":[12573,12566],"product_tag":[],"class_list":{"0":"post-780619","1":"product","2":"type-product","3":"status-publish","5":"product_cat-akademik-kitaplar","6":"product_cat-egitim","7":"pa_cilt-ciltsiz","8":"pa_tur-kitap","9":"pa_yayinevi-nobel-akademik-yayincilik","10":"pa_yazar-kolektif","12":"first","13":"instock","14":"sale","15":"shipping-taxable","16":"purchasable","17":"product-type-simple"},"_links":{"self":[{"href":"https:\/\/roveyayinevi.com.tr\/index.php\/wp-json\/wp\/v2\/product\/780619","targetHints":{"allow":["GET"]}}],"collection":[{"href":"https:\/\/roveyayinevi.com.tr\/index.php\/wp-json\/wp\/v2\/product"}],"about":[{"href":"https:\/\/roveyayinevi.com.tr\/index.php\/wp-json\/wp\/v2\/types\/product"}],"wp:attachment":[{"href":"https:\/\/roveyayinevi.com.tr\/index.php\/wp-json\/wp\/v2\/media?parent=780619"}],"wp:term":[{"taxonomy":"product_brand","embeddable":true,"href":"https:\/\/roveyayinevi.com.tr\/index.php\/wp-json\/wp\/v2\/product_brand?post=780619"},{"taxonomy":"product_cat","embeddable":true,"href":"https:\/\/roveyayinevi.com.tr\/index.php\/wp-json\/wp\/v2\/product_cat?post=780619"},{"taxonomy":"product_tag","embeddable":true,"href":"https:\/\/roveyayinevi.com.tr\/index.php\/wp-json\/wp\/v2\/product_tag?post=780619"}],"curies":[{"name":"wp","href":"https:\/\/api.w.org\/{rel}","templated":true}]}}