{"id":780617,"date":"2026-01-20T03:38:39","date_gmt":"2026-01-20T00:38:39","guid":{"rendered":"https:\/\/roveyayinevi.com.tr\/index.php\/urun\/mit-ve-anlam-2\/"},"modified":"2026-04-14T03:10:11","modified_gmt":"2026-04-14T00:10:11","slug":"mit-ve-anlam-2","status":"publish","type":"product","link":"https:\/\/roveyayinevi.com.tr\/index.php\/urun\/mit-ve-anlam-2\/","title":{"rendered":"Mit ve Anlam"},"content":{"rendered":"<p>\u201cL\u00e9vi-Strauss\u2019un ismini ilk kez duyan biri onun temelde ne anlatt\u0131\u011f\u0131n\u0131 \u00e7abuk ve kolay bir \u015fekilde izah etmemi istese, Mit ve Anlam\u2019\u0131 se\u00e7ip y\u00fcksek sesle okurdum.\u201d  \u2014Profes\u00f6r Wendy Doniger   Genel okura seslenen bu kitapta, yirminci y\u00fczy\u0131l\u0131n \u00f6nde gelen d\u00fc\u015f\u00fcn\u00fcrlerinden Claude L\u00e9vi-Strauss, insan varolu\u015funa dair can al\u0131c\u0131 sorular \u00fczerine harcanm\u0131\u015f bir \u00f6mr\u00fcn kazan\u0131mlar\u0131n\u0131 payla\u015f\u0131yor. \u201cKaosun bir anlam\u0131 olabilir mi?\u201d \u2013 \u201cModern bilim mitlerden neler \u00f6\u011frenebilir?\u201d \u2013 \u201cYap\u0131salc\u0131l\u0131k nedir?\u201d gibi sorulara verdi\u011fi cevaplarda, L\u00e9vi-Strauss, a\u00e7\u0131k ve kesin bir dille, insan zihninin potansiyelleri hakk\u0131nda daha fazla \u015fey \u00f6\u011frenmek isteyen okurlara bir yol haritas\u0131 sunuyor.    \u201cBaz\u0131 d\u00fc\u015f\u00fcn\u00fcrler etkilidir, baz\u0131lar\u0131ysa bir ekol yarat\u0131r; fakat \u00e7ok az\u0131 bir \u00e7a\u011fa damgas\u0131n\u0131 vurur. Bug\u00fcn bir Aquinas veya Goethe \u00e7a\u011f\u0131ndan bahsetti\u011fimiz gibi, gelecek ku\u015faklar\u0131n da bizim d\u00f6nemimizden L\u00e9vi-Strauss \u00e7a\u011f\u0131 diye s\u00f6z etmeleri m\u00fcmk\u00fcnd\u00fcr. O, modern zihne kimli\u011fini arma\u011fan edenlerden biridir.\u201d  \u2014Profes\u00f6r James Redfield<\/p>\n","protected":false},"excerpt":{"rendered":"<p>\u201cL\u00e9vi-Strauss\u2019un ismini ilk kez duyan biri onun temelde ne anlatt\u0131\u011f\u0131n\u0131 \u00e7abuk ve kolay bir \u015fekilde izah etmemi istese, Mit ve Anlam\u2019\u0131 se\u00e7ip y\u00fcksek sesle okurdum.\u201d \u2014Profes\u00f6r<span class=\"excerpt-hellip\"> [\u2026]<\/span><\/p>\n","protected":false},"featured_media":0,"template":"","meta":{"_monsterinsights_skip_tracking":false,"_monsterinsights_sitenote_active":false,"_monsterinsights_sitenote_note":"","_monsterinsights_sitenote_category":0},"product_brand":[],"product_cat":[15499,13488],"product_tag":[],"class_list":{"0":"post-780617","1":"product","2":"type-product","3":"status-publish","5":"product_cat-antropoloji","6":"product_cat-toplum-ve-insan","7":"pa_cilt-ciltsiz","8":"pa_tur-kitap","9":"pa_yayinevi-minotor-kitap","10":"pa_yazar-claude-levi-strauss","12":"first","13":"instock","14":"sale","15":"shipping-taxable","16":"purchasable","17":"product-type-simple"},"_links":{"self":[{"href":"https:\/\/roveyayinevi.com.tr\/index.php\/wp-json\/wp\/v2\/product\/780617","targetHints":{"allow":["GET"]}}],"collection":[{"href":"https:\/\/roveyayinevi.com.tr\/index.php\/wp-json\/wp\/v2\/product"}],"about":[{"href":"https:\/\/roveyayinevi.com.tr\/index.php\/wp-json\/wp\/v2\/types\/product"}],"wp:attachment":[{"href":"https:\/\/roveyayinevi.com.tr\/index.php\/wp-json\/wp\/v2\/media?parent=780617"}],"wp:term":[{"taxonomy":"product_brand","embeddable":true,"href":"https:\/\/roveyayinevi.com.tr\/index.php\/wp-json\/wp\/v2\/product_brand?post=780617"},{"taxonomy":"product_cat","embeddable":true,"href":"https:\/\/roveyayinevi.com.tr\/index.php\/wp-json\/wp\/v2\/product_cat?post=780617"},{"taxonomy":"product_tag","embeddable":true,"href":"https:\/\/roveyayinevi.com.tr\/index.php\/wp-json\/wp\/v2\/product_tag?post=780617"}],"curies":[{"name":"wp","href":"https:\/\/api.w.org\/{rel}","templated":true}]}}