{"id":780614,"date":"2026-01-20T03:36:54","date_gmt":"2026-01-20T00:36:54","guid":{"rendered":"https:\/\/roveyayinevi.com.tr\/index.php\/urun\/insan-anatomisi-ve-kineziyoloji\/"},"modified":"2026-04-16T03:03:39","modified_gmt":"2026-04-16T00:03:39","slug":"insan-anatomisi-ve-kineziyoloji","status":"publish","type":"product","link":"https:\/\/roveyayinevi.com.tr\/index.php\/urun\/insan-anatomisi-ve-kineziyoloji\/","title":{"rendered":"\u0130nsan Anatomisi ve Kineziyoloji"},"content":{"rendered":"<p>Bu kitap, spor bilimleri fak\u00fcltelerinde okuyan \u00f6\u011frencilere, antren\u00f6rlere, beden e\u011fitimi ve spor \u00f6\u011fretmenlerine ve sporculara; a\u011f\u0131rl\u0131kl\u0131 olarak hareket sistemi olmak \u00fczere di\u011fer sistemlerin yap\u0131lar\u0131 hakk\u0131nda da bilgi vermek amac\u0131yla haz\u0131rlanm\u0131\u015ft\u0131r. \u00c7\u00fcnk\u00fc antrenman bilgisinin sa\u011flam temellere oturmas\u0131 insan fizyolojisinin ve egzersiz fizyolojisinin anla\u015f\u0131lmas\u0131n\u0131, insan fizyolojisinin anla\u015f\u0131lmas\u0131 ise insan anatomisini bilmemizi gerektirir. \u0130ki b\u00f6l\u00fcmden olu\u015fan kitab\u0131n ilk b\u00f6l\u00fcm\u00fcnde, en k\u00fc\u00e7\u00fck canl\u0131 yap\u0131 ta\u015f\u0131 olan h\u00fccreden ba\u015flayarak organizmay\u0131 olu\u015fturan b\u00fct\u00fcn sistemler k\u0131sa ve \u00f6z olarak anlat\u0131lm\u0131\u015ft\u0131r. \u0130kinci b\u00f6l\u00fcmde ise hareket sistemini meydana getiren yap\u0131lar, d\u00fczlemlerde meydana gelen hareketler, \u00fcst ekstremiteden ba\u015flayarak omuz, dirsek, el bile\u011fi, kal\u00e7a, diz, ayak bile\u011fi eklemleri ve g\u00f6vdeyi meydana getiren kemikler, eklem tipi, hareketin meydana geldi\u011fi d\u00fczlem, hareketi meydana getiren kaslar ve egzersiz \u00f6rnekleri birlikte verilmi\u015ftir. Bu kitab\u0131n, spor bilimlerine d\u00e2hil olan t\u00fcm bireylere bir yarar sa\u011flamas\u0131 dile\u011fiyle\u2026<\/p>\n","protected":false},"excerpt":{"rendered":"<p>Bu kitap, spor bilimleri fak\u00fcltelerinde okuyan \u00f6\u011frencilere, antren\u00f6rlere, beden e\u011fitimi ve spor \u00f6\u011fretmenlerine ve sporculara; a\u011f\u0131rl\u0131kl\u0131 olarak hareket sistemi olmak \u00fczere di\u011fer sistemlerin yap\u0131lar\u0131 hakk\u0131nda da<span class=\"excerpt-hellip\"> [\u2026]<\/span><\/p>\n","protected":false},"featured_media":0,"template":"","meta":{"_monsterinsights_skip_tracking":false,"_monsterinsights_sitenote_active":false,"_monsterinsights_sitenote_note":"","_monsterinsights_sitenote_category":0},"product_brand":[],"product_cat":[12573,12566],"product_tag":[],"class_list":{"0":"post-780614","1":"product","2":"type-product","3":"status-publish","5":"product_cat-akademik-kitaplar","6":"product_cat-egitim","7":"pa_cilt-ciltsiz","8":"pa_tur-kitap","9":"pa_yayinevi-nobel-akademik-yayincilik","10":"pa_yazar-yildiz-yaprak","12":"first","13":"instock","14":"sale","15":"shipping-taxable","16":"purchasable","17":"product-type-simple"},"_links":{"self":[{"href":"https:\/\/roveyayinevi.com.tr\/index.php\/wp-json\/wp\/v2\/product\/780614","targetHints":{"allow":["GET"]}}],"collection":[{"href":"https:\/\/roveyayinevi.com.tr\/index.php\/wp-json\/wp\/v2\/product"}],"about":[{"href":"https:\/\/roveyayinevi.com.tr\/index.php\/wp-json\/wp\/v2\/types\/product"}],"wp:attachment":[{"href":"https:\/\/roveyayinevi.com.tr\/index.php\/wp-json\/wp\/v2\/media?parent=780614"}],"wp:term":[{"taxonomy":"product_brand","embeddable":true,"href":"https:\/\/roveyayinevi.com.tr\/index.php\/wp-json\/wp\/v2\/product_brand?post=780614"},{"taxonomy":"product_cat","embeddable":true,"href":"https:\/\/roveyayinevi.com.tr\/index.php\/wp-json\/wp\/v2\/product_cat?post=780614"},{"taxonomy":"product_tag","embeddable":true,"href":"https:\/\/roveyayinevi.com.tr\/index.php\/wp-json\/wp\/v2\/product_tag?post=780614"}],"curies":[{"name":"wp","href":"https:\/\/api.w.org\/{rel}","templated":true}]}}