{"id":780611,"date":"2026-01-20T03:35:45","date_gmt":"2026-01-20T00:35:45","guid":{"rendered":"https:\/\/roveyayinevi.com.tr\/index.php\/urun\/dershaneciler-alemi\/"},"modified":"2026-04-16T03:03:06","modified_gmt":"2026-04-16T00:03:06","slug":"dershaneciler-alemi","status":"publish","type":"product","link":"https:\/\/roveyayinevi.com.tr\/index.php\/urun\/dershaneciler-alemi\/","title":{"rendered":"Dershaneciler Alemi"},"content":{"rendered":"<p>Uzun y\u0131llar bu sekt\u00f6rde bir \u00f6\u011fretmen olarak g\u00f6rev yapm\u0131\u015f olan Selim Beleno\u011flu; dershanecili\u011fin T\u00fcrkiye\u2019deki hik\u00e2yesini, kendi ya\u015fad\u0131klar\u0131, tan\u0131kl\u0131klar\u0131 \u00fczerinden, kimi zaman esprili kimi zaman trajikomik ama hep aya\u011f\u0131n\u0131 ger\u00e7e\u011fin ta\u015flar\u0131na basarak, \u00e7arp\u0131c\u0131 bir \u00fcslupla kaleme al\u0131yor.   Kitab\u0131 okurken, hem paral\u0131 h\u00e2le gelen e\u011fitimin \u00f6z\u00fcnden ne denli uzakla\u015f\u0131p, nerelere evrilebildi\u011fine hem de iyisi-k\u00f6t\u00fcs\u00fcyle birbirinden ilgin\u00e7 insan hik\u00e2yelerine tan\u0131k olacaks\u0131n\u0131z.   \u201cAnayasadaki tan\u0131m\u0131yla sosyal devletin; paras\u0131z, bilimsel, laik, kaliteli bir e\u011fitim verme gibi y\u00fck\u00fcml\u00fcl\u00fc\u011f\u00fc var. \u00c7\u00f6z\u00fcm; tart\u0131\u015fmas\u0131z, kay\u0131ts\u0131z ko\u015fulsuz burada. \u00c7a\u011f\u0131n gereklerine g\u00f6re okullar, e\u011fitim kurumlar\u0131 ya\u015fama ge\u00e7meli. Tarikat ve cemaatler, e\u011fitim kurumlar\u0131ndan tasfiye edilmeli. Devletin ciddi bir \u00f6\u011fretmen yeti\u015ftirme program\u0131 olmal\u0131. Atat\u00fcrk ve Cumhuriyet de\u011ferlerini temel alan bir e\u011fitim felsefesi geli\u015ftirilmeli&#8230;\u201d <\/p>\n","protected":false},"excerpt":{"rendered":"<p>Uzun y\u0131llar bu sekt\u00f6rde bir \u00f6\u011fretmen olarak g\u00f6rev yapm\u0131\u015f olan Selim Beleno\u011flu; dershanecili\u011fin T\u00fcrkiye\u2019deki hik\u00e2yesini, kendi ya\u015fad\u0131klar\u0131, tan\u0131kl\u0131klar\u0131 \u00fczerinden, kimi zaman esprili kimi zaman trajikomik ama<span class=\"excerpt-hellip\"> [\u2026]<\/span><\/p>\n","protected":false},"featured_media":0,"template":"","meta":{"_monsterinsights_skip_tracking":false,"_monsterinsights_sitenote_active":false,"_monsterinsights_sitenote_note":"","_monsterinsights_sitenote_category":0},"product_brand":[],"product_cat":[12291,18202],"product_tag":[],"class_list":{"0":"post-780611","1":"product","2":"type-product","3":"status-publish","5":"product_cat-edebiyat","6":"product_cat-hikaye","7":"pa_cilt-ciltsiz","8":"pa_tur-kitap","9":"pa_yayinevi-telgrafhane-yayinlari","10":"pa_yazar-selim-belenoglu","12":"first","13":"instock","14":"sale","15":"shipping-taxable","16":"purchasable","17":"product-type-simple"},"_links":{"self":[{"href":"https:\/\/roveyayinevi.com.tr\/index.php\/wp-json\/wp\/v2\/product\/780611","targetHints":{"allow":["GET"]}}],"collection":[{"href":"https:\/\/roveyayinevi.com.tr\/index.php\/wp-json\/wp\/v2\/product"}],"about":[{"href":"https:\/\/roveyayinevi.com.tr\/index.php\/wp-json\/wp\/v2\/types\/product"}],"wp:attachment":[{"href":"https:\/\/roveyayinevi.com.tr\/index.php\/wp-json\/wp\/v2\/media?parent=780611"}],"wp:term":[{"taxonomy":"product_brand","embeddable":true,"href":"https:\/\/roveyayinevi.com.tr\/index.php\/wp-json\/wp\/v2\/product_brand?post=780611"},{"taxonomy":"product_cat","embeddable":true,"href":"https:\/\/roveyayinevi.com.tr\/index.php\/wp-json\/wp\/v2\/product_cat?post=780611"},{"taxonomy":"product_tag","embeddable":true,"href":"https:\/\/roveyayinevi.com.tr\/index.php\/wp-json\/wp\/v2\/product_tag?post=780611"}],"curies":[{"name":"wp","href":"https:\/\/api.w.org\/{rel}","templated":true}]}}