{"id":780607,"date":"2026-01-20T03:28:11","date_gmt":"2026-01-20T00:28:11","guid":{"rendered":"https:\/\/roveyayinevi.com.tr\/index.php\/urun\/isgal-gunlerinde-tarsusta-kamuoyu\/"},"modified":"2026-04-16T02:56:41","modified_gmt":"2026-04-15T23:56:41","slug":"isgal-gunlerinde-tarsusta-kamuoyu","status":"publish","type":"product","link":"https:\/\/roveyayinevi.com.tr\/index.php\/urun\/isgal-gunlerinde-tarsusta-kamuoyu\/","title":{"rendered":"\u0130\u015fgal G\u00fcnlerinde Tarsus&#8217;ta Kamuoyu"},"content":{"rendered":"<p>Anadolu\u2019nunen eski yerle\u015fim yerlerinden biri olan Tarsus,tarihsel s\u00fcre\u00e7te \u00f6nemini her zaman korumu\u015f bir kenttir.Stratejik a\u00e7\u0131dan sa\u011flad\u0131\u011f\u0131 avantajlar nedeniyle tar\u0131m,ticaret ve sanayide \u00f6nemli ilerlemeler kaydetmi\u015ftir. Pek \u00e7ok ilklere ev sahibi yapan Tarsus 1.D\u00fcnya Sava\u015f\u0131\u2019ndan sonra ya\u015fanan i\u015fgale kar\u015f\u0131 da m\u00fccadelenin ba\u015flad\u0131\u011f\u0131 \u00f6nc\u00fc kentlerden biridir.Bu s\u00fcre\u00e7te d\u00f6rd\u00fcnc\u00fc g\u00fc\u00e7 olarak tan\u0131mlanan bas\u0131n i\u015fgalc\u0131 g\u00fc\u00e7lerin hayat\u0131 zorla\u015ft\u0131rd\u011f\u0131 g\u00fcnlerde,Tarsus gazetesi ad\u0131yla siyasi,askeri,sa\u011fl\u0131k ve e\u011fitim gibi g\u00fcndelik hayata ili\u015fkin konularda ele\u015ftirel bak\u0131\u015f a\u00e7\u0131s\u0131yla toplumu ayd\u0131nlatma g\u00f6revini yerine getirmeye \u00e7al\u0131\u015fm\u0131\u015ft\u0131r. <\/p>\n","protected":false},"excerpt":{"rendered":"<p>Anadolu\u2019nunen eski yerle\u015fim yerlerinden biri olan Tarsus,tarihsel s\u00fcre\u00e7te \u00f6nemini her zaman korumu\u015f bir kenttir.Stratejik a\u00e7\u0131dan sa\u011flad\u0131\u011f\u0131 avantajlar nedeniyle tar\u0131m,ticaret ve sanayide \u00f6nemli ilerlemeler kaydetmi\u015ftir. Pek \u00e7ok<span class=\"excerpt-hellip\"> [\u2026]<\/span><\/p>\n","protected":false},"featured_media":0,"template":"","meta":{"_monsterinsights_skip_tracking":false,"_monsterinsights_sitenote_active":false,"_monsterinsights_sitenote_note":"","_monsterinsights_sitenote_category":0},"product_brand":[],"product_cat":[52477,52478],"product_tag":[],"class_list":{"0":"post-780607","1":"product","2":"type-product","3":"status-publish","5":"product_cat-arastirma","6":"product_cat-arkeoloji","7":"pa_cilt-ciltsiz","8":"pa_tur-kitap","9":"pa_yayinevi-bilgin-kultur-sanat","10":"pa_yazar-aycin-ecem-dogruozoglu","12":"first","13":"instock","14":"sale","15":"shipping-taxable","16":"purchasable","17":"product-type-simple"},"_links":{"self":[{"href":"https:\/\/roveyayinevi.com.tr\/index.php\/wp-json\/wp\/v2\/product\/780607","targetHints":{"allow":["GET"]}}],"collection":[{"href":"https:\/\/roveyayinevi.com.tr\/index.php\/wp-json\/wp\/v2\/product"}],"about":[{"href":"https:\/\/roveyayinevi.com.tr\/index.php\/wp-json\/wp\/v2\/types\/product"}],"wp:attachment":[{"href":"https:\/\/roveyayinevi.com.tr\/index.php\/wp-json\/wp\/v2\/media?parent=780607"}],"wp:term":[{"taxonomy":"product_brand","embeddable":true,"href":"https:\/\/roveyayinevi.com.tr\/index.php\/wp-json\/wp\/v2\/product_brand?post=780607"},{"taxonomy":"product_cat","embeddable":true,"href":"https:\/\/roveyayinevi.com.tr\/index.php\/wp-json\/wp\/v2\/product_cat?post=780607"},{"taxonomy":"product_tag","embeddable":true,"href":"https:\/\/roveyayinevi.com.tr\/index.php\/wp-json\/wp\/v2\/product_tag?post=780607"}],"curies":[{"name":"wp","href":"https:\/\/api.w.org\/{rel}","templated":true}]}}