{"id":780606,"date":"2026-01-20T03:28:07","date_gmt":"2026-01-20T00:28:07","guid":{"rendered":"https:\/\/roveyayinevi.com.tr\/index.php\/urun\/stepford-kadinlari\/"},"modified":"2026-04-16T02:56:39","modified_gmt":"2026-04-15T23:56:39","slug":"stepford-kadinlari","status":"publish","type":"product","link":"https:\/\/roveyayinevi.com.tr\/index.php\/urun\/stepford-kadinlari\/","title":{"rendered":"Stepford Kad\u0131nlar\u0131"},"content":{"rendered":"<p>\u201cLevin, gerilim romanlar\u0131n\u0131n ger\u00e7ek bir \u00fcstad\u0131.\u201d \u2013Stephen King\u201cUstaca ve Stepford\u2019\u0131n kad\u0131nlar\u0131 kadar kusursuz.\u201d \u2013Esquire\u201cH\u0130\u00c7 BO\u015e DURMAZ STEPFORDLI KADINLAR. \u00d6M\u00dcR BOYU ROBOT G\u0130B\u0130 \u00c7ALI\u015eIRLAR.\u201dIra Levin, Stepford Kad\u0131nlar\u0131 ve Rosemary\u2019nin Bebe\u011fi gibi eserleriyle pop\u00fcler k\u00fclt\u00fcr\u00fcn haletiruhiyesini \u015fekillendiren, eserlerinde gizem, korku, bilimkurgu gibi pek \u00e7ok t\u00fcr\u00fcn unsurlar\u0131n\u0131 birle\u015ftiren bir yazar. Stepford Kad\u0131nlar\u0131 da normal denilenin gizledi\u011fi \u00fcrk\u00fct\u00fcc\u00fcl\u00fc\u011f\u00fc ve kusursuz kad\u0131nlar\u0131yla paranoyaya uzanan bir feminist gerilim roman\u0131.Connecticut\u2019taki Stepford kasabas\u0131 t\u00fcm varl\u0131kl\u0131 insanlar\u0131n, ba\u015far\u0131l\u0131 ve memnun kocalar\u0131n, g\u00fczel ve sayg\u0131l\u0131 e\u015flerin ya\u015fad\u0131\u011f\u0131 pastoral bir cennet k\u00f6\u015fesidir. Joanna Eberhart da bu kasabaya kocas\u0131 ve iki \u00e7ocu\u011fuyla birlikte yeni ta\u015f\u0131nm\u0131\u015ft\u0131r.Ba\u015fta her \u015fey yolundad\u0131r. Stepford kusursuz bir kasabad\u0131r. Her \u015fey ger\u00e7ek olamayacak kadar iyidir. Ancak Joanna\u2019n\u0131n can\u0131n\u0131 s\u0131kan baz\u0131 \u015feyler vard\u0131r. Her \u015fey fazla kusursuz, herkes fazla mutlu, kad\u0131nlar fazla itaatk\u00e2rd\u0131r. Stepford\u2019\u0131n karanl\u0131k kalbinin Erkekler Kul\u00fcb\u00fc\u2019nde att\u0131\u011f\u0131ndan \u015f\u00fcphelenmeye ba\u015flayan Joanna i\u00e7inse hi\u00e7bir \u015fey eskisi gibi olmayacakt\u0131r.Stepford\u2019\u0131n kusursuzlu\u011funun alt\u0131nda yatan ger\u00e7ekler a\u00e7\u0131\u011fa \u00e7\u0131kacak m\u0131d\u0131r? Peki ya Joanna, Stepford taraf\u0131ndan yutulmaktan kendini kurtarabilecek midir?Stepford Kad\u0131nlar\u0131, erkek egemen toplumun kayan maskesi.Peter Straub\u2019un sons\u00f6z\u00fcyle<\/p>\n","protected":false},"excerpt":{"rendered":"<p>\u201cLevin, gerilim romanlar\u0131n\u0131n ger\u00e7ek bir \u00fcstad\u0131.\u201d \u2013Stephen King\u201cUstaca ve Stepford\u2019\u0131n kad\u0131nlar\u0131 kadar kusursuz.\u201d \u2013Esquire\u201cH\u0130\u00c7 BO\u015e DURMAZ STEPFORDLI KADINLAR. \u00d6M\u00dcR BOYU ROBOT G\u0130B\u0130 \u00c7ALI\u015eIRLAR.\u201dIra Levin, Stepford Kad\u0131nlar\u0131<span class=\"excerpt-hellip\"> [\u2026]<\/span><\/p>\n","protected":false},"featured_media":0,"template":"","meta":{"_monsterinsights_skip_tracking":false,"_monsterinsights_sitenote_active":false,"_monsterinsights_sitenote_note":"","_monsterinsights_sitenote_category":0},"product_brand":[],"product_cat":[12540,12291],"product_tag":[],"class_list":{"0":"post-780606","1":"product","2":"type-product","3":"status-publish","5":"product_cat-bilim-kurgu","6":"product_cat-edebiyat","7":"pa_cilt-ciltsiz","8":"pa_tur-kitap","9":"pa_yayinevi-ithaki-yayinlari","10":"pa_yazar-ira-levin","12":"first","13":"instock","14":"sale","15":"shipping-taxable","16":"purchasable","17":"product-type-simple"},"_links":{"self":[{"href":"https:\/\/roveyayinevi.com.tr\/index.php\/wp-json\/wp\/v2\/product\/780606","targetHints":{"allow":["GET"]}}],"collection":[{"href":"https:\/\/roveyayinevi.com.tr\/index.php\/wp-json\/wp\/v2\/product"}],"about":[{"href":"https:\/\/roveyayinevi.com.tr\/index.php\/wp-json\/wp\/v2\/types\/product"}],"wp:attachment":[{"href":"https:\/\/roveyayinevi.com.tr\/index.php\/wp-json\/wp\/v2\/media?parent=780606"}],"wp:term":[{"taxonomy":"product_brand","embeddable":true,"href":"https:\/\/roveyayinevi.com.tr\/index.php\/wp-json\/wp\/v2\/product_brand?post=780606"},{"taxonomy":"product_cat","embeddable":true,"href":"https:\/\/roveyayinevi.com.tr\/index.php\/wp-json\/wp\/v2\/product_cat?post=780606"},{"taxonomy":"product_tag","embeddable":true,"href":"https:\/\/roveyayinevi.com.tr\/index.php\/wp-json\/wp\/v2\/product_tag?post=780606"}],"curies":[{"name":"wp","href":"https:\/\/api.w.org\/{rel}","templated":true}]}}