{"id":780605,"date":"2026-01-20T03:27:36","date_gmt":"2026-01-20T00:27:36","guid":{"rendered":"https:\/\/roveyayinevi.com.tr\/index.php\/urun\/ilkokul-programlarina-yonelik-web-2-0-araclariyla-desteklenmis-etkinlik-ornekleri\/"},"modified":"2026-04-16T02:55:50","modified_gmt":"2026-04-15T23:55:50","slug":"ilkokul-programlarina-yonelik-web-2-0-araclariyla-desteklenmis-etkinlik-ornekleri","status":"publish","type":"product","link":"https:\/\/roveyayinevi.com.tr\/index.php\/urun\/ilkokul-programlarina-yonelik-web-2-0-araclariyla-desteklenmis-etkinlik-ornekleri\/","title":{"rendered":"\u0130lkokul Programlar\u0131na Y\u00f6nelik Web 2.0 Ara\u00e7lar\u0131yla Desteklenmi\u015f Etkinlik \u00d6rnekleri"},"content":{"rendered":"<p>\u00d6\u011fretmen ve \u00f6\u011frenci profilinin h\u0131zla de\u011fi\u015fti\u011fi ger\u00e7e\u011fi, e\u011fitim sistemlerimizi do\u011frudan etkilemektedir. 21. y\u00fczy\u0131l becerilerine sahip \u00f6\u011frenciler, geli\u015fen teknolojiye uyum sa\u011flayabilen \u00f6\u011fretmenler g\u00fcn\u00fcm\u00fcz e\u011fitim sistemleri i\u00e7erisinde daha aktif ve anlaml\u0131 \u00f6\u011frenme \u00e7evreleri olu\u015fturmaktad\u0131r. Bu kitapta, teknolojiyi e\u011fitime entegre etmeyi hedefleyen etkinlik \u00f6rnekleri ile \u00f6\u011fretmen ve \u00f6\u011frencilerimize kazan\u0131mlara uygun Web 2.0 uygulamalar\u0131 haz\u0131rlamay\u0131 hedefledik.Alan\u0131nda uzman ve deneyimli bir kadro ile uzun \u00e7al\u0131\u015fmalar sonucunda haz\u0131rlanan kitab\u0131m\u0131zda; 2018 y\u0131l\u0131nda g\u00fcncellenen ilkokul dersleri programlar\u0131na y\u00f6nelik uygulama \u00f6rneklerinden olu\u015fan etkinlikler, kazan\u0131mlara uygun Web 2.0 ara\u00e7lar\u0131yla desteklenerek yer almaktad\u0131r. \u00d6zellikle s\u0131n\u0131f \u00f6\u011fretmenli\u011fi b\u00f6l\u00fcm\u00fcnde okuyan \u00f6\u011frencilerin ve s\u0131n\u0131f \u00f6\u011fretmenlerinin derslerinde Web 2.0 ara\u00e7lar\u0131ndan nas\u0131l yararlanabileceklerini farkl\u0131 dersler (Hayat Bilgisi, Sosyal Bilgiler, Fen Bilimleri, T\u00fcrk\u00e7e, Matematik, Kayna\u015ft\u0131rma, \u0130ngilizce, Drama, G\u00f6rsel Sanatlar, Beden E\u011fitimi ve Oyun) kapsam\u0131nda de\u011ferlendirdik. Etkinliklerde kullan\u0131lan Web 2.0 ara\u00e7lar\u0131 hakk\u0131nda k\u0131sa bilgilendirme yap\u0131lm\u0131\u015f ve derste nas\u0131l kullan\u0131labilece\u011fi a\u00e7\u0131klamalar ve g\u00f6rsellerle desteklenerek anlat\u0131lm\u0131\u015ft\u0131r. Bu ba\u011flamda kitapta, okuyucular\u0131n yararlanabilmesi amac\u0131yla 87 farkl\u0131 Web 2.0 arac\u0131, bu Web 2.0 ara\u00e7lar\u0131yla desteklenmi\u015f 96 etkinlik ve \u00f6\u011fretmenlere rehber olabilmesi amac\u0131yla Web 2.0 ara\u00e7lar\u0131 kullan\u0131larak yap\u0131lm\u0131\u015f 9 eTwinning projesi yer almaktad\u0131r. Kitaptaki t\u00fcm etkinlikler, eri\u015fim kolayl\u0131\u011f\u0131 sa\u011flamak ad\u0131na QR kod ile desteklenmi\u015ftir.Keyifli okumalar, verimli uygulamalar dileriz.<\/p>\n","protected":false},"excerpt":{"rendered":"<p>\u00d6\u011fretmen ve \u00f6\u011frenci profilinin h\u0131zla de\u011fi\u015fti\u011fi ger\u00e7e\u011fi, e\u011fitim sistemlerimizi do\u011frudan etkilemektedir. 21. y\u00fczy\u0131l becerilerine sahip \u00f6\u011frenciler, geli\u015fen teknolojiye uyum sa\u011flayabilen \u00f6\u011fretmenler g\u00fcn\u00fcm\u00fcz e\u011fitim sistemleri i\u00e7erisinde daha<span class=\"excerpt-hellip\"> [\u2026]<\/span><\/p>\n","protected":false},"featured_media":0,"template":"","meta":{"_monsterinsights_skip_tracking":false,"_monsterinsights_sitenote_active":false,"_monsterinsights_sitenote_note":"","_monsterinsights_sitenote_category":0},"product_brand":[],"product_cat":[12573,12566],"product_tag":[],"class_list":{"0":"post-780605","1":"product","2":"type-product","3":"status-publish","5":"product_cat-akademik-kitaplar","6":"product_cat-egitim","7":"pa_cilt-ciltsiz","8":"pa_tur-kitap","9":"pa_yayinevi-nobel-akademik-yayincilik","10":"pa_yazar-kollektif","12":"first","13":"instock","14":"sale","15":"shipping-taxable","16":"purchasable","17":"product-type-simple"},"_links":{"self":[{"href":"https:\/\/roveyayinevi.com.tr\/index.php\/wp-json\/wp\/v2\/product\/780605","targetHints":{"allow":["GET"]}}],"collection":[{"href":"https:\/\/roveyayinevi.com.tr\/index.php\/wp-json\/wp\/v2\/product"}],"about":[{"href":"https:\/\/roveyayinevi.com.tr\/index.php\/wp-json\/wp\/v2\/types\/product"}],"wp:attachment":[{"href":"https:\/\/roveyayinevi.com.tr\/index.php\/wp-json\/wp\/v2\/media?parent=780605"}],"wp:term":[{"taxonomy":"product_brand","embeddable":true,"href":"https:\/\/roveyayinevi.com.tr\/index.php\/wp-json\/wp\/v2\/product_brand?post=780605"},{"taxonomy":"product_cat","embeddable":true,"href":"https:\/\/roveyayinevi.com.tr\/index.php\/wp-json\/wp\/v2\/product_cat?post=780605"},{"taxonomy":"product_tag","embeddable":true,"href":"https:\/\/roveyayinevi.com.tr\/index.php\/wp-json\/wp\/v2\/product_tag?post=780605"}],"curies":[{"name":"wp","href":"https:\/\/api.w.org\/{rel}","templated":true}]}}