{"id":780603,"date":"2026-01-20T03:27:26","date_gmt":"2026-01-20T00:27:26","guid":{"rendered":"https:\/\/roveyayinevi.com.tr\/index.php\/urun\/teori-ve-pratikte-uluslararasi-guvenlik\/"},"modified":"2026-04-16T02:55:44","modified_gmt":"2026-04-15T23:55:44","slug":"teori-ve-pratikte-uluslararasi-guvenlik","status":"publish","type":"product","link":"https:\/\/roveyayinevi.com.tr\/index.php\/urun\/teori-ve-pratikte-uluslararasi-guvenlik\/","title":{"rendered":"Teori ve Pratikte Uluslararas\u0131 G\u00fcvenlik"},"content":{"rendered":"<p>G\u00fcvenlik sorunlar\u0131 uluslararas\u0131 politikada y\u00fcksek \u00f6nceli\u011fe sahip oldu\u011fu gibi g\u00fcvenlik \u00e7al\u0131\u015fmalar\u0131 da Uluslararas\u0131 \u0130li\u015fkiler disiplininde yer alan temel \u00e7al\u0131\u015fma alanlar\u0131ndan biridir.   Bu kapsamda kitap, lisans ve lisans\u00fcst\u00fc \u00f6\u011frencileri ile uluslararas\u0131 g\u00fcvenlik konusuna ilgi duyan ara\u015ft\u0131rmac\u0131lar\u0131n ihtiya\u00e7lar\u0131 g\u00f6zetilerek haz\u0131rlanm\u0131\u015ft\u0131r. Kitab\u0131n amac\u0131 geni\u015f bir alana yay\u0131lan g\u00fcvenlik konusu hakk\u0131nda okuyucuya temel bilgileri kazand\u0131rmak ve g\u00fcvenlik \u00e7al\u0131\u015fmalar\u0131n\u0131n boyutlar\u0131 hakk\u0131nda bilgi vermektir.   Kitapta g\u00fcvenlik konusu etimolojiden, epistemolojiye; teoriden prati\u011fe kadar geni\u015f bir alanda ele al\u0131nm\u0131\u015f, klasik yakla\u015f\u0131mlar\u0131n yan\u0131n s\u0131ra ele\u015ftirel \u00e7al\u0131\u015fmalara da yer verilerek g\u00fcvenli\u011fin sadece sonu\u00e7lar \u00fczerinden de\u011fil kurucu ve in\u015fac\u0131 unsurlar \u00fczerinden de irdelenmesi gereklili\u011fine dikkat \u00e7ekilmi\u015ftir.   Be\u015finci bask\u0131s\u0131n\u0131 yapt\u0131\u011f\u0131m\u0131z bu kitaba Post Modern G\u00fcvenlik, Uluslararas\u0131 Alanda G\u00fcvensizli\u011fin Kaynaklar\u0131 ve Uluslararas\u0131 G\u00fcvenlik Sorunlar\u0131n\u0131n \u00c7\u00f6z\u00fcm Y\u00f6ntemleri gibi \u00f6nemli b\u00f6l\u00fcmler de eklenmi\u015ftir. B\u00f6ylelikle g\u00fcvenlik konusunda yaz\u0131lan ve s\u00f6ylenen her \u015feyin \u00f6zl\u00fc bir bi\u00e7imde i\u00e7inde yer ald\u0131\u011f\u0131 referans bir eserin okuyucuya kazand\u0131r\u0131lmas\u0131 ama\u00e7lanm\u0131\u015ft\u0131r. <\/p>\n","protected":false},"excerpt":{"rendered":"<p>G\u00fcvenlik sorunlar\u0131 uluslararas\u0131 politikada y\u00fcksek \u00f6nceli\u011fe sahip oldu\u011fu gibi g\u00fcvenlik \u00e7al\u0131\u015fmalar\u0131 da Uluslararas\u0131 \u0130li\u015fkiler disiplininde yer alan temel \u00e7al\u0131\u015fma alanlar\u0131ndan biridir. Bu kapsamda kitap, lisans ve<span class=\"excerpt-hellip\"> [\u2026]<\/span><\/p>\n","protected":false},"featured_media":0,"template":"","meta":{"_monsterinsights_skip_tracking":false,"_monsterinsights_sitenote_active":false,"_monsterinsights_sitenote_note":"","_monsterinsights_sitenote_category":0},"product_brand":[],"product_cat":[12337,17225],"product_tag":[],"class_list":{"0":"post-780603","1":"product","2":"type-product","3":"status-publish","5":"product_cat-politika-siyaset","6":"product_cat-uluslararasi-iliskiler","7":"pa_cilt-ciltsiz","8":"pa_tur-kitap","9":"pa_yayinevi-fidan-yayinevi","10":"pa_yazar-fikret-birdisli","12":"first","13":"instock","14":"sale","15":"shipping-taxable","16":"purchasable","17":"product-type-simple"},"_links":{"self":[{"href":"https:\/\/roveyayinevi.com.tr\/index.php\/wp-json\/wp\/v2\/product\/780603","targetHints":{"allow":["GET"]}}],"collection":[{"href":"https:\/\/roveyayinevi.com.tr\/index.php\/wp-json\/wp\/v2\/product"}],"about":[{"href":"https:\/\/roveyayinevi.com.tr\/index.php\/wp-json\/wp\/v2\/types\/product"}],"wp:attachment":[{"href":"https:\/\/roveyayinevi.com.tr\/index.php\/wp-json\/wp\/v2\/media?parent=780603"}],"wp:term":[{"taxonomy":"product_brand","embeddable":true,"href":"https:\/\/roveyayinevi.com.tr\/index.php\/wp-json\/wp\/v2\/product_brand?post=780603"},{"taxonomy":"product_cat","embeddable":true,"href":"https:\/\/roveyayinevi.com.tr\/index.php\/wp-json\/wp\/v2\/product_cat?post=780603"},{"taxonomy":"product_tag","embeddable":true,"href":"https:\/\/roveyayinevi.com.tr\/index.php\/wp-json\/wp\/v2\/product_tag?post=780603"}],"curies":[{"name":"wp","href":"https:\/\/api.w.org\/{rel}","templated":true}]}}