{"id":780601,"date":"2026-01-20T03:27:15","date_gmt":"2026-01-20T00:27:15","guid":{"rendered":"https:\/\/roveyayinevi.com.tr\/index.php\/urun\/kaya-mekanigi-yerinde-deneyler\/"},"modified":"2026-04-16T02:55:35","modified_gmt":"2026-04-15T23:55:35","slug":"kaya-mekanigi-yerinde-deneyler","status":"publish","type":"product","link":"https:\/\/roveyayinevi.com.tr\/index.php\/urun\/kaya-mekanigi-yerinde-deneyler\/","title":{"rendered":"Kaya Mekani\u011fi &#8211; Yerinde Deneyler"},"content":{"rendered":"<p>Laboratuvarda yap\u0131lan kaya mekani\u011fi deneyleri ile kaya k\u00fctle \u00f6zellikleri tam olarak belirlenememektedir. Bu nedenle proje sahas\u0131nda (t\u00fcneller, barajlar, yeralt\u0131 bo\u015fluklar\u0131 vb.) kaya k\u00fctle deneyleri yap\u0131lmaktad\u0131r. Bu t\u00fcr deneylerin yap\u0131l\u0131\u015f\u0131 ve de\u011ferlendirilmesi hakk\u0131nda bilgi payla\u015f\u0131m\u0131 \u00e7ok azd\u0131r. Bu anlamda, uzun y\u0131llard\u0131r \u00e7al\u0131\u015fm\u0131\u015f oldu\u011fumuz Elektrik \u0130\u015fleri Et\u00fct \u0130daresi Genel M\u00fcd\u00fcrl\u00fc\u011f\u00fc ve Devlet Su \u0130\u015fleri Genel M\u00fcd\u00fcrl\u00fc\u011f\u00fcnde kazand\u0131\u011f\u0131m\u0131z uygulama ve teorik bilgileri, yerbilimciler ile payla\u015fmak istedik. Kitab\u0131m\u0131zda; Hidrolik Kriko Deneyi, Goodman Jack Dilatometre Deneyi, Oyo 200 Dilatometre Deneyi, Yerinde Blok Kesme Deneyi, Presiyometre Deneyi, Probex Kaya Presiyometresi (Dilatometre) Deneyi ve Kaya K\u00fctlede Ge\u00e7irimlilik Deneyleri Bas\u0131n\u00e7l\u0131 Deneyi (L\u00fcjyon Deneyi) teori ve uygulamal\u0131 \u00e7\u00f6z\u00fcmlerle a\u00e7\u0131klanm\u0131\u015ft\u0131r. Yerbilimcilere faydal\u0131 olmas\u0131 dileklerimizle.<\/p>\n","protected":false},"excerpt":{"rendered":"<p>Laboratuvarda yap\u0131lan kaya mekani\u011fi deneyleri ile kaya k\u00fctle \u00f6zellikleri tam olarak belirlenememektedir. Bu nedenle proje sahas\u0131nda (t\u00fcneller, barajlar, yeralt\u0131 bo\u015fluklar\u0131 vb.) kaya k\u00fctle deneyleri yap\u0131lmaktad\u0131r. Bu<span class=\"excerpt-hellip\"> [\u2026]<\/span><\/p>\n","protected":false},"featured_media":0,"template":"","meta":{"_monsterinsights_skip_tracking":false,"_monsterinsights_sitenote_active":false,"_monsterinsights_sitenote_note":"","_monsterinsights_sitenote_category":0},"product_brand":[],"product_cat":[12573,12566],"product_tag":[],"class_list":{"0":"post-780601","1":"product","2":"type-product","3":"status-publish","5":"product_cat-akademik-kitaplar","6":"product_cat-egitim","7":"pa_cilt-ciltsiz","8":"pa_tur-kitap","9":"pa_yayinevi-nobel-akademik-yayincilik","10":"pa_yazar-kolektif","12":"first","13":"instock","14":"sale","15":"shipping-taxable","16":"purchasable","17":"product-type-simple"},"_links":{"self":[{"href":"https:\/\/roveyayinevi.com.tr\/index.php\/wp-json\/wp\/v2\/product\/780601","targetHints":{"allow":["GET"]}}],"collection":[{"href":"https:\/\/roveyayinevi.com.tr\/index.php\/wp-json\/wp\/v2\/product"}],"about":[{"href":"https:\/\/roveyayinevi.com.tr\/index.php\/wp-json\/wp\/v2\/types\/product"}],"wp:attachment":[{"href":"https:\/\/roveyayinevi.com.tr\/index.php\/wp-json\/wp\/v2\/media?parent=780601"}],"wp:term":[{"taxonomy":"product_brand","embeddable":true,"href":"https:\/\/roveyayinevi.com.tr\/index.php\/wp-json\/wp\/v2\/product_brand?post=780601"},{"taxonomy":"product_cat","embeddable":true,"href":"https:\/\/roveyayinevi.com.tr\/index.php\/wp-json\/wp\/v2\/product_cat?post=780601"},{"taxonomy":"product_tag","embeddable":true,"href":"https:\/\/roveyayinevi.com.tr\/index.php\/wp-json\/wp\/v2\/product_tag?post=780601"}],"curies":[{"name":"wp","href":"https:\/\/api.w.org\/{rel}","templated":true}]}}