{"id":780596,"date":"2026-01-20T03:25:10","date_gmt":"2026-01-20T00:25:10","guid":{"rendered":"https:\/\/roveyayinevi.com.tr\/index.php\/urun\/peygamberligin-ispati\/"},"modified":"2026-04-16T02:53:48","modified_gmt":"2026-04-15T23:53:48","slug":"peygamberligin-ispati","status":"publish","type":"product","link":"https:\/\/roveyayinevi.com.tr\/index.php\/urun\/peygamberligin-ispati\/","title":{"rendered":"Peygamberli\u011fin \u0130spat\u0131"},"content":{"rendered":"<p>Hz. Muhammed (s.a.v.) bir haberle geldi: \u201cCebrail benimle g\u00f6r\u00fc\u015f\u00fcyor ve Allah\u2019tan vahiy getiriyor.\u201d dedi. Bu kitap bu \u201chaber\u201din de\u011ferlendirmesini yapmaktad\u0131r. Kendine ait bir metodu olan bu eserde sadece deliller ortaya at\u0131p b\u0131rak\u0131lmamaktad\u0131r. Bir gayr\u0131m\u00fcslimden gelebilecek muhtemel itirazlar kitap boyunca yazar taraf\u0131ndan kendisine y\u00f6neltilmi\u015f ve cevapland\u0131r\u0131lm\u0131\u015ft\u0131r. Deyim yerindeyse \u201ckapal\u0131 devre\u201d bir n\u00fcb\u00fcvvet ispat\u0131 y\u00f6ntemi aktar\u0131lm\u0131\u015ft\u0131r. Bu \u201chaber kurgusu\u201d d\u0131\u015f\u0131nda daha \u00f6nce i\u015faret edilmeyen baz\u0131 mucize iddialar\u0131 temellendirilmi\u015ftir. Yazar haber kayna\u011f\u0131 olarak kullanaca\u011f\u0131 Kur\u2019an\u2019\u0131n tahrif edilmedi\u011fini ispat etmektedir. Ayr\u0131ca \u0130slam tarihi verilerinin g\u00fcvenilirli\u011finin gayr\u0131m\u00fcslim bir okuyucuya anlat\u0131lmas\u0131n\u0131n zor olmas\u0131 sebebiyle tarih\u00ee arka plan M\u00fcsl\u00fcman olmayan yazarlardan nakillerle tasvir edilmi\u015ftir. Bu sayede gayr\u0131m\u00fcslimlerin s\u00f6zleri ile Hz. Muhammed\u2019in peygamberli\u011fi ispat edilmektedir.<\/p>\n","protected":false},"excerpt":{"rendered":"<p>Hz. Muhammed (s.a.v.) bir haberle geldi: \u201cCebrail benimle g\u00f6r\u00fc\u015f\u00fcyor ve Allah\u2019tan vahiy getiriyor.\u201d dedi. Bu kitap bu \u201chaber\u201din de\u011ferlendirmesini yapmaktad\u0131r. Kendine ait bir metodu olan bu<span class=\"excerpt-hellip\"> [\u2026]<\/span><\/p>\n","protected":false},"featured_media":0,"template":"","meta":{"_monsterinsights_skip_tracking":false,"_monsterinsights_sitenote_active":false,"_monsterinsights_sitenote_note":"","_monsterinsights_sitenote_category":0},"product_brand":[],"product_cat":[12718,12719],"product_tag":[],"class_list":{"0":"post-780596","1":"product","2":"type-product","3":"status-publish","5":"product_cat-din","6":"product_cat-islam","7":"pa_cilt-ciltsiz","8":"pa_tur-kitap","9":"pa_yayinevi-insan-yayinlari","10":"pa_yazar-altay-cem-meric","12":"first","13":"instock","14":"sale","15":"shipping-taxable","16":"purchasable","17":"product-type-simple"},"_links":{"self":[{"href":"https:\/\/roveyayinevi.com.tr\/index.php\/wp-json\/wp\/v2\/product\/780596","targetHints":{"allow":["GET"]}}],"collection":[{"href":"https:\/\/roveyayinevi.com.tr\/index.php\/wp-json\/wp\/v2\/product"}],"about":[{"href":"https:\/\/roveyayinevi.com.tr\/index.php\/wp-json\/wp\/v2\/types\/product"}],"wp:attachment":[{"href":"https:\/\/roveyayinevi.com.tr\/index.php\/wp-json\/wp\/v2\/media?parent=780596"}],"wp:term":[{"taxonomy":"product_brand","embeddable":true,"href":"https:\/\/roveyayinevi.com.tr\/index.php\/wp-json\/wp\/v2\/product_brand?post=780596"},{"taxonomy":"product_cat","embeddable":true,"href":"https:\/\/roveyayinevi.com.tr\/index.php\/wp-json\/wp\/v2\/product_cat?post=780596"},{"taxonomy":"product_tag","embeddable":true,"href":"https:\/\/roveyayinevi.com.tr\/index.php\/wp-json\/wp\/v2\/product_tag?post=780596"}],"curies":[{"name":"wp","href":"https:\/\/api.w.org\/{rel}","templated":true}]}}