{"id":780595,"date":"2026-01-20T03:25:07","date_gmt":"2026-01-20T00:25:07","guid":{"rendered":"https:\/\/roveyayinevi.com.tr\/index.php\/urun\/cocuk-universitesi-fizik-set-3-kitap\/"},"modified":"2026-04-16T02:53:46","modified_gmt":"2026-04-15T23:53:46","slug":"cocuk-universitesi-fizik-set-3-kitap","status":"publish","type":"product","link":"https:\/\/roveyayinevi.com.tr\/index.php\/urun\/cocuk-universitesi-fizik-set-3-kitap\/","title":{"rendered":"\u00c7ocuk \u00dcniversitesi Fizik Set (3 Kitap)"},"content":{"rendered":"<p>Fizik, i\u015fte bu kadar basit!\u00c7ekim Yasas\u0131, I\u015f\u0131k ve Enerji Kaynaklar\u0131!\u00dcnl\u00fc fizik\u00e7i \u0130saac Newton ile tan\u0131\u015fmaya haz\u0131r m\u0131s\u0131n?Peki, G\u00fcne\u015f olmasayd\u0131 neler olurdu? Foto\u011fraf\u00e7\u0131, pilot ve cerrah! Bu mesleklerin \u00e7al\u0131\u015f\u0131rken \u0131\u015f\u0131\u011fa ihtiyac\u0131 var!\u00c7evreyi kirletmeyen ve asla t\u00fckenmeyen enerji kaynaklar\u0131 oldu\u011funu biliyor muydun?Bu konuda bir \u015feyler yapabilecek en \u00f6nemli ki\u015fi sensin! Unutma!Bilimin En Kolay Hali, \u00c7ocuk \u00dcniversitesi Seti!<\/p>\n","protected":false},"excerpt":{"rendered":"<p>Fizik, i\u015fte bu kadar basit!\u00c7ekim Yasas\u0131, I\u015f\u0131k ve Enerji Kaynaklar\u0131!\u00dcnl\u00fc fizik\u00e7i \u0130saac Newton ile tan\u0131\u015fmaya haz\u0131r m\u0131s\u0131n?Peki, G\u00fcne\u015f olmasayd\u0131 neler olurdu? Foto\u011fraf\u00e7\u0131, pilot ve cerrah! Bu<span class=\"excerpt-hellip\"> [\u2026]<\/span><\/p>\n","protected":false},"featured_media":0,"template":"","meta":{"_monsterinsights_skip_tracking":false,"_monsterinsights_sitenote_active":false,"_monsterinsights_sitenote_note":"","_monsterinsights_sitenote_category":0},"product_brand":[],"product_cat":[12274,12523],"product_tag":[],"class_list":{"0":"post-780595","1":"product","2":"type-product","3":"status-publish","5":"product_cat-cocuk-ve-genclik-kitaplari","6":"product_cat-masallar","7":"pa_cilt-ciltsiz","8":"pa_tur-kitap","9":"pa_yayinevi-sincap-kitap","10":"pa_yazar-cagri-odabasi","12":"first","13":"instock","14":"sale","15":"shipping-taxable","16":"purchasable","17":"product-type-simple"},"_links":{"self":[{"href":"https:\/\/roveyayinevi.com.tr\/index.php\/wp-json\/wp\/v2\/product\/780595","targetHints":{"allow":["GET"]}}],"collection":[{"href":"https:\/\/roveyayinevi.com.tr\/index.php\/wp-json\/wp\/v2\/product"}],"about":[{"href":"https:\/\/roveyayinevi.com.tr\/index.php\/wp-json\/wp\/v2\/types\/product"}],"wp:attachment":[{"href":"https:\/\/roveyayinevi.com.tr\/index.php\/wp-json\/wp\/v2\/media?parent=780595"}],"wp:term":[{"taxonomy":"product_brand","embeddable":true,"href":"https:\/\/roveyayinevi.com.tr\/index.php\/wp-json\/wp\/v2\/product_brand?post=780595"},{"taxonomy":"product_cat","embeddable":true,"href":"https:\/\/roveyayinevi.com.tr\/index.php\/wp-json\/wp\/v2\/product_cat?post=780595"},{"taxonomy":"product_tag","embeddable":true,"href":"https:\/\/roveyayinevi.com.tr\/index.php\/wp-json\/wp\/v2\/product_tag?post=780595"}],"curies":[{"name":"wp","href":"https:\/\/api.w.org\/{rel}","templated":true}]}}