{"id":780593,"date":"2026-01-20T03:24:50","date_gmt":"2026-01-20T00:24:50","guid":{"rendered":"https:\/\/roveyayinevi.com.tr\/index.php\/urun\/gencler-okuyun-okumazsaniz-caniniza-okurlar\/"},"modified":"2026-04-05T02:58:33","modified_gmt":"2026-04-04T23:58:33","slug":"gencler-okuyun-okumazsaniz-caniniza-okurlar","status":"publish","type":"product","link":"https:\/\/roveyayinevi.com.tr\/index.php\/urun\/gencler-okuyun-okumazsaniz-caniniza-okurlar\/","title":{"rendered":"Gen\u00e7ler, Okuyun, Okumazsan\u0131z, Can\u0131n\u0131za Okurlar!"},"content":{"rendered":"<p>\u00d6zelde \u00fclkemizde, genelde t\u00fcm d\u00fcnyada pek \u00e7ok gen\u00e7, samimiyetle g\u00fcn\u00fcm\u00fcz problemlerine \u201cBir gen\u00e7, i\u00e7inde ya\u015fad\u0131\u011f\u0131 d\u00fcnyaya nas\u0131l bakmal\u0131, hangi de\u011ferlerin pe\u015finden gitmeli ve hangi sorular\u0131 sormal\u0131d\u0131r?\u201d \u015feklinde ifade edebilece\u011fimiz bir soru sormaktad\u0131r. Kendisine veya \u00e7evresine \u00f6zetle \u201cBen kimim ve ne olmal\u0131y\u0131m?\u201d \u015feklinde sorular y\u00f6neltmektedir ve ne yaz\u0131k ki \u00e7o\u011funlukla tatmin edici cevaplar\u0131 da bulamamaktad\u0131r.\u0130\u015fte bu ve benzer kayg\u0131lardan yola \u00e7\u0131k\u0131larak haz\u0131rlanan bu serideki kitaplar\u0131n \u00f6ncelikli hedef kitlesi, bu sorulara cevaplar arayan gen\u00e7lerdir. Gen\u00e7lere, farkl\u0131 meselelere ili\u015fkin sorular sorup cevaplar bulmaya \u00e7al\u0131\u015fan bu kitaplarda, dogmatik ve fanatik bir anlay\u0131\u015f\u0131n benimsenmedi\u011fini ve alternatif g\u00f6r\u00fc\u015fleri tekle\u015ftiren y\u00f6ntemlerden de ka\u00e7\u0131n\u0131ld\u0131\u011f\u0131n\u0131 belirtmek isteriz. Bundan \u00f6t\u00fcr\u00fc serideki kitaplar haz\u0131rlan\u0131rken propaganda dilinden uzak durulmu\u015f, samimi bir hakikat aray\u0131\u015f\u0131n\u0131n evrensel normlar\u0131 propaganda de\u011fil telkin edilmeye \u00e7al\u0131\u015f\u0131lm\u0131\u015ft\u0131r. Bu serideki kitaplar, gen\u00e7lerin kendi samimi anlam aray\u0131\u015flar\u0131na bir bak\u0131\u015f a\u00e7\u0131s\u0131 sunmak istemektedir. Onlar\u0131, temel insani hassasiyetler \u00fczerinde d\u00fc\u015f\u00fcnmeye ve ara\u015ft\u0131rmaya sevk etmek de serideki kitaplar\u0131n ve bu kitaplara emek verenlerin \u00f6zel ama\u00e7lar\u0131 aras\u0131nda yer almaktad\u0131r.                       GEN\u00c7L\u0130K SER\u0130S\u01301 &#8211; Gen\u00e7ler, Merhamet Edin ki, Merhamet Olunas\u0131n\u0131z! 2 &#8211; Gen\u00e7ler, Tarihinizi \u00d6\u011frenin, Yoksa Ba\u015fkalar\u0131 Tarihlerini \u00d6\u011fretirler! 3 &#8211; Gen\u00e7ler, Payla\u015fmay\u0131 Bilin, Yoksa Payla\u015f\u0131l\u0131rs\u0131n\u0131z! 4 &#8211; Gen\u00e7ler, \u00d6zg\u00fcr Olmak m\u0131 \u0130stiyorsunuz, \u0130badet Edin! 5 &#8211; Gen\u00e7ler, Adil Olun, Ad\u0131n\u0131z \u00d6mer Olsun!6 &#8211; Gen\u00e7ler, D\u00fcnyaya Teslim Olmay\u0131n, Teslim Al\u0131n!7 &#8211; Gen\u00e7ler, Hayat Bir \u0130nan\u00e7 Yolculu\u011fudur, Do\u011fru Yol\u2019dan Ayr\u0131lmay\u0131n!8 &#8211; Gen\u00e7ler, Sizi Leylekler Getirmedi, Bir Aileniz Oldu\u011funu Unutmay\u0131n! 9 &#8211; Gen\u00e7ler, Ak\u0131l Bir \u015eeydir, Kalp Her \u015eey! 10 &#8211; Gen\u00e7ler, \u0130yili\u011finizi \u0130stiyorlar, Sak\u0131n Vermeyin! 11 &#8211; Gen\u00e7ler, Okuyun, Okumazsan\u0131z, Can\u0131n\u0131za Okurlar! 12 &#8211; Gen\u00e7ler, Etraf\u0131n\u0131z Sar\u0131ld\u0131, Sak\u0131n Teslim Olmay\u0131n!<\/p>\n","protected":false},"excerpt":{"rendered":"<p>\u00d6zelde \u00fclkemizde, genelde t\u00fcm d\u00fcnyada pek \u00e7ok gen\u00e7, samimiyetle g\u00fcn\u00fcm\u00fcz problemlerine \u201cBir gen\u00e7, i\u00e7inde ya\u015fad\u0131\u011f\u0131 d\u00fcnyaya nas\u0131l bakmal\u0131, hangi de\u011ferlerin pe\u015finden gitmeli ve hangi sorular\u0131 sormal\u0131d\u0131r?\u201d<span class=\"excerpt-hellip\"> [\u2026]<\/span><\/p>\n","protected":false},"featured_media":0,"template":"","meta":{"_monsterinsights_skip_tracking":false,"_monsterinsights_sitenote_active":false,"_monsterinsights_sitenote_note":"","_monsterinsights_sitenote_category":0},"product_brand":[],"product_cat":[12364,12376],"product_tag":[],"class_list":{"0":"post-780593","1":"product","2":"type-product","3":"status-publish","5":"product_cat-genel-konular","6":"product_cat-kisisel-gelisim","7":"pa_cilt-ciltsiz","8":"pa_tur-kitap","9":"pa_yayinevi-beyan-yayinlari","10":"pa_yazar-adem-dere","12":"first","13":"instock","14":"sale","15":"shipping-taxable","16":"purchasable","17":"product-type-simple"},"_links":{"self":[{"href":"https:\/\/roveyayinevi.com.tr\/index.php\/wp-json\/wp\/v2\/product\/780593","targetHints":{"allow":["GET"]}}],"collection":[{"href":"https:\/\/roveyayinevi.com.tr\/index.php\/wp-json\/wp\/v2\/product"}],"about":[{"href":"https:\/\/roveyayinevi.com.tr\/index.php\/wp-json\/wp\/v2\/types\/product"}],"wp:attachment":[{"href":"https:\/\/roveyayinevi.com.tr\/index.php\/wp-json\/wp\/v2\/media?parent=780593"}],"wp:term":[{"taxonomy":"product_brand","embeddable":true,"href":"https:\/\/roveyayinevi.com.tr\/index.php\/wp-json\/wp\/v2\/product_brand?post=780593"},{"taxonomy":"product_cat","embeddable":true,"href":"https:\/\/roveyayinevi.com.tr\/index.php\/wp-json\/wp\/v2\/product_cat?post=780593"},{"taxonomy":"product_tag","embeddable":true,"href":"https:\/\/roveyayinevi.com.tr\/index.php\/wp-json\/wp\/v2\/product_tag?post=780593"}],"curies":[{"name":"wp","href":"https:\/\/api.w.org\/{rel}","templated":true}]}}