{"id":780592,"date":"2026-01-20T03:23:10","date_gmt":"2026-01-20T00:23:10","guid":{"rendered":"https:\/\/roveyayinevi.com.tr\/index.php\/urun\/ermenek-yoruk-agzi\/"},"modified":"2026-04-16T02:52:35","modified_gmt":"2026-04-15T23:52:35","slug":"ermenek-yoruk-agzi","status":"publish","type":"product","link":"https:\/\/roveyayinevi.com.tr\/index.php\/urun\/ermenek-yoruk-agzi\/","title":{"rendered":"Ermenek Y\u00f6r\u00fck A\u011fz\u0131"},"content":{"rendered":"<p>\u0130\u00e7indekiler   1.      GENEL \u00d6ZELL\u0130KLER\u0130YLE ERMENEK 2.      D\u0130L \u0130NCELEMES\u0130 3.      MET\u0130NLER 4.      S\u00d6ZL\u00dcK   <\/p>\n","protected":false},"excerpt":{"rendered":"<p>\u0130\u00e7indekiler 1. GENEL \u00d6ZELL\u0130KLER\u0130YLE ERMENEK 2. D\u0130L \u0130NCELEMES\u0130 3. MET\u0130NLER 4. S\u00d6ZL\u00dcK<\/p>\n","protected":false},"featured_media":0,"template":"","meta":{"_monsterinsights_skip_tracking":false,"_monsterinsights_sitenote_active":false,"_monsterinsights_sitenote_note":"","_monsterinsights_sitenote_category":0},"product_brand":[],"product_cat":[12573,12566],"product_tag":[],"class_list":{"0":"post-780592","1":"product","2":"type-product","3":"status-publish","5":"product_cat-akademik-kitaplar","6":"product_cat-egitim","7":"pa_cilt-ciltsiz","8":"pa_tur-kitap","9":"pa_yayinevi-gazi-kitabevi","10":"pa_yazar-nazmi-alan","12":"first","13":"instock","14":"sale","15":"shipping-taxable","16":"purchasable","17":"product-type-simple"},"_links":{"self":[{"href":"https:\/\/roveyayinevi.com.tr\/index.php\/wp-json\/wp\/v2\/product\/780592","targetHints":{"allow":["GET"]}}],"collection":[{"href":"https:\/\/roveyayinevi.com.tr\/index.php\/wp-json\/wp\/v2\/product"}],"about":[{"href":"https:\/\/roveyayinevi.com.tr\/index.php\/wp-json\/wp\/v2\/types\/product"}],"wp:attachment":[{"href":"https:\/\/roveyayinevi.com.tr\/index.php\/wp-json\/wp\/v2\/media?parent=780592"}],"wp:term":[{"taxonomy":"product_brand","embeddable":true,"href":"https:\/\/roveyayinevi.com.tr\/index.php\/wp-json\/wp\/v2\/product_brand?post=780592"},{"taxonomy":"product_cat","embeddable":true,"href":"https:\/\/roveyayinevi.com.tr\/index.php\/wp-json\/wp\/v2\/product_cat?post=780592"},{"taxonomy":"product_tag","embeddable":true,"href":"https:\/\/roveyayinevi.com.tr\/index.php\/wp-json\/wp\/v2\/product_tag?post=780592"}],"curies":[{"name":"wp","href":"https:\/\/api.w.org\/{rel}","templated":true}]}}